{"id":570,"date":"2016-02-25T14:25:49","date_gmt":"2016-02-25T14:25:49","guid":{"rendered":"http:\/\/www.transmanche.net\/fr\/?page_id=570"},"modified":"2022-12-27T19:11:39","modified_gmt":"2022-12-27T19:11:39","slug":"societe","status":"publish","type":"page","link":"https:\/\/www.edwardsmay.eu\/fr\/societe\/","title":{"rendered":"Soci\u00e9t\u00e9"},"content":{"rendered":"<p>[et_pb_section fb_built=\u00a0\u00bb1&Prime; admin_label=\u00a0\u00bbsection\u00a0\u00bb _builder_version=\u00a0\u00bb4.16&Prime; global_colors_info=\u00a0\u00bb{}\u00a0\u00bb][et_pb_row admin_label=\u00a0\u00bbrow\u00a0\u00bb _builder_version=\u00a0\u00bb4.16&Prime; background_size=\u00a0\u00bbinitial\u00a0\u00bb background_position=\u00a0\u00bbtop_left\u00a0\u00bb background_repeat=\u00a0\u00bbrepeat\u00a0\u00bb global_colors_info=\u00a0\u00bb{}\u00a0\u00bb][et_pb_column type=\u00a0\u00bb4_4&Prime; _builder_version=\u00a0\u00bb4.16&Prime; custom_padding=\u00a0\u00bb|||\u00a0\u00bb global_colors_info=\u00a0\u00bb{}\u00a0\u00bb custom_padding__hover=\u00a0\u00bb|||\u00a0\u00bb][et_pb_text admin_label=\u00a0\u00bbText\u00a0\u00bb _builder_version=\u00a0\u00bb4.16&Prime; background_size=\u00a0\u00bbinitial\u00a0\u00bb background_position=\u00a0\u00bbtop_left\u00a0\u00bb background_repeat=\u00a0\u00bbrepeat\u00a0\u00bb global_colors_info=\u00a0\u00bb{}\u00a0\u00bb]<\/p>\n<h1>Les voies navigables du monde \u2013 une vocation<\/h1>\n<p>[\/et_pb_text][\/et_pb_column][\/et_pb_row][et_pb_row column_structure=\u00a0\u00bb2_3,1_3&Prime; admin_label=\u00a0\u00bbrow\u00a0\u00bb _builder_version=\u00a0\u00bb4.16&Prime; background_size=\u00a0\u00bbinitial\u00a0\u00bb background_position=\u00a0\u00bbtop_left\u00a0\u00bb background_repeat=\u00a0\u00bbrepeat\u00a0\u00bb global_colors_info=\u00a0\u00bb{}\u00a0\u00bb][et_pb_column type=\u00a0\u00bb2_3&Prime; _builder_version=\u00a0\u00bb4.16&Prime; custom_padding=\u00a0\u00bb|||\u00a0\u00bb global_colors_info=\u00a0\u00bb{}\u00a0\u00bb custom_padding__hover=\u00a0\u00bb|||\u00a0\u00bb][et_pb_image src=\u00a0\u00bbhttp:\/\/www.edwardsmay.eu\/app\/uploads\/2015\/04\/grenoble-130216-1.jpg\u00a0\u00bb title_text=\u00a0\u00bbDavid Edwards-May, Grenoble\u00a0\u00bb align_tablet=\u00a0\u00bbcenter\u00a0\u00bb align_phone=\u00a0\u00bbcenter\u00a0\u00bb align_last_edited=\u00a0\u00bbon|desktop\u00a0\u00bb admin_label=\u00a0\u00bbImage\u00a0\u00bb _builder_version=\u00a0\u00bb4.16&Prime; animation_style=\u00a0\u00bbslide\u00a0\u00bb animation_direction=\u00a0\u00bbleft\u00a0\u00bb animation_duration=\u00a0\u00bb500ms\u00a0\u00bb animation_intensity_slide=\u00a0\u00bb10%\u00a0\u00bb use_border_color=\u00a0\u00bboff\u00a0\u00bb border_color=\u00a0\u00bb#ffffff\u00a0\u00bb border_style=\u00a0\u00bbsolid\u00a0\u00bb animation=\u00a0\u00bbleft\u00a0\u00bb sticky=\u00a0\u00bboff\u00a0\u00bb always_center_on_mobile=\u00a0\u00bbon\u00a0\u00bb global_colors_info=\u00a0\u00bb{}\u00a0\u00bb] [\/et_pb_image][et_pb_text admin_label=\u00a0\u00bbText\u00a0\u00bb _builder_version=\u00a0\u00bb4.19.4&Prime; background_size=\u00a0\u00bbinitial\u00a0\u00bb background_position=\u00a0\u00bbtop_left\u00a0\u00bb background_repeat=\u00a0\u00bbrepeat\u00a0\u00bb hover_enabled=\u00a0\u00bb0&Prime; global_colors_info=\u00a0\u00bb{}\u00a0\u00bb sticky_enabled=\u00a0\u00bb0&Prime;]<\/p>\n<div style=\"text-align: justify;\" align=\"left\">\n<div style=\"text-align: left;\">David Edwards-May est consultant et \u00e9diteur dans le domaine des voies navigables pour le transport et le tourisme fluvial. Ses premi\u00e8res missions \u00a0remontent en 1985. En 1993 il fonde Euromapping qui devient l&rsquo;un des premiers cabinets europ\u00e9ens de conseil dans ce domaine. L&rsquo;entreprise s&rsquo;est \u00e9galement forg\u00e9e une r\u00e9putation mondiale en \u00e9ditant des cartes des grands r\u00e9seaux fluviaux et d&rsquo;ouvrages de r\u00e9f\u00e9rence de qualit\u00e9, qui peuvent \u00eatre achet\u00e9s sur ce site. La 6e \u00e9dition de la carte et de la notice descriptive des voies navigables europ\u00e9ennes a \u00e9t\u00e9 publi\u00e9e par le partenaire Imray en 2020.<\/div>\n<div style=\"text-align: left;\">Les \u00e9tudes et expertises men\u00e9es par David Edwards-May, expert dans ce domaine depuis pr\u00e8s de 40 ans, ont contribu\u00e9 \u00e0 la valorisation des diff\u00e9rentes fonctions de la voie navigable : transport, tourisme, loisirs et renouvellement urbain.<\/div>\n<div style=\"text-align: left;\">La remise en navigabilit\u00e9 de la rivi\u00e8re Lot, l&rsquo;inscription du canal du Midi au patrimoine mondial de l&rsquo;UNESCO, la r\u00e9habilitation du canal de Roubaix et l&rsquo;organisation de la Conf\u00e9rence mondiale des canaux en Serbie en 2009, et \u00e0 Toulouse en 2013, doivent beaucoup au travail men\u00e9 au fil des ann\u00e9es.<\/div>\n<div style=\"text-align: left;\">Cette exp\u00e9rience et ce savoir-faire sont mis \u00e0 la disposition de ma\u00eetres d&rsquo;ouvrage et de groupements de cabinets conseil pour des projets d&rsquo;am\u00e9nagement sur ou autour des voies navigables et de leurs sites patrimoniaux.<\/div>\n<div>\u00a0<\/div>\n<div style=\"text-align: left;\">David Edwards-May a \u00e9t\u00e9 coordinateur technique de divers programmes de l&rsquo;UE (tels que \u00ab Voies d&rsquo;eau vivantes \u00bb (<strong><a href=\"http:\/\/www.worldcanals.org\/vev\/\" target=\"_blank\" rel=\"noopener\">VEV<\/a><\/strong>) qui a r\u00e9uni 11 partenaires de cinq pays (programme \u00ab Terra \u00bb men\u00e9 entre 1998 et 2002), et Blue Links, pour la conception et l&rsquo;accompagnement de la restauration du canal de Roubaix.<\/div>\n<div>\u00a0<\/div>\n<div style=\"text-align: left;\">Il a pr\u00e9sid\u00e9 le groupe de travail <strong><a href=\"http:\/\/www.pianc.org\/\" target=\"_blank\" rel=\"noopener\">PIANC<\/a><\/strong>\/AIPCN sur les normes pour les voies navigables r\u00e9cr\u00e9atives, a \u00e9t\u00e9 pr\u00e9sident d&rsquo;<strong><a href=\"http:\/\/www.inlandwaterwaysinternational.org\/\" target=\"_blank\" rel=\"noopener\">Inland Waterways International<\/a><\/strong>\u00a0de 2016 \u00e0 2020, et pr\u00e9side actuellement le groupe de travail PIANC\/IWI sur l&rsquo;extension des valeurs des voies navigables int\u00e9rieures \u00e0 faible utilisation.<\/div>\n<\/div>\n<div style=\"text-align: left;\" align=\"left\">\n<div>\n<p>Portable +33 603 600098<\/p>\n<\/div>\n<p>Email: david[at]edwardsmay.eu<\/p>\n<\/div>\n<div style=\"text-align: left;\" align=\"left\">\u00a0<\/div>\n<p>[\/et_pb_text][\/et_pb_column][et_pb_column type=\u00a0\u00bb1_3&Prime; _builder_version=\u00a0\u00bb4.16&Prime; custom_padding=\u00a0\u00bb|||\u00a0\u00bb global_colors_info=\u00a0\u00bb{}\u00a0\u00bb custom_padding__hover=\u00a0\u00bb|||\u00a0\u00bb]<\/p>\n<p>[et_pb_sidebar area=\u00a0\u00bbsidebar-1&Prime; admin_label=\u00a0\u00bbSidebar\u00a0\u00bb _builder_version=\u00a0\u00bb4.16&Prime; global_colors_info=\u00a0\u00bb{}\u00a0\u00bb] [\/et_pb_sidebar]<\/p>\n<p>[\/et_pb_column][\/et_pb_row][\/et_pb_section]<\/p>\n","protected":false},"excerpt":{"rendered":"<p>Les voies navigables du monde \u2013 une vocation David Edwards-May est consultant et \u00e9diteur dans le domaine des voies navigables pour le transport et le tourisme fluvial. Ses premi\u00e8res missions \u00a0remontent en 1985. En 1993 il fonde Euromapping qui devient l&rsquo;un des premiers cabinets europ\u00e9ens de conseil dans ce domaine. L&rsquo;entreprise s&rsquo;est \u00e9galement forg\u00e9e une [&hellip;]<\/p>\n","protected":false},"author":1,"featured_media":0,"parent":0,"menu_order":0,"comment_status":"closed","ping_status":"closed","template":"","meta":{"_et_pb_use_builder":"on","_et_pb_old_content":"","_et_gb_content_width":"","footnotes":""},"yoast_head":"<!-- This site is optimized with the Yoast SEO plugin v21.2 - https:\/\/yoast.com\/wordpress\/plugins\/seo\/ -->\n<title>Soci\u00e9t\u00e9 - Edwards-May Publications<\/title>\n<meta name=\"description\" content=\"40 ans d&#039;activit\u00e9 de conseil et d&#039;\u00e9dition dans le domaine des voies navigables, en France et \u00e0 l&#039;international, pendant 20 ans en tant que Euromapping\" \/>\n<meta name=\"robots\" content=\"index, follow, max-snippet:-1, max-image-preview:large, max-video-preview:-1\" \/>\n<link rel=\"canonical\" href=\"https:\/\/www.edwardsmay.eu\/fr\/societe\/\" \/>\n<meta property=\"og:locale\" content=\"fr_FR\" \/>\n<meta property=\"og:type\" content=\"article\" \/>\n<meta property=\"og:title\" content=\"Soci\u00e9t\u00e9 - Edwards-May Publications\" \/>\n<meta property=\"og:description\" content=\"40 ans d&#039;activit\u00e9 de conseil et d&#039;\u00e9dition dans le domaine des voies navigables, en France et \u00e0 l&#039;international, pendant 20 ans en tant que Euromapping\" \/>\n<meta property=\"og:url\" content=\"https:\/\/www.edwardsmay.eu\/fr\/societe\/\" \/>\n<meta property=\"og:site_name\" content=\"Edwards-May Publications\" \/>\n<meta property=\"article:modified_time\" content=\"2022-12-27T19:11:39+00:00\" \/>\n<meta name=\"twitter:card\" content=\"summary_large_image\" \/>\n<meta name=\"twitter:label1\" content=\"Dur\u00e9e de lecture estim\u00e9e\" \/>\n\t<meta name=\"twitter:data1\" content=\"3 minutes\" \/>\n<script type=\"application\/ld+json\" class=\"yoast-schema-graph\">{\"@context\":\"https:\/\/schema.org\",\"@graph\":[{\"@type\":\"WebPage\",\"@id\":\"https:\/\/www.edwardsmay.eu\/fr\/societe\/\",\"url\":\"https:\/\/www.edwardsmay.eu\/fr\/societe\/\",\"name\":\"Soci\u00e9t\u00e9 - Edwards-May Publications\",\"isPartOf\":{\"@id\":\"https:\/\/www.edwardsmay.eu\/fr\/#website\"},\"datePublished\":\"2016-02-25T14:25:49+00:00\",\"dateModified\":\"2022-12-27T19:11:39+00:00\",\"description\":\"40 ans d'activit\u00e9 de conseil et d'\u00e9dition dans le domaine des voies navigables, en France et \u00e0 l'international, pendant 20 ans en tant que Euromapping\",\"breadcrumb\":{\"@id\":\"https:\/\/www.edwardsmay.eu\/fr\/societe\/#breadcrumb\"},\"inLanguage\":\"fr-FR\",\"potentialAction\":[{\"@type\":\"ReadAction\",\"target\":[\"https:\/\/www.edwardsmay.eu\/fr\/societe\/\"]}]},{\"@type\":\"BreadcrumbList\",\"@id\":\"https:\/\/www.edwardsmay.eu\/fr\/societe\/#breadcrumb\",\"itemListElement\":[{\"@type\":\"ListItem\",\"position\":1,\"name\":\"Home\",\"item\":\"https:\/\/www.edwardsmay.eu\/fr\/\"},{\"@type\":\"ListItem\",\"position\":2,\"name\":\"Soci\u00e9t\u00e9\"}]},{\"@type\":\"WebSite\",\"@id\":\"https:\/\/www.edwardsmay.eu\/fr\/#website\",\"url\":\"https:\/\/www.edwardsmay.eu\/fr\/\",\"name\":\"Edwards-May Publications\",\"description\":\"\",\"potentialAction\":[{\"@type\":\"SearchAction\",\"target\":{\"@type\":\"EntryPoint\",\"urlTemplate\":\"https:\/\/www.edwardsmay.eu\/fr\/?s={search_term_string}\"},\"query-input\":\"required name=search_term_string\"}],\"inLanguage\":\"fr-FR\"}]}<\/script>\n<!-- \/ Yoast SEO plugin. -->","yoast_head_json":{"title":"Soci\u00e9t\u00e9 - Edwards-May Publications","description":"40 ans d'activit\u00e9 de conseil et d'\u00e9dition dans le domaine des voies navigables, en France et \u00e0 l'international, pendant 20 ans en tant que Euromapping","robots":{"index":"index","follow":"follow","max-snippet":"max-snippet:-1","max-image-preview":"max-image-preview:large","max-video-preview":"max-video-preview:-1"},"canonical":"https:\/\/www.edwardsmay.eu\/fr\/societe\/","og_locale":"fr_FR","og_type":"article","og_title":"Soci\u00e9t\u00e9 - Edwards-May Publications","og_description":"40 ans d'activit\u00e9 de conseil et d'\u00e9dition dans le domaine des voies navigables, en France et \u00e0 l'international, pendant 20 ans en tant que Euromapping","og_url":"https:\/\/www.edwardsmay.eu\/fr\/societe\/","og_site_name":"Edwards-May Publications","article_modified_time":"2022-12-27T19:11:39+00:00","twitter_card":"summary_large_image","twitter_misc":{"Dur\u00e9e de lecture estim\u00e9e":"3 minutes"},"schema":{"@context":"https:\/\/schema.org","@graph":[{"@type":"WebPage","@id":"https:\/\/www.edwardsmay.eu\/fr\/societe\/","url":"https:\/\/www.edwardsmay.eu\/fr\/societe\/","name":"Soci\u00e9t\u00e9 - Edwards-May Publications","isPartOf":{"@id":"https:\/\/www.edwardsmay.eu\/fr\/#website"},"datePublished":"2016-02-25T14:25:49+00:00","dateModified":"2022-12-27T19:11:39+00:00","description":"40 ans d'activit\u00e9 de conseil et d'\u00e9dition dans le domaine des voies navigables, en France et \u00e0 l'international, pendant 20 ans en tant que Euromapping","breadcrumb":{"@id":"https:\/\/www.edwardsmay.eu\/fr\/societe\/#breadcrumb"},"inLanguage":"fr-FR","potentialAction":[{"@type":"ReadAction","target":["https:\/\/www.edwardsmay.eu\/fr\/societe\/"]}]},{"@type":"BreadcrumbList","@id":"https:\/\/www.edwardsmay.eu\/fr\/societe\/#breadcrumb","itemListElement":[{"@type":"ListItem","position":1,"name":"Home","item":"https:\/\/www.edwardsmay.eu\/fr\/"},{"@type":"ListItem","position":2,"name":"Soci\u00e9t\u00e9"}]},{"@type":"WebSite","@id":"https:\/\/www.edwardsmay.eu\/fr\/#website","url":"https:\/\/www.edwardsmay.eu\/fr\/","name":"Edwards-May Publications","description":"","potentialAction":[{"@type":"SearchAction","target":{"@type":"EntryPoint","urlTemplate":"https:\/\/www.edwardsmay.eu\/fr\/?s={search_term_string}"},"query-input":"required name=search_term_string"}],"inLanguage":"fr-FR"}]}},"_links":{"self":[{"href":"https:\/\/www.edwardsmay.eu\/fr\/wp-json\/wp\/v2\/pages\/570"}],"collection":[{"href":"https:\/\/www.edwardsmay.eu\/fr\/wp-json\/wp\/v2\/pages"}],"about":[{"href":"https:\/\/www.edwardsmay.eu\/fr\/wp-json\/wp\/v2\/types\/page"}],"author":[{"embeddable":true,"href":"https:\/\/www.edwardsmay.eu\/fr\/wp-json\/wp\/v2\/users\/1"}],"replies":[{"embeddable":true,"href":"https:\/\/www.edwardsmay.eu\/fr\/wp-json\/wp\/v2\/comments?post=570"}],"version-history":[{"count":8,"href":"https:\/\/www.edwardsmay.eu\/fr\/wp-json\/wp\/v2\/pages\/570\/revisions"}],"predecessor-version":[{"id":1330,"href":"https:\/\/www.edwardsmay.eu\/fr\/wp-json\/wp\/v2\/pages\/570\/revisions\/1330"}],"wp:attachment":[{"href":"https:\/\/www.edwardsmay.eu\/fr\/wp-json\/wp\/v2\/media?parent=570"}],"curies":[{"name":"wp","href":"https:\/\/api.w.org\/{rel}","templated":true}]}}