{"id":576,"date":"2016-02-25T14:32:58","date_gmt":"2016-02-25T14:32:58","guid":{"rendered":"http:\/\/www.transmanche.net\/fr\/?page_id=576"},"modified":"2016-03-04T11:14:27","modified_gmt":"2016-03-04T11:14:27","slug":"consultations","status":"publish","type":"page","link":"https:\/\/www.edwardsmay.eu\/fr\/consultations\/","title":{"rendered":"Consultations"},"content":{"rendered":"<p>[et_pb_section admin_label=\u00a0\u00bbsection\u00a0\u00bb][et_pb_row admin_label=\u00a0\u00bbrow\u00a0\u00bb][et_pb_column type=\u00a0\u00bb4_4&Prime;][et_pb_text admin_label=\u00a0\u00bbTitle\u00a0\u00bb background_layout=\u00a0\u00bblight\u00a0\u00bb text_orientation=\u00a0\u00bbleft\u00a0\u00bb text_font_size=\u00a0\u00bb14&Prime; use_border_color=\u00a0\u00bboff\u00a0\u00bb border_color=\u00a0\u00bb#ffffff\u00a0\u00bb border_style=\u00a0\u00bbsolid\u00a0\u00bb]<\/p>\n<h1>Consultations en France et \u00e0 l&rsquo;\u00e9tranger<\/h1>\n<p>[\/et_pb_text][et_pb_text admin_label=\u00a0\u00bbIntroduction text\u00a0\u00bb background_layout=\u00a0\u00bblight\u00a0\u00bb text_orientation=\u00a0\u00bbleft\u00a0\u00bb text_font_size=\u00a0\u00bb14&Prime; use_border_color=\u00a0\u00bboff\u00a0\u00bb border_color=\u00a0\u00bb#ffffff\u00a0\u00bb border_style=\u00a0\u00bbsolid\u00a0\u00bb]<\/p>\n<address>Euromapping played a key role in running the <strong>World Canals Conference (WCC13) <\/strong> in Toulouse, on 16-19 September, 2013. The contract with the conference organisers So*Toulouse followed many years of <strong>studies<\/strong> and <strong>expert appraisals<\/strong> to local authorities and the other stakeholders on the waterways from Bordeaux to S\u00e8te.<\/address>\n<p>Closing the event in Toulouse on 19 September 2013, the partners thanked Euromapping for its r\u00f4le in assembling and running the event: definition of the programme, scientific committee, communication, coordination of contributions and even simultaneous interpreting. Four days of exchanges, debates and site visits, appreciated by more than 250 delegates.<\/p>\n<p><a title=\"Company\" href=\"http:\/\/www.edwardsmay.eu\/company\/\">&gt;&gt; read the company profile<\/a><\/p>\n<p>[\/et_pb_text][\/et_pb_column][\/et_pb_row][et_pb_row admin_label=\u00a0\u00bbrow\u00a0\u00bb][et_pb_column type=\u00a0\u00bb1_2&Prime;][et_pb_image admin_label=\u00a0\u00bbImage\u00a0\u00bb src=\u00a0\u00bbhttp:\/\/www.edwardsmay.eu\/app\/uploads\/2015\/04\/mosaicHome.jpg\u00a0\u00bb show_in_lightbox=\u00a0\u00bboff\u00a0\u00bb url_new_window=\u00a0\u00bboff\u00a0\u00bb animation=\u00a0\u00bbleft\u00a0\u00bb sticky=\u00a0\u00bboff\u00a0\u00bb] [\/et_pb_image][\/et_pb_column][et_pb_column type=\u00a0\u00bb1_2&Prime;][et_pb_text admin_label=\u00a0\u00bbText\u00a0\u00bb background_layout=\u00a0\u00bblight\u00a0\u00bb text_orientation=\u00a0\u00bbleft\u00a0\u00bb text_font_size=\u00a0\u00bb14&Prime; use_border_color=\u00a0\u00bboff\u00a0\u00bb border_color=\u00a0\u00bb#ffffff\u00a0\u00bb border_style=\u00a0\u00bbsolid\u00a0\u00bb]<\/p>\n<p style=\"text-align: justify;\"><strong>1<\/strong><br \/>\nSylvia Pinel, the French Minister of Crafts, Trade and Tourism, addresses 200 delegates at the opening of the World Canals Conference WCC13 in Toulouse on 16 September 2013.<br \/>\n<strong>2<\/strong><br \/>\nThe &lsquo;Waterway Village&rsquo; at the Port Saint-Sauveur was a showcase for VNF and waterway businesses as well as for boating associations and tourist offices. VNF&rsquo;s barge Na\u00efade had an exhibition on the ecology of the canal du Midi.<br \/>\n<strong>3<\/strong><br \/>\nThe diseased plane-trees along the Canal du Midi and how to fund their replacement (estimated budget of \u20ac220 million) were a major topic of conversation at VNF&rsquo;s stands, in the Waterway Village as well as in the conference centre. These specilmens were observed during the pre-conference tour near Colombiers.<br \/>\n<strong>4<\/strong><br \/>\nElected representatives of the &lsquo;Syndicat Mixte&rsquo; of the Lot Valley in Aveyron, chaired by Jean-Claude Couchet, welcomed the post-conference tour participants for a cruise between Flagnac and Boisse-Penchot on Sunday, September 22. English, American, Canadian , Irish and Chinese delegates &lsquo;adopted&rsquo; the Lot navigation in Aveyron and expressed their full support for completion of the rehabilitation works upstream of the lock at Laroque-Bouillac . Photo by Sylvain Blanchard aboard the electric boat Olt.<\/p>\n<p>[\/et_pb_text][\/et_pb_column][\/et_pb_row][et_pb_row admin_label=\u00a0\u00bbrow\u00a0\u00bb][et_pb_column type=\u00a0\u00bb4_4&Prime;][et_pb_divider admin_label=\u00a0\u00bbDivider\u00a0\u00bb color=\u00a0\u00bb#efefef\u00a0\u00bb show_divider=\u00a0\u00bbon\u00a0\u00bb] [\/et_pb_divider][\/et_pb_column][\/et_pb_row][et_pb_row admin_label=\u00a0\u00bbrow\u00a0\u00bb][et_pb_column type=\u00a0\u00bb1_4&Prime;][et_pb_image admin_label=\u00a0\u00bbImage\u00a0\u00bb src=\u00a0\u00bbhttp:\/\/www.edwardsmay.eu\/app\/uploads\/2015\/04\/NarrowBoat.jpg\u00a0\u00bb show_in_lightbox=\u00a0\u00bboff\u00a0\u00bb url_new_window=\u00a0\u00bboff\u00a0\u00bb animation=\u00a0\u00bbleft\u00a0\u00bb sticky=\u00a0\u00bboff\u00a0\u00bb] [\/et_pb_image][\/et_pb_column][et_pb_column type=\u00a0\u00bb3_4&Prime;][et_pb_text admin_label=\u00a0\u00bbText\u00a0\u00bb background_layout=\u00a0\u00bblight\u00a0\u00bb text_orientation=\u00a0\u00bbleft\u00a0\u00bb text_font_size=\u00a0\u00bb14&Prime; use_border_color=\u00a0\u00bboff\u00a0\u00bb border_color=\u00a0\u00bb#ffffff\u00a0\u00bb border_style=\u00a0\u00bbsolid\u00a0\u00bb]<\/p>\n<p style=\"text-align: justify;\">Transmanche has been providing consulting services and expert appraisals for the development of inland waterways and their uses since 1993. The qualifications of the founder, his team of collaborators and external partners mean that the company can undertake multidisciplinary studies covering either complete waterway networks\u00a0(e.g. the Canal des Deux Mers, the rivers Lot and Ba\u00efse, the cross-border Franco-Belgian waterway network, the Rh\u00f4ne-Sa\u00f4ne basin) or specific waterway sites such as boat harbours or urban sites enhanced by inland waterways.<\/p>\n<p style=\"text-align: justify;\">The company being located in South-East France, most consulting assignments are conducted within the 8500km French waterway network, but the expert David Edwards-May and his team also work throughout Europe on Interreg or other EU-funded projects on inland waterways.<\/p>\n<p style=\"text-align: justify;\">The company is currently seeking to expand its network of experts\/partners in order to improve the supply of information in other parts of the world. The choice \u2013 unusual for a commercial company \u2013 to develop its activity in this single field is motivated by our conviction that sustainable development imposes the maximum use of inland navigation, the most environment-friendly transport mode, not only on rivers that are navigable in their natural state, but also on canalised rivers and the canals that link them, to form integrated networks.<\/p>\n<p>[\/et_pb_text][\/et_pb_column][\/et_pb_row][et_pb_row admin_label=\u00a0\u00bbrow\u00a0\u00bb][et_pb_column type=\u00a0\u00bb4_4&Prime;][et_pb_text admin_label=\u00a0\u00bbText\u00a0\u00bb background_layout=\u00a0\u00bblight\u00a0\u00bb text_orientation=\u00a0\u00bbleft\u00a0\u00bb]<\/p>\n<h2 style=\"text-align: center;\">How are canals funded? Study for UK waterways body<\/h2>\n<p>[\/et_pb_text][\/et_pb_column][\/et_pb_row][et_pb_row admin_label=\u00a0\u00bbrow\u00a0\u00bb][et_pb_column type=\u00a0\u00bb2_3&Prime;][et_pb_text admin_label=\u00a0\u00bbText\u00a0\u00bb background_layout=\u00a0\u00bblight\u00a0\u00bb text_orientation=\u00a0\u00bbleft\u00a0\u00bb text_font_size=\u00a0\u00bb14&Prime; use_border_color=\u00a0\u00bboff\u00a0\u00bb border_color=\u00a0\u00bb#ffffff\u00a0\u00bb border_style=\u00a0\u00bbsolid\u00a0\u00bb]<\/p>\n<p style=\"text-align: justify;\">Transmanche studied funding sources for inland waterways in several countries of Europe and North America. The client is a consultative body created by the UK Government, the Inland Waterways Advisory Council (IWAC), attached to the Department of the Environment, Food and Rural Affairs (DEFRA). The objective was to identify the various sources of funding, covering both initial investments (as in major restoration projects) and running costs. The study &#8211; completed in June 2009 &#8211; shows that the percentage of costs covered by earned income is very low in most cases. Despite this, national and regional governments are maintaining funding levels sufficient to guarantee the ongoing operation, maintenance and renewal of this sensitive infrastructure. The research on the North American examples was conducted for Euromapping by <a title=\"The Canals Group\" href=\"http:\/\/thecanalsgroup.com\/\" target=\"_blank\">The Canals Group<\/a>.<\/p>\n<p>[\/et_pb_text][\/et_pb_column][et_pb_column type=\u00a0\u00bb1_3&Prime;][et_pb_image admin_label=\u00a0\u00bbImage\u00a0\u00bb src=\u00a0\u00bbhttp:\/\/www.edwardsmay.eu\/app\/uploads\/2015\/04\/nthAmCanals.jpg\u00a0\u00bb show_in_lightbox=\u00a0\u00bboff\u00a0\u00bb url_new_window=\u00a0\u00bboff\u00a0\u00bb animation=\u00a0\u00bbright\u00a0\u00bb sticky=\u00a0\u00bboff\u00a0\u00bb] [\/et_pb_image][\/et_pb_column][\/et_pb_row][\/et_pb_section]<\/p>\n","protected":false},"excerpt":{"rendered":"<p>Consultations en France et \u00e0 l&rsquo;\u00e9tranger Euromapping played a key role in running the World Canals Conference (WCC13) in Toulouse, on 16-19 September, 2013. The contract with the conference organisers So*Toulouse followed many years of studies and expert appraisals to local authorities and the other stakeholders on the waterways from Bordeaux to S\u00e8te.Closing the event [&hellip;]<\/p>\n","protected":false},"author":4,"featured_media":0,"parent":0,"menu_order":0,"comment_status":"closed","ping_status":"closed","template":"","meta":{"_et_pb_use_builder":"on","_et_pb_old_content":"","_et_gb_content_width":"","footnotes":""},"yoast_head":"<!-- This site is optimized with the Yoast SEO plugin v21.2 - https:\/\/yoast.com\/wordpress\/plugins\/seo\/ -->\n<title>Consultations - Edwards-May Publications<\/title>\n<meta name=\"robots\" content=\"index, follow, max-snippet:-1, max-image-preview:large, max-video-preview:-1\" \/>\n<link rel=\"canonical\" href=\"https:\/\/www.edwardsmay.eu\/fr\/consultations\/\" \/>\n<meta property=\"og:locale\" content=\"fr_FR\" \/>\n<meta property=\"og:type\" content=\"article\" \/>\n<meta property=\"og:title\" content=\"Consultations - Edwards-May Publications\" \/>\n<meta property=\"og:description\" content=\"Consultations en France et \u00e0 l&#039;\u00e9tranger Euromapping played a key role in running the World Canals Conference (WCC13) in Toulouse, on 16-19 September, 2013. The contract with the conference organisers So*Toulouse followed many years of studies and expert appraisals to local authorities and the other stakeholders on the waterways from Bordeaux to S\u00e8te.Closing the event [&hellip;]\" \/>\n<meta property=\"og:url\" content=\"https:\/\/www.edwardsmay.eu\/fr\/consultations\/\" \/>\n<meta property=\"og:site_name\" content=\"Edwards-May Publications\" \/>\n<meta property=\"article:modified_time\" content=\"2016-03-04T11:14:27+00:00\" \/>\n<meta name=\"twitter:card\" content=\"summary_large_image\" \/>\n<meta name=\"twitter:label1\" content=\"Dur\u00e9e de lecture estim\u00e9e\" \/>\n\t<meta name=\"twitter:data1\" content=\"5 minutes\" \/>\n<script type=\"application\/ld+json\" class=\"yoast-schema-graph\">{\"@context\":\"https:\/\/schema.org\",\"@graph\":[{\"@type\":\"WebPage\",\"@id\":\"https:\/\/www.edwardsmay.eu\/fr\/consultations\/\",\"url\":\"https:\/\/www.edwardsmay.eu\/fr\/consultations\/\",\"name\":\"Consultations - Edwards-May Publications\",\"isPartOf\":{\"@id\":\"https:\/\/www.edwardsmay.eu\/fr\/#website\"},\"datePublished\":\"2016-02-25T14:32:58+00:00\",\"dateModified\":\"2016-03-04T11:14:27+00:00\",\"breadcrumb\":{\"@id\":\"https:\/\/www.edwardsmay.eu\/fr\/consultations\/#breadcrumb\"},\"inLanguage\":\"fr-FR\",\"potentialAction\":[{\"@type\":\"ReadAction\",\"target\":[\"https:\/\/www.edwardsmay.eu\/fr\/consultations\/\"]}]},{\"@type\":\"BreadcrumbList\",\"@id\":\"https:\/\/www.edwardsmay.eu\/fr\/consultations\/#breadcrumb\",\"itemListElement\":[{\"@type\":\"ListItem\",\"position\":1,\"name\":\"Home\",\"item\":\"https:\/\/www.edwardsmay.eu\/fr\/\"},{\"@type\":\"ListItem\",\"position\":2,\"name\":\"Consultations\"}]},{\"@type\":\"WebSite\",\"@id\":\"https:\/\/www.edwardsmay.eu\/fr\/#website\",\"url\":\"https:\/\/www.edwardsmay.eu\/fr\/\",\"name\":\"Edwards-May Publications\",\"description\":\"\",\"potentialAction\":[{\"@type\":\"SearchAction\",\"target\":{\"@type\":\"EntryPoint\",\"urlTemplate\":\"https:\/\/www.edwardsmay.eu\/fr\/?s={search_term_string}\"},\"query-input\":\"required name=search_term_string\"}],\"inLanguage\":\"fr-FR\"}]}<\/script>\n<!-- \/ Yoast SEO plugin. -->","yoast_head_json":{"title":"Consultations - Edwards-May Publications","robots":{"index":"index","follow":"follow","max-snippet":"max-snippet:-1","max-image-preview":"max-image-preview:large","max-video-preview":"max-video-preview:-1"},"canonical":"https:\/\/www.edwardsmay.eu\/fr\/consultations\/","og_locale":"fr_FR","og_type":"article","og_title":"Consultations - Edwards-May Publications","og_description":"Consultations en France et \u00e0 l'\u00e9tranger Euromapping played a key role in running the World Canals Conference (WCC13) in Toulouse, on 16-19 September, 2013. The contract with the conference organisers So*Toulouse followed many years of studies and expert appraisals to local authorities and the other stakeholders on the waterways from Bordeaux to S\u00e8te.Closing the event [&hellip;]","og_url":"https:\/\/www.edwardsmay.eu\/fr\/consultations\/","og_site_name":"Edwards-May Publications","article_modified_time":"2016-03-04T11:14:27+00:00","twitter_card":"summary_large_image","twitter_misc":{"Dur\u00e9e de lecture estim\u00e9e":"5 minutes"},"schema":{"@context":"https:\/\/schema.org","@graph":[{"@type":"WebPage","@id":"https:\/\/www.edwardsmay.eu\/fr\/consultations\/","url":"https:\/\/www.edwardsmay.eu\/fr\/consultations\/","name":"Consultations - Edwards-May Publications","isPartOf":{"@id":"https:\/\/www.edwardsmay.eu\/fr\/#website"},"datePublished":"2016-02-25T14:32:58+00:00","dateModified":"2016-03-04T11:14:27+00:00","breadcrumb":{"@id":"https:\/\/www.edwardsmay.eu\/fr\/consultations\/#breadcrumb"},"inLanguage":"fr-FR","potentialAction":[{"@type":"ReadAction","target":["https:\/\/www.edwardsmay.eu\/fr\/consultations\/"]}]},{"@type":"BreadcrumbList","@id":"https:\/\/www.edwardsmay.eu\/fr\/consultations\/#breadcrumb","itemListElement":[{"@type":"ListItem","position":1,"name":"Home","item":"https:\/\/www.edwardsmay.eu\/fr\/"},{"@type":"ListItem","position":2,"name":"Consultations"}]},{"@type":"WebSite","@id":"https:\/\/www.edwardsmay.eu\/fr\/#website","url":"https:\/\/www.edwardsmay.eu\/fr\/","name":"Edwards-May Publications","description":"","potentialAction":[{"@type":"SearchAction","target":{"@type":"EntryPoint","urlTemplate":"https:\/\/www.edwardsmay.eu\/fr\/?s={search_term_string}"},"query-input":"required name=search_term_string"}],"inLanguage":"fr-FR"}]}},"_links":{"self":[{"href":"https:\/\/www.edwardsmay.eu\/fr\/wp-json\/wp\/v2\/pages\/576"}],"collection":[{"href":"https:\/\/www.edwardsmay.eu\/fr\/wp-json\/wp\/v2\/pages"}],"about":[{"href":"https:\/\/www.edwardsmay.eu\/fr\/wp-json\/wp\/v2\/types\/page"}],"author":[{"embeddable":true,"href":"https:\/\/www.edwardsmay.eu\/fr\/wp-json\/wp\/v2\/users\/4"}],"replies":[{"embeddable":true,"href":"https:\/\/www.edwardsmay.eu\/fr\/wp-json\/wp\/v2\/comments?post=576"}],"version-history":[{"count":0,"href":"https:\/\/www.edwardsmay.eu\/fr\/wp-json\/wp\/v2\/pages\/576\/revisions"}],"wp:attachment":[{"href":"https:\/\/www.edwardsmay.eu\/fr\/wp-json\/wp\/v2\/media?parent=576"}],"curies":[{"name":"wp","href":"https:\/\/api.w.org\/{rel}","templated":true}]}}