{"id":579,"date":"2016-02-25T14:34:49","date_gmt":"2016-02-25T14:34:49","guid":{"rendered":"http:\/\/www.transmanche.net\/fr\/?page_id=579"},"modified":"2016-03-04T11:12:26","modified_gmt":"2016-03-04T11:12:26","slug":"editions","status":"publish","type":"page","link":"https:\/\/www.edwardsmay.eu\/fr\/editions\/","title":{"rendered":"Editions"},"content":{"rendered":"<p>[et_pb_section admin_label=\u00a0\u00bbsection\u00a0\u00bb][et_pb_row admin_label=\u00a0\u00bbrow\u00a0\u00bb][et_pb_column type=\u00a0\u00bb4_4&Prime;][et_pb_text admin_label=\u00a0\u00bbTitle\u00a0\u00bb background_layout=\u00a0\u00bblight\u00a0\u00bb text_orientation=\u00a0\u00bbleft\u00a0\u00bb text_font_size=\u00a0\u00bb14&Prime; use_border_color=\u00a0\u00bboff\u00a0\u00bb border_color=\u00a0\u00bb#ffffff\u00a0\u00bb border_style=\u00a0\u00bbsolid\u00a0\u00bb]<\/p>\n<h1>Service d&rsquo;\u00e9diteur (cartes et brochures)<\/h1>\n<p>[\/et_pb_text][et_pb_text admin_label=\u00a0\u00bbPage introduction\u00a0\u00bb background_layout=\u00a0\u00bblight\u00a0\u00bb text_orientation=\u00a0\u00bbleft\u00a0\u00bb text_font_size=\u00a0\u00bb14&Prime; use_border_color=\u00a0\u00bboff\u00a0\u00bb border_color=\u00a0\u00bb#ffffff\u00a0\u00bb border_style=\u00a0\u00bbsolid\u00a0\u00bb]<\/p>\n<address>Transmanche n&rsquo;\u00e9dite pas seulement ses propres produits, mais aussi des cartes ou d&rsquo;autres documents de haute qualit\u00e9 pour clients du service public. Working from its home-produced <strong>inland waterway maps<\/strong> and <strong>data base<\/strong>, Transmanche is able to produce books, brochures and maps covering the inland waterways on all continents, with vector maps ready to insert after tailoring to the client&rsquo;s requirements.<\/address>\n<p>[\/et_pb_text][\/et_pb_column][\/et_pb_row][et_pb_row admin_label=\u00a0\u00bbrow\u00a0\u00bb][et_pb_column type=\u00a0\u00bb1_4&Prime;][et_pb_image admin_label=\u00a0\u00bbUN-ECE Map Image\u00a0\u00bb src=\u00a0\u00bbhttp:\/\/www.edwardsmay.eu\/app\/uploads\/2015\/04\/ONU_Cover-2.jpg\u00a0\u00bb show_in_lightbox=\u00a0\u00bboff\u00a0\u00bb url_new_window=\u00a0\u00bbon\u00a0\u00bb animation=\u00a0\u00bbleft\u00a0\u00bb sticky=\u00a0\u00bboff\u00a0\u00bb url=\u00a0\u00bbhttp:\/\/www.edwardsmay.eu\/product\/un-map\/\u00a0\u00bb align=\u00a0\u00bbleft\u00a0\u00bb force_fullwidth=\u00a0\u00bboff\u00a0\u00bb always_center_on_mobile=\u00a0\u00bbon\u00a0\u00bb use_border_color=\u00a0\u00bboff\u00a0\u00bb border_color=\u00a0\u00bb#ffffff\u00a0\u00bb border_style=\u00a0\u00bbsolid\u00a0\u00bb] [\/et_pb_image][\/et_pb_column][et_pb_column type=\u00a0\u00bb3_4&Prime;][et_pb_text admin_label=\u00a0\u00bbText for UN-ECE Map\u00a0\u00bb background_layout=\u00a0\u00bblight\u00a0\u00bb text_orientation=\u00a0\u00bbleft\u00a0\u00bb text_font_size=\u00a0\u00bb14&Prime; use_border_color=\u00a0\u00bboff\u00a0\u00bb border_color=\u00a0\u00bb#ffffff\u00a0\u00bb border_style=\u00a0\u00bbsolid\u00a0\u00bb]<\/p>\n<p style=\"text-align: justify;\" align=\"justify\">This is how Euromapping came to be the supplier of the United Nations Organisation (Economic Commission for Europe), for its own map of European Inland Waterways.<\/p>\n<div style=\"text-align: justify;\" align=\"justify\">&gt; <a href=\"http:\/\/www.edwardsmay.eu\/product\/un-map\/\" target=\"_blank\">Order<\/a> the UN-ECE Map of European Waterways!<\/div>\n<p>[\/et_pb_text][\/et_pb_column][\/et_pb_row][et_pb_row admin_label=\u00a0\u00bbrow\u00a0\u00bb][et_pb_column type=\u00a0\u00bb3_4&Prime;][et_pb_text admin_label=\u00a0\u00bbText for UNESCO publication\u00a0\u00bb background_layout=\u00a0\u00bblight\u00a0\u00bb text_orientation=\u00a0\u00bbleft\u00a0\u00bb]<\/p>\n<p style=\"text-align: justify;\" align=\"justify\">Another publication, little known because it was produced in only 200 copies (in 1997), is the submission document justifying the case for the famous Canal du Midi in Southern France to be included in UNESCO&rsquo;s World Heritage List, including original cartography of the canal at 1:25 000. Part of the argument in favour of this listing was taken from Tom Rolt&rsquo;s book, From Sea to Sea (see book list).<\/p>\n<p>[\/et_pb_text][\/et_pb_column][et_pb_column type=\u00a0\u00bb1_4&Prime;][et_pb_image admin_label=\u00a0\u00bbImage for Unesco\u00a0\u00bb src=\u00a0\u00bbhttp:\/\/www.edwardsmay.eu\/app\/uploads\/2015\/04\/editionUnesco.jpg\u00a0\u00bb show_in_lightbox=\u00a0\u00bboff\u00a0\u00bb url_new_window=\u00a0\u00bboff\u00a0\u00bb animation=\u00a0\u00bbright\u00a0\u00bb sticky=\u00a0\u00bboff\u00a0\u00bb] [\/et_pb_image][\/et_pb_column][\/et_pb_row][et_pb_row admin_label=\u00a0\u00bbrow\u00a0\u00bb][et_pb_column type=\u00a0\u00bb4_4&Prime;][et_pb_text admin_label=\u00a0\u00bbWaterway block\u00a0\u00bb background_layout=\u00a0\u00bblight\u00a0\u00bb text_orientation=\u00a0\u00bbleft\u00a0\u00bb text_font_size=\u00a0\u00bb14&Prime; use_border_color=\u00a0\u00bboff\u00a0\u00bb border_color=\u00a0\u00bb#ffffff\u00a0\u00bb border_style=\u00a0\u00bbsolid\u00a0\u00bb]<\/p>\n<div align=\"justify\"><img decoding=\"async\" loading=\"lazy\" class=\" aligncenter\" src=\"http:\/\/www.edwardsmay.eu\/app\/uploads\/2015\/04\/waterWayLogo.jpg\" alt=\"waterWayLogo\" width=\"590\" height=\"141\" \/><\/div>\n<div align=\"justify\"><\/div>\n<div align=\"justify\">\n<hr \/>\n<\/div>\n<div align=\"justify\">\n<p style=\"text-align: justify;\">Transmanche is a partner of <a title=\"EurEauWeb and Water-Way\u00ae\" href=\"http:\/\/www.eureauweb.com\" target=\"_blank\">EurEauWeb Ltd<\/a> (UK), for publication of the all-in-one satnav guide to European waterways. (France, UK add Ireland editions currently available). The hi-resolution GIS mapping of the waterways is crafted by our cartographic team, and completed by points of interest in 120 categories. European boaters are currently adopting this valuable product, with service information frequently updated.<\/p>\n<p>Extracts of our European, Irish and North American maps are adapted and supplied at different scales for the various authorities for their domestic and international communication requirements. Euromapping thus includes among its clients for tailor-made waterways maps the waterway authorities or promotional organisations in Ireland, the Netherlands, the Czech Republic and South-West France. For all publishing and cartographic services, contact our <a href=\"mailto:contact@transmanche.net\" target=\"_blank\">publishing department<\/a>.<\/p>\n<\/div>\n<p>[\/et_pb_text][\/et_pb_column][\/et_pb_row][\/et_pb_section]<\/p>\n","protected":false},"excerpt":{"rendered":"<p>Service d&rsquo;\u00e9diteur (cartes et brochures) Transmanche n&rsquo;\u00e9dite pas seulement ses propres produits, mais aussi des cartes ou d&rsquo;autres documents de haute qualit\u00e9 pour clients du service public. Working from its home-produced inland waterway maps and data base, Transmanche is able to produce books, brochures and maps covering the inland waterways on all continents, with vector [&hellip;]<\/p>\n","protected":false},"author":4,"featured_media":0,"parent":0,"menu_order":0,"comment_status":"closed","ping_status":"closed","template":"","meta":{"_et_pb_use_builder":"on","_et_pb_old_content":"","_et_gb_content_width":"","footnotes":""},"yoast_head":"<!-- This site is optimized with the Yoast SEO plugin v21.2 - https:\/\/yoast.com\/wordpress\/plugins\/seo\/ -->\n<title>Editions - Edwards-May Publications<\/title>\n<meta name=\"description\" content=\"Waterways maps produced by David Edwards-May are the most comprehensive and best value on the market. All the waterways in Europe and North America,\u2026\" \/>\n<meta name=\"robots\" content=\"index, follow, max-snippet:-1, max-image-preview:large, max-video-preview:-1\" \/>\n<link rel=\"canonical\" href=\"https:\/\/www.edwardsmay.eu\/fr\/editions\/\" \/>\n<meta property=\"og:locale\" content=\"fr_FR\" \/>\n<meta property=\"og:type\" content=\"article\" \/>\n<meta property=\"og:title\" content=\"Editions - Edwards-May Publications\" \/>\n<meta property=\"og:description\" content=\"Waterways maps produced by David Edwards-May are the most comprehensive and best value on the market. All the waterways in Europe and North America,\u2026\" \/>\n<meta property=\"og:url\" content=\"https:\/\/www.edwardsmay.eu\/fr\/editions\/\" \/>\n<meta property=\"og:site_name\" content=\"Edwards-May Publications\" \/>\n<meta property=\"article:modified_time\" content=\"2016-03-04T11:12:26+00:00\" \/>\n<meta property=\"og:image\" content=\"http:\/\/www.edwardsmay.eu\/app\/uploads\/2015\/04\/waterWayLogo.jpg\" \/>\n<meta name=\"twitter:card\" content=\"summary_large_image\" \/>\n<meta name=\"twitter:label1\" content=\"Dur\u00e9e de lecture estim\u00e9e\" \/>\n\t<meta name=\"twitter:data1\" content=\"3 minutes\" \/>\n<script type=\"application\/ld+json\" class=\"yoast-schema-graph\">{\"@context\":\"https:\/\/schema.org\",\"@graph\":[{\"@type\":\"WebPage\",\"@id\":\"https:\/\/www.edwardsmay.eu\/fr\/editions\/\",\"url\":\"https:\/\/www.edwardsmay.eu\/fr\/editions\/\",\"name\":\"Editions - Edwards-May Publications\",\"isPartOf\":{\"@id\":\"https:\/\/www.edwardsmay.eu\/fr\/#website\"},\"datePublished\":\"2016-02-25T14:34:49+00:00\",\"dateModified\":\"2016-03-04T11:12:26+00:00\",\"description\":\"Waterways maps produced by David Edwards-May are the most comprehensive and best value on the market. All the waterways in Europe and North America,\u2026\",\"breadcrumb\":{\"@id\":\"https:\/\/www.edwardsmay.eu\/fr\/editions\/#breadcrumb\"},\"inLanguage\":\"fr-FR\",\"potentialAction\":[{\"@type\":\"ReadAction\",\"target\":[\"https:\/\/www.edwardsmay.eu\/fr\/editions\/\"]}]},{\"@type\":\"BreadcrumbList\",\"@id\":\"https:\/\/www.edwardsmay.eu\/fr\/editions\/#breadcrumb\",\"itemListElement\":[{\"@type\":\"ListItem\",\"position\":1,\"name\":\"Home\",\"item\":\"https:\/\/www.edwardsmay.eu\/fr\/\"},{\"@type\":\"ListItem\",\"position\":2,\"name\":\"Editions\"}]},{\"@type\":\"WebSite\",\"@id\":\"https:\/\/www.edwardsmay.eu\/fr\/#website\",\"url\":\"https:\/\/www.edwardsmay.eu\/fr\/\",\"name\":\"Edwards-May Publications\",\"description\":\"\",\"potentialAction\":[{\"@type\":\"SearchAction\",\"target\":{\"@type\":\"EntryPoint\",\"urlTemplate\":\"https:\/\/www.edwardsmay.eu\/fr\/?s={search_term_string}\"},\"query-input\":\"required name=search_term_string\"}],\"inLanguage\":\"fr-FR\"}]}<\/script>\n<!-- \/ Yoast SEO plugin. -->","yoast_head_json":{"title":"Editions - Edwards-May Publications","description":"Waterways maps produced by David Edwards-May are the most comprehensive and best value on the market. All the waterways in Europe and North America,\u2026","robots":{"index":"index","follow":"follow","max-snippet":"max-snippet:-1","max-image-preview":"max-image-preview:large","max-video-preview":"max-video-preview:-1"},"canonical":"https:\/\/www.edwardsmay.eu\/fr\/editions\/","og_locale":"fr_FR","og_type":"article","og_title":"Editions - Edwards-May Publications","og_description":"Waterways maps produced by David Edwards-May are the most comprehensive and best value on the market. All the waterways in Europe and North America,\u2026","og_url":"https:\/\/www.edwardsmay.eu\/fr\/editions\/","og_site_name":"Edwards-May Publications","article_modified_time":"2016-03-04T11:12:26+00:00","og_image":[{"url":"http:\/\/www.edwardsmay.eu\/app\/uploads\/2015\/04\/waterWayLogo.jpg"}],"twitter_card":"summary_large_image","twitter_misc":{"Dur\u00e9e de lecture estim\u00e9e":"3 minutes"},"schema":{"@context":"https:\/\/schema.org","@graph":[{"@type":"WebPage","@id":"https:\/\/www.edwardsmay.eu\/fr\/editions\/","url":"https:\/\/www.edwardsmay.eu\/fr\/editions\/","name":"Editions - Edwards-May Publications","isPartOf":{"@id":"https:\/\/www.edwardsmay.eu\/fr\/#website"},"datePublished":"2016-02-25T14:34:49+00:00","dateModified":"2016-03-04T11:12:26+00:00","description":"Waterways maps produced by David Edwards-May are the most comprehensive and best value on the market. All the waterways in Europe and North America,\u2026","breadcrumb":{"@id":"https:\/\/www.edwardsmay.eu\/fr\/editions\/#breadcrumb"},"inLanguage":"fr-FR","potentialAction":[{"@type":"ReadAction","target":["https:\/\/www.edwardsmay.eu\/fr\/editions\/"]}]},{"@type":"BreadcrumbList","@id":"https:\/\/www.edwardsmay.eu\/fr\/editions\/#breadcrumb","itemListElement":[{"@type":"ListItem","position":1,"name":"Home","item":"https:\/\/www.edwardsmay.eu\/fr\/"},{"@type":"ListItem","position":2,"name":"Editions"}]},{"@type":"WebSite","@id":"https:\/\/www.edwardsmay.eu\/fr\/#website","url":"https:\/\/www.edwardsmay.eu\/fr\/","name":"Edwards-May Publications","description":"","potentialAction":[{"@type":"SearchAction","target":{"@type":"EntryPoint","urlTemplate":"https:\/\/www.edwardsmay.eu\/fr\/?s={search_term_string}"},"query-input":"required name=search_term_string"}],"inLanguage":"fr-FR"}]}},"_links":{"self":[{"href":"https:\/\/www.edwardsmay.eu\/fr\/wp-json\/wp\/v2\/pages\/579"}],"collection":[{"href":"https:\/\/www.edwardsmay.eu\/fr\/wp-json\/wp\/v2\/pages"}],"about":[{"href":"https:\/\/www.edwardsmay.eu\/fr\/wp-json\/wp\/v2\/types\/page"}],"author":[{"embeddable":true,"href":"https:\/\/www.edwardsmay.eu\/fr\/wp-json\/wp\/v2\/users\/4"}],"replies":[{"embeddable":true,"href":"https:\/\/www.edwardsmay.eu\/fr\/wp-json\/wp\/v2\/comments?post=579"}],"version-history":[{"count":0,"href":"https:\/\/www.edwardsmay.eu\/fr\/wp-json\/wp\/v2\/pages\/579\/revisions"}],"wp:attachment":[{"href":"https:\/\/www.edwardsmay.eu\/fr\/wp-json\/wp\/v2\/media?parent=579"}],"curies":[{"name":"wp","href":"https:\/\/api.w.org\/{rel}","templated":true}]}}