{"id":1120,"date":"2021-12-18T10:34:09","date_gmt":"2021-12-18T10:34:10","guid":{"rendered":"https:\/\/www.edwardsmay.eu\/?post_type=product&#038;p=1120"},"modified":"2022-01-26T10:42:57","modified_gmt":"2022-01-26T10:42:57","slug":"inland-waterways-of-france-sud-et-ouest","status":"publish","type":"product","link":"https:\/\/www.edwardsmay.eu\/fr\/produit\/inland-waterways-of-france-sud-et-ouest\/","title":{"rendered":"Inland Waterways of France &#8211; 3. Sud et Ouest"},"content":{"rendered":"<p><strong>David Edwards-May (Imray) 2021<\/strong><\/p>\n<p>Ce guide est l&rsquo;ouvrage de r\u00e9f\u00e9rence sur le r\u00e9seau fluvial fran\u00e7ais depuis pr\u00e8s de 70 ans. Depuis la 5e \u00e9dition publi\u00e9e en 1983, David Edwards-May a fait \u00e9voluer l&rsquo;ouvrage dans sa mise en page, dans les illustrations et dans le d\u00e9tail fourni pour chacune des 80 voies navigables. Pour cette 9e \u00e9dition le texte a \u00e9t\u00e9 compl\u00e9t\u00e9 par des informations pratiques et touristiques pour de nombreuses villes et villages, textes ins\u00e9r\u00e9s dans les tableaux kilom\u00e9triques des \u00e9ditions pr\u00e9c\u00e9dentes. Le <strong>Volume 3<\/strong> couvre le r\u00e9seau du Sud de la France, depuis le Rh\u00f4ne jusqu&rsquo;\u00e0 l&rsquo;estuaire de la Gironde, les rivi\u00e8res navigables de la c\u00f4te Atlantique,\u00a0 la Loire et les canaux de Bretagne.<\/p>\n<p>De nouvelles cartes ont \u00e9t\u00e9 ajout\u00e9es par l&rsquo;auteur, et de nombreuses mises \u00e0 jour des cartes de l&rsquo;\u00e9dition pr\u00e9c\u00e9dente. Les jonctions entre canaux et les grandes villes sont cartographi\u00e9es avec beaucoup de d\u00e9tails, comprenant les lieux d&rsquo;amarrage, les principales attractions et les lignes de M\u00e9tro et de tramway. Il y a plus de 150 images en couleur. Cette 9e \u00e9dition est la source d&rsquo;information la plus \u00e0 jour sur ce sujet.<\/p>\n<p>En anglais.<\/p>\n<p>148 pages, format A4 (297 par 210 mm), couverture souple.<\/p>\n<p>Cliquez sur la carte pour voir les r\u00e9gions couvertes par ce troisi\u00e8me volume.<\/p>\n<p><a href=\"https:\/\/www.edwardsmay.eu\/app\/uploads\/2021\/12\/iwf9th-volume3-map.png\"><img decoding=\"async\" loading=\"lazy\" class=\"alignnone wp-image-1122 size-medium\" src=\"https:\/\/www.edwardsmay.eu\/app\/uploads\/2021\/12\/iwf9th-volume3-map-300x278.png\" alt=\"IWF volume 3 coverage\" width=\"300\" height=\"278\" \/><\/a><\/p>\n","protected":false},"excerpt":{"rendered":"<p>Ouvrage de r\u00e9f\u00e9rence sur les voies navigables fran\u00e7aises depuis pr\u00e8s de 50 ans. Pour la 8e \u00e9dition, tous les textes ont \u00e9t\u00e9 r\u00e9vis\u00e9s et enrichis d&rsquo;extraits de cartes d\u00e9taill\u00e9es pour chaque voie d&rsquo;eau et d&rsquo;aggrandissements de nombreux sites, jonctions et villes. Cette \u00e9dition comporte de nombreuses photos, repr\u00e9sente la source d&rsquo;informations la plus \u00e0 jour sur ce sujet, et trouvera sa place dans la biblioth\u00e8que de tous les passionn\u00e9s de la voie d&rsquo;eau.<\/p>\n","protected":false},"featured_media":1124,"comment_status":"closed","ping_status":"closed","template":"","meta":{"_et_pb_use_builder":"","_et_pb_old_content":"","_et_gb_content_width":""},"product_cat":[50],"product_tag":[118,36,121,17,18],"yoast_head":"<!-- This site is optimized with the Yoast SEO plugin v21.2 - https:\/\/yoast.com\/wordpress\/plugins\/seo\/ -->\n<title>Inland Waterways of France - 3. Sud et Ouest - Edwards-May Publications<\/title>\n<meta name=\"description\" content=\"3\u00e8me Volume du guide complet des 9000km de canaux et rivi\u00e8res navigables de France, du Rh\u00f4ne jusqu&#039;\u00e0 l&#039;Atlantique et les canaux de Bretagne.\" \/>\n<meta name=\"robots\" content=\"index, follow, max-snippet:-1, max-image-preview:large, max-video-preview:-1\" \/>\n<link rel=\"canonical\" href=\"https:\/\/www.edwardsmay.eu\/fr\/produit\/inland-waterways-of-france-sud-et-ouest\/\" \/>\n<meta property=\"og:locale\" content=\"fr_FR\" \/>\n<meta property=\"og:type\" content=\"article\" \/>\n<meta property=\"og:title\" content=\"Inland Waterways of France - 3. Sud et Ouest - Edwards-May Publications\" \/>\n<meta property=\"og:description\" content=\"3\u00e8me Volume du guide complet des 9000km de canaux et rivi\u00e8res navigables de France, du Rh\u00f4ne jusqu&#039;\u00e0 l&#039;Atlantique et les canaux de Bretagne.\" \/>\n<meta property=\"og:url\" content=\"https:\/\/www.edwardsmay.eu\/fr\/produit\/inland-waterways-of-france-sud-et-ouest\/\" \/>\n<meta property=\"og:site_name\" content=\"Edwards-May Publications\" \/>\n<meta property=\"article:modified_time\" content=\"2022-01-26T10:42:57+00:00\" \/>\n<meta property=\"og:image\" content=\"https:\/\/www.edwardsmay.eu\/app\/uploads\/2021\/12\/iwf-9th-vol3-cover.jpg\" \/>\n\t<meta property=\"og:image:width\" content=\"650\" \/>\n\t<meta property=\"og:image:height\" content=\"921\" \/>\n\t<meta property=\"og:image:type\" content=\"image\/jpeg\" \/>\n<meta name=\"twitter:card\" content=\"summary_large_image\" \/>\n<meta name=\"twitter:label1\" content=\"Dur\u00e9e de lecture estim\u00e9e\" \/>\n\t<meta name=\"twitter:data1\" content=\"2 minutes\" \/>\n<script type=\"application\/ld+json\" class=\"yoast-schema-graph\">{\"@context\":\"https:\/\/schema.org\",\"@graph\":[{\"@type\":\"WebPage\",\"@id\":\"https:\/\/www.edwardsmay.eu\/fr\/produit\/inland-waterways-of-france-sud-et-ouest\/\",\"url\":\"https:\/\/www.edwardsmay.eu\/fr\/produit\/inland-waterways-of-france-sud-et-ouest\/\",\"name\":\"Inland Waterways of France - 3. Sud et Ouest - Edwards-May Publications\",\"isPartOf\":{\"@id\":\"https:\/\/www.edwardsmay.eu\/fr\/#website\"},\"datePublished\":\"2021-12-18T10:34:10+00:00\",\"dateModified\":\"2022-01-26T10:42:57+00:00\",\"description\":\"3\u00e8me Volume du guide complet des 9000km de canaux et rivi\u00e8res navigables de France, du Rh\u00f4ne jusqu'\u00e0 l'Atlantique et les canaux de Bretagne.\",\"breadcrumb\":{\"@id\":\"https:\/\/www.edwardsmay.eu\/fr\/produit\/inland-waterways-of-france-sud-et-ouest\/#breadcrumb\"},\"inLanguage\":\"fr-FR\",\"potentialAction\":[{\"@type\":\"ReadAction\",\"target\":[\"https:\/\/www.edwardsmay.eu\/fr\/produit\/inland-waterways-of-france-sud-et-ouest\/\"]}]},{\"@type\":\"BreadcrumbList\",\"@id\":\"https:\/\/www.edwardsmay.eu\/fr\/produit\/inland-waterways-of-france-sud-et-ouest\/#breadcrumb\",\"itemListElement\":[{\"@type\":\"ListItem\",\"position\":1,\"name\":\"Home\",\"item\":\"https:\/\/www.edwardsmay.eu\/fr\/\"},{\"@type\":\"ListItem\",\"position\":2,\"name\":\"Shop\",\"item\":\"https:\/\/www.edwardsmay.eu\/fr\/boutique\/\"},{\"@type\":\"ListItem\",\"position\":3,\"name\":\"Inland Waterways of France &#8211; 3. Sud et Ouest\"}]},{\"@type\":\"WebSite\",\"@id\":\"https:\/\/www.edwardsmay.eu\/fr\/#website\",\"url\":\"https:\/\/www.edwardsmay.eu\/fr\/\",\"name\":\"Edwards-May Publications\",\"description\":\"\",\"potentialAction\":[{\"@type\":\"SearchAction\",\"target\":{\"@type\":\"EntryPoint\",\"urlTemplate\":\"https:\/\/www.edwardsmay.eu\/fr\/?s={search_term_string}\"},\"query-input\":\"required name=search_term_string\"}],\"inLanguage\":\"fr-FR\"}]}<\/script>\n<!-- \/ Yoast SEO plugin. -->","yoast_head_json":{"title":"Inland Waterways of France - 3. Sud et Ouest - Edwards-May Publications","description":"3\u00e8me Volume du guide complet des 9000km de canaux et rivi\u00e8res navigables de France, du Rh\u00f4ne jusqu'\u00e0 l'Atlantique et les canaux de Bretagne.","robots":{"index":"index","follow":"follow","max-snippet":"max-snippet:-1","max-image-preview":"max-image-preview:large","max-video-preview":"max-video-preview:-1"},"canonical":"https:\/\/www.edwardsmay.eu\/fr\/produit\/inland-waterways-of-france-sud-et-ouest\/","og_locale":"fr_FR","og_type":"article","og_title":"Inland Waterways of France - 3. Sud et Ouest - Edwards-May Publications","og_description":"3\u00e8me Volume du guide complet des 9000km de canaux et rivi\u00e8res navigables de France, du Rh\u00f4ne jusqu'\u00e0 l'Atlantique et les canaux de Bretagne.","og_url":"https:\/\/www.edwardsmay.eu\/fr\/produit\/inland-waterways-of-france-sud-et-ouest\/","og_site_name":"Edwards-May Publications","article_modified_time":"2022-01-26T10:42:57+00:00","og_image":[{"width":650,"height":921,"url":"https:\/\/www.edwardsmay.eu\/app\/uploads\/2021\/12\/iwf-9th-vol3-cover.jpg","type":"image\/jpeg"}],"twitter_card":"summary_large_image","twitter_misc":{"Dur\u00e9e de lecture estim\u00e9e":"2 minutes"},"schema":{"@context":"https:\/\/schema.org","@graph":[{"@type":"WebPage","@id":"https:\/\/www.edwardsmay.eu\/fr\/produit\/inland-waterways-of-france-sud-et-ouest\/","url":"https:\/\/www.edwardsmay.eu\/fr\/produit\/inland-waterways-of-france-sud-et-ouest\/","name":"Inland Waterways of France - 3. Sud et Ouest - Edwards-May Publications","isPartOf":{"@id":"https:\/\/www.edwardsmay.eu\/fr\/#website"},"datePublished":"2021-12-18T10:34:10+00:00","dateModified":"2022-01-26T10:42:57+00:00","description":"3\u00e8me Volume du guide complet des 9000km de canaux et rivi\u00e8res navigables de France, du Rh\u00f4ne jusqu'\u00e0 l'Atlantique et les canaux de Bretagne.","breadcrumb":{"@id":"https:\/\/www.edwardsmay.eu\/fr\/produit\/inland-waterways-of-france-sud-et-ouest\/#breadcrumb"},"inLanguage":"fr-FR","potentialAction":[{"@type":"ReadAction","target":["https:\/\/www.edwardsmay.eu\/fr\/produit\/inland-waterways-of-france-sud-et-ouest\/"]}]},{"@type":"BreadcrumbList","@id":"https:\/\/www.edwardsmay.eu\/fr\/produit\/inland-waterways-of-france-sud-et-ouest\/#breadcrumb","itemListElement":[{"@type":"ListItem","position":1,"name":"Home","item":"https:\/\/www.edwardsmay.eu\/fr\/"},{"@type":"ListItem","position":2,"name":"Shop","item":"https:\/\/www.edwardsmay.eu\/fr\/boutique\/"},{"@type":"ListItem","position":3,"name":"Inland Waterways of France &#8211; 3. Sud et Ouest"}]},{"@type":"WebSite","@id":"https:\/\/www.edwardsmay.eu\/fr\/#website","url":"https:\/\/www.edwardsmay.eu\/fr\/","name":"Edwards-May Publications","description":"","potentialAction":[{"@type":"SearchAction","target":{"@type":"EntryPoint","urlTemplate":"https:\/\/www.edwardsmay.eu\/fr\/?s={search_term_string}"},"query-input":"required name=search_term_string"}],"inLanguage":"fr-FR"}]}},"_links":{"self":[{"href":"https:\/\/www.edwardsmay.eu\/fr\/wp-json\/wp\/v2\/product\/1120"}],"collection":[{"href":"https:\/\/www.edwardsmay.eu\/fr\/wp-json\/wp\/v2\/product"}],"about":[{"href":"https:\/\/www.edwardsmay.eu\/fr\/wp-json\/wp\/v2\/types\/product"}],"replies":[{"embeddable":true,"href":"https:\/\/www.edwardsmay.eu\/fr\/wp-json\/wp\/v2\/comments?post=1120"}],"wp:featuredmedia":[{"embeddable":true,"href":"https:\/\/www.edwardsmay.eu\/fr\/wp-json\/wp\/v2\/media\/1124"}],"wp:attachment":[{"href":"https:\/\/www.edwardsmay.eu\/fr\/wp-json\/wp\/v2\/media?parent=1120"}],"wp:term":[{"taxonomy":"product_cat","embeddable":true,"href":"https:\/\/www.edwardsmay.eu\/fr\/wp-json\/wp\/v2\/product_cat?post=1120"},{"taxonomy":"product_tag","embeddable":true,"href":"https:\/\/www.edwardsmay.eu\/fr\/wp-json\/wp\/v2\/product_tag?post=1120"}],"curies":[{"name":"wp","href":"https:\/\/api.w.org\/{rel}","templated":true}]}}