{"id":314,"date":"2015-12-04T14:45:51","date_gmt":"2015-12-04T14:45:51","guid":{"rendered":""},"modified":"2022-01-26T09:51:41","modified_gmt":"2022-01-26T09:51:41","slug":"inland-waterways-of-france-1-nord-et-centre","status":"publish","type":"product","link":"https:\/\/www.edwardsmay.eu\/fr\/produit\/inland-waterways-of-france-1-nord-et-centre\/","title":{"rendered":"Inland Waterways of France &#8211; 1. Nord et Centre"},"content":{"rendered":"<p><strong>David Edwards-May (Imray) 2021<\/strong><\/p>\n<p>Ce guide est l&rsquo;ouvrage de r\u00e9f\u00e9rence sur le r\u00e9seau fluvial fran\u00e7ais depuis pr\u00e8s de 70 ans. Depuis la 5e \u00e9dition publi\u00e9e en 1983, David Edwards-May a fait \u00e9voluer l&rsquo;ouvrage dans sa mise en page, dans les illustrations et dans le d\u00e9tail fourni pour chacune des 80 voies navigables. Pour cette 9e \u00e9dition le texte a \u00e9t\u00e9 compl\u00e9t\u00e9 par des informations pratiques et touristiques pour de nombreuses villes et villages, textes ins\u00e9r\u00e9s dans les tableaux kilom\u00e9triques des \u00e9ditions pr\u00e9c\u00e9dentes. Le Volume 1 couvre le r\u00e9seau depuis le Nord et la Normandie jusqu&rsquo;aux r\u00e9gions Centre et Bourgogne, en passant par la Seine et la Marne.<\/p>\n<p>De nouvelles cartes ont \u00e9t\u00e9 ajout\u00e9es par l&rsquo;auteur, et de nombreuses mises \u00e0 jour des cartes de l&rsquo;\u00e9dition pr\u00e9c\u00e9dente. Les jonctions entre canaux et les grandes villes sont cartographi\u00e9es avec beaucoup de d\u00e9tails, comprenant les lieux d&rsquo;amarrage, les principales attractions et les lignes de M\u00e9tro et de tramway. Il y a plus de 200 images en couleur. Cette 9e \u00e9dition est la source d&rsquo;information la plus \u00e0 jour sur ce sujet.<\/p>\n<p>Cliquez sur la carte pour voir les r\u00e9gions couvertes par ce premier volume.<\/p>\n<p><a href=\"https:\/\/www.edwardsmay.eu\/app\/uploads\/2021\/12\/iwf9th-volume1-map.png\"><img decoding=\"async\" loading=\"lazy\" class=\"alignnone size-medium wp-image-1126\" src=\"https:\/\/www.edwardsmay.eu\/app\/uploads\/2021\/12\/iwf9th-volume1-map-300x280.png\" alt=\"\" width=\"300\" height=\"280\" \/><\/a><\/p>\n","protected":false},"excerpt":{"rendered":"<p>Ouvrage de r\u00e9f\u00e9rence sur les voies navigables fran\u00e7aises depuis pr\u00e8s de 70 ans. Cette 9e \u00e9dition, enti\u00e8rement remani\u00e9e et mise \u00e0 jour, est la source la plus \u00e0 jour d&rsquo;informations sur ce sujet, et trouvera sa place dans la biblioth\u00e8que de tous les plaisanciers et passionn\u00e9s de la voie d&rsquo;eau. Ce volume 1 couvre les voies navigables depuis les Hauts de France et la Normandie jusqu&rsquo;aux r\u00e9gions Centre et Bourgogne.<\/p>\n","protected":false},"featured_media":1110,"comment_status":"closed","ping_status":"closed","template":"","meta":{"_et_pb_use_builder":"","_et_pb_old_content":"","_et_gb_content_width":""},"product_cat":[50],"product_tag":[118,36,17,18],"yoast_head":"<!-- This site is optimized with the Yoast SEO plugin v21.2 - https:\/\/yoast.com\/wordpress\/plugins\/seo\/ -->\n<title>Inland Waterways of France - 1. Nord et Centre - Edwards-May Publications<\/title>\n<meta name=\"description\" content=\"Volume 1 du guide des 9000km de voies navigables de France, depuis les ports de Dunkerque, Calais, Saint-Valery et Le Havre jusqu&#039;en Bourgogne\" \/>\n<meta name=\"robots\" content=\"index, follow, max-snippet:-1, max-image-preview:large, max-video-preview:-1\" \/>\n<link rel=\"canonical\" href=\"https:\/\/www.edwardsmay.eu\/fr\/produit\/inland-waterways-of-france-1-nord-et-centre\/\" \/>\n<meta property=\"og:locale\" content=\"fr_FR\" \/>\n<meta property=\"og:type\" content=\"article\" \/>\n<meta property=\"og:title\" content=\"Inland Waterways of France - 1. Nord et Centre - Edwards-May Publications\" \/>\n<meta property=\"og:description\" content=\"Volume 1 du guide des 9000km de voies navigables de France, depuis les ports de Dunkerque, Calais, Saint-Valery et Le Havre jusqu&#039;en Bourgogne\" \/>\n<meta property=\"og:url\" content=\"https:\/\/www.edwardsmay.eu\/fr\/produit\/inland-waterways-of-france-1-nord-et-centre\/\" \/>\n<meta property=\"og:site_name\" content=\"Edwards-May Publications\" \/>\n<meta property=\"article:modified_time\" content=\"2022-01-26T09:51:41+00:00\" \/>\n<meta property=\"og:image\" content=\"https:\/\/www.edwardsmay.eu\/app\/uploads\/2015\/12\/iwf-9th-vol1-cover.jpg\" \/>\n\t<meta property=\"og:image:width\" content=\"650\" \/>\n\t<meta property=\"og:image:height\" content=\"919\" \/>\n\t<meta property=\"og:image:type\" content=\"image\/jpeg\" \/>\n<meta name=\"twitter:card\" content=\"summary_large_image\" \/>\n<meta name=\"twitter:label1\" content=\"Dur\u00e9e de lecture estim\u00e9e\" \/>\n\t<meta name=\"twitter:data1\" content=\"2 minutes\" \/>\n<script type=\"application\/ld+json\" class=\"yoast-schema-graph\">{\"@context\":\"https:\/\/schema.org\",\"@graph\":[{\"@type\":\"WebPage\",\"@id\":\"https:\/\/www.edwardsmay.eu\/fr\/produit\/inland-waterways-of-france-1-nord-et-centre\/\",\"url\":\"https:\/\/www.edwardsmay.eu\/fr\/produit\/inland-waterways-of-france-1-nord-et-centre\/\",\"name\":\"Inland Waterways of France - 1. Nord et Centre - Edwards-May Publications\",\"isPartOf\":{\"@id\":\"https:\/\/www.edwardsmay.eu\/fr\/#website\"},\"datePublished\":\"2015-12-04T14:45:51+00:00\",\"dateModified\":\"2022-01-26T09:51:41+00:00\",\"description\":\"Volume 1 du guide des 9000km de voies navigables de France, depuis les ports de Dunkerque, Calais, Saint-Valery et Le Havre jusqu'en Bourgogne\",\"breadcrumb\":{\"@id\":\"https:\/\/www.edwardsmay.eu\/fr\/produit\/inland-waterways-of-france-1-nord-et-centre\/#breadcrumb\"},\"inLanguage\":\"fr-FR\",\"potentialAction\":[{\"@type\":\"ReadAction\",\"target\":[\"https:\/\/www.edwardsmay.eu\/fr\/produit\/inland-waterways-of-france-1-nord-et-centre\/\"]}]},{\"@type\":\"BreadcrumbList\",\"@id\":\"https:\/\/www.edwardsmay.eu\/fr\/produit\/inland-waterways-of-france-1-nord-et-centre\/#breadcrumb\",\"itemListElement\":[{\"@type\":\"ListItem\",\"position\":1,\"name\":\"Home\",\"item\":\"https:\/\/www.edwardsmay.eu\/fr\/\"},{\"@type\":\"ListItem\",\"position\":2,\"name\":\"Shop\",\"item\":\"https:\/\/www.edwardsmay.eu\/fr\/boutique\/\"},{\"@type\":\"ListItem\",\"position\":3,\"name\":\"Inland Waterways of France &#8211; 1. Nord et Centre\"}]},{\"@type\":\"WebSite\",\"@id\":\"https:\/\/www.edwardsmay.eu\/fr\/#website\",\"url\":\"https:\/\/www.edwardsmay.eu\/fr\/\",\"name\":\"Edwards-May Publications\",\"description\":\"\",\"potentialAction\":[{\"@type\":\"SearchAction\",\"target\":{\"@type\":\"EntryPoint\",\"urlTemplate\":\"https:\/\/www.edwardsmay.eu\/fr\/?s={search_term_string}\"},\"query-input\":\"required name=search_term_string\"}],\"inLanguage\":\"fr-FR\"}]}<\/script>\n<!-- \/ Yoast SEO plugin. -->","yoast_head_json":{"title":"Inland Waterways of France - 1. Nord et Centre - Edwards-May Publications","description":"Volume 1 du guide des 9000km de voies navigables de France, depuis les ports de Dunkerque, Calais, Saint-Valery et Le Havre jusqu'en Bourgogne","robots":{"index":"index","follow":"follow","max-snippet":"max-snippet:-1","max-image-preview":"max-image-preview:large","max-video-preview":"max-video-preview:-1"},"canonical":"https:\/\/www.edwardsmay.eu\/fr\/produit\/inland-waterways-of-france-1-nord-et-centre\/","og_locale":"fr_FR","og_type":"article","og_title":"Inland Waterways of France - 1. Nord et Centre - Edwards-May Publications","og_description":"Volume 1 du guide des 9000km de voies navigables de France, depuis les ports de Dunkerque, Calais, Saint-Valery et Le Havre jusqu'en Bourgogne","og_url":"https:\/\/www.edwardsmay.eu\/fr\/produit\/inland-waterways-of-france-1-nord-et-centre\/","og_site_name":"Edwards-May Publications","article_modified_time":"2022-01-26T09:51:41+00:00","og_image":[{"width":650,"height":919,"url":"https:\/\/www.edwardsmay.eu\/app\/uploads\/2015\/12\/iwf-9th-vol1-cover.jpg","type":"image\/jpeg"}],"twitter_card":"summary_large_image","twitter_misc":{"Dur\u00e9e de lecture estim\u00e9e":"2 minutes"},"schema":{"@context":"https:\/\/schema.org","@graph":[{"@type":"WebPage","@id":"https:\/\/www.edwardsmay.eu\/fr\/produit\/inland-waterways-of-france-1-nord-et-centre\/","url":"https:\/\/www.edwardsmay.eu\/fr\/produit\/inland-waterways-of-france-1-nord-et-centre\/","name":"Inland Waterways of France - 1. Nord et Centre - Edwards-May Publications","isPartOf":{"@id":"https:\/\/www.edwardsmay.eu\/fr\/#website"},"datePublished":"2015-12-04T14:45:51+00:00","dateModified":"2022-01-26T09:51:41+00:00","description":"Volume 1 du guide des 9000km de voies navigables de France, depuis les ports de Dunkerque, Calais, Saint-Valery et Le Havre jusqu'en Bourgogne","breadcrumb":{"@id":"https:\/\/www.edwardsmay.eu\/fr\/produit\/inland-waterways-of-france-1-nord-et-centre\/#breadcrumb"},"inLanguage":"fr-FR","potentialAction":[{"@type":"ReadAction","target":["https:\/\/www.edwardsmay.eu\/fr\/produit\/inland-waterways-of-france-1-nord-et-centre\/"]}]},{"@type":"BreadcrumbList","@id":"https:\/\/www.edwardsmay.eu\/fr\/produit\/inland-waterways-of-france-1-nord-et-centre\/#breadcrumb","itemListElement":[{"@type":"ListItem","position":1,"name":"Home","item":"https:\/\/www.edwardsmay.eu\/fr\/"},{"@type":"ListItem","position":2,"name":"Shop","item":"https:\/\/www.edwardsmay.eu\/fr\/boutique\/"},{"@type":"ListItem","position":3,"name":"Inland Waterways of France &#8211; 1. Nord et Centre"}]},{"@type":"WebSite","@id":"https:\/\/www.edwardsmay.eu\/fr\/#website","url":"https:\/\/www.edwardsmay.eu\/fr\/","name":"Edwards-May Publications","description":"","potentialAction":[{"@type":"SearchAction","target":{"@type":"EntryPoint","urlTemplate":"https:\/\/www.edwardsmay.eu\/fr\/?s={search_term_string}"},"query-input":"required name=search_term_string"}],"inLanguage":"fr-FR"}]}},"_links":{"self":[{"href":"https:\/\/www.edwardsmay.eu\/fr\/wp-json\/wp\/v2\/product\/314"}],"collection":[{"href":"https:\/\/www.edwardsmay.eu\/fr\/wp-json\/wp\/v2\/product"}],"about":[{"href":"https:\/\/www.edwardsmay.eu\/fr\/wp-json\/wp\/v2\/types\/product"}],"replies":[{"embeddable":true,"href":"https:\/\/www.edwardsmay.eu\/fr\/wp-json\/wp\/v2\/comments?post=314"}],"wp:featuredmedia":[{"embeddable":true,"href":"https:\/\/www.edwardsmay.eu\/fr\/wp-json\/wp\/v2\/media\/1110"}],"wp:attachment":[{"href":"https:\/\/www.edwardsmay.eu\/fr\/wp-json\/wp\/v2\/media?parent=314"}],"wp:term":[{"taxonomy":"product_cat","embeddable":true,"href":"https:\/\/www.edwardsmay.eu\/fr\/wp-json\/wp\/v2\/product_cat?post=314"},{"taxonomy":"product_tag","embeddable":true,"href":"https:\/\/www.edwardsmay.eu\/fr\/wp-json\/wp\/v2\/product_tag?post=314"}],"curies":[{"name":"wp","href":"https:\/\/api.w.org\/{rel}","templated":true}]}}