{"id":329,"date":"2015-12-10T09:40:23","date_gmt":"2015-12-10T09:40:23","guid":{"rendered":""},"modified":"2016-03-03T15:59:26","modified_gmt":"2016-03-03T15:59:26","slug":"voies-navigables-damerique-du-nord-carte-et-repertoire-copy","status":"publish","type":"product","link":"https:\/\/www.edwardsmay.eu\/fr\/produit\/voies-navigables-damerique-du-nord-carte-et-repertoire-copy\/","title":{"rendered":"Voies Navigables d&rsquo;Irlande &#8211; carte et notice descriptive"},"content":{"rendered":"<p><a href=\"http:\/\/www.edwardsmay.eu\/app\/uploads\/2015\/12\/Irelande_Extrait.jpg\" rel=\"attachment wp-att-417\"><img decoding=\"async\" loading=\"lazy\" class=\"alignleft size-medium wp-image-417\" src=\"http:\/\/www.edwardsmay.eu\/app\/uploads\/2015\/12\/Irelande_Extrait-300x201.jpg\" alt=\"Irelande_Extrait\" width=\"300\" height=\"201\" srcset=\"https:\/\/www.edwardsmay.eu\/app\/uploads\/2015\/12\/Irelande_Extrait-300x201.jpg 300w, https:\/\/www.edwardsmay.eu\/app\/uploads\/2015\/12\/Irelande_Extrait-480x322.jpg 480w, https:\/\/www.edwardsmay.eu\/app\/uploads\/2015\/12\/Irelande_Extrait-400x268.jpg 400w, https:\/\/www.edwardsmay.eu\/app\/uploads\/2015\/12\/Irelande_Extrait-510x342.jpg 510w, https:\/\/www.edwardsmay.eu\/app\/uploads\/2015\/12\/Irelande_Extrait-245x164.jpg 245w, https:\/\/www.edwardsmay.eu\/app\/uploads\/2015\/12\/Irelande_Extrait.jpg 600w\" sizes=\"(max-width: 300px) 100vw, 300px\" \/><\/a>Le r\u00e9seau de voies navigables en Irlande offre une exp\u00e9rience unique de navigation aussi bien pour les touristes \u00e9trangers que pour les plaisanciers irlandais, dont le nombre est en constante \u00e9volution.<br \/>Cette troisi\u00e8me \u00e9dition de la carte est accompagn\u00e9e d&rsquo;un livret descriptif par l&rsquo;auteure et historienne Ruth Delany, qui pr\u00e9cise aussi les projets d&rsquo;extension du r\u00e9seau (par la r\u00e9habilitation de canaux abandonn\u00e9s). Les renseignements utiles sur l&rsquo;exploitation du r\u00e9seau ont \u00e9t\u00e9 fournis par Waterways Ireland. En anglais uniquement.<br \/>La carte (extrait ci-dessous) identifie clairement les \u00e9cluses, les distances, les dimensions admises et les ports de plaisance et bases de location de bateaux habitables.<br \/>Bonne navigation !\u00a0<\/p>\n<p>\u00a0<\/p>\n","protected":false},"excerpt":{"rendered":"<p>3\u00e8me \u00e9dition de la carte des voies navigables qui traversent l&rsquo;Irlande du nord au sud et d&rsquo;est en ouest, accompagn\u00e9 d&rsquo;un livret d&rsquo;information par voie d&rsquo;eau. Plus de 1000 kilom\u00e8tres d&rsquo;itin\u00e9raires navigables : canaux, rivi\u00e8res, estuaires et lacs, accessibles aux bateaux de plaisance (particuliers ou houseboats en location). Edit\u00e9 en collaboration avec le gestionnaire du r\u00e9seau Waterways Ireland.\u00a0<\/p>\n","protected":false},"featured_media":416,"comment_status":"closed","ping_status":"closed","template":"","meta":{"_et_pb_use_builder":"","_et_pb_old_content":"","_et_gb_content_width":""},"product_cat":[50],"product_tag":[38,17,18],"yoast_head":"<!-- This site is optimized with the Yoast SEO plugin v21.2 - https:\/\/yoast.com\/wordpress\/plugins\/seo\/ -->\n<title>Voies Navigables d&#039;Irlande - carte et notice descriptive - Edwards-May Publications<\/title>\n<meta name=\"robots\" content=\"index, follow, max-snippet:-1, max-image-preview:large, max-video-preview:-1\" \/>\n<link rel=\"canonical\" href=\"https:\/\/www.edwardsmay.eu\/fr\/produit\/voies-navigables-damerique-du-nord-carte-et-repertoire-copy\/\" \/>\n<meta property=\"og:locale\" content=\"fr_FR\" \/>\n<meta property=\"og:type\" content=\"article\" \/>\n<meta property=\"og:title\" content=\"Voies Navigables d&#039;Irlande - carte et notice descriptive - Edwards-May Publications\" \/>\n<meta property=\"og:description\" content=\"3\u00e8me \u00e9dition de la carte des voies navigables qui traversent l&#039;Irlande du nord au sud et d&#039;est en ouest, accompagn\u00e9 d&#039;un livret d&#039;information par voie d&#039;eau. Plus de 1000 kilom\u00e8tres d&#039;itin\u00e9raires navigables : canaux, rivi\u00e8res, estuaires et lacs, accessibles aux bateaux de plaisance (particuliers ou houseboats en location). Edit\u00e9 en collaboration avec le gestionnaire du r\u00e9seau Waterways Ireland.\u00a0\" \/>\n<meta property=\"og:url\" content=\"https:\/\/www.edwardsmay.eu\/fr\/produit\/voies-navigables-damerique-du-nord-carte-et-repertoire-copy\/\" \/>\n<meta property=\"og:site_name\" content=\"Edwards-May Publications\" \/>\n<meta property=\"article:modified_time\" content=\"2016-03-03T15:59:26+00:00\" \/>\n<meta property=\"og:image\" content=\"https:\/\/www.edwardsmay.eu\/app\/uploads\/2015\/12\/Ireland_Cover.jpg\" \/>\n\t<meta property=\"og:image:width\" content=\"345\" \/>\n\t<meta property=\"og:image:height\" content=\"564\" \/>\n\t<meta property=\"og:image:type\" content=\"image\/jpeg\" \/>\n<meta name=\"twitter:card\" content=\"summary_large_image\" \/>\n<meta name=\"twitter:label1\" content=\"Dur\u00e9e de lecture estim\u00e9e\" \/>\n\t<meta name=\"twitter:data1\" content=\"1 minute\" \/>\n<script type=\"application\/ld+json\" class=\"yoast-schema-graph\">{\"@context\":\"https:\/\/schema.org\",\"@graph\":[{\"@type\":\"WebPage\",\"@id\":\"https:\/\/www.edwardsmay.eu\/fr\/produit\/voies-navigables-damerique-du-nord-carte-et-repertoire-copy\/\",\"url\":\"https:\/\/www.edwardsmay.eu\/fr\/produit\/voies-navigables-damerique-du-nord-carte-et-repertoire-copy\/\",\"name\":\"Voies Navigables d'Irlande - carte et notice descriptive - Edwards-May Publications\",\"isPartOf\":{\"@id\":\"https:\/\/www.edwardsmay.eu\/fr\/#website\"},\"datePublished\":\"2015-12-10T09:40:23+00:00\",\"dateModified\":\"2016-03-03T15:59:26+00:00\",\"breadcrumb\":{\"@id\":\"https:\/\/www.edwardsmay.eu\/fr\/produit\/voies-navigables-damerique-du-nord-carte-et-repertoire-copy\/#breadcrumb\"},\"inLanguage\":\"fr-FR\",\"potentialAction\":[{\"@type\":\"ReadAction\",\"target\":[\"https:\/\/www.edwardsmay.eu\/fr\/produit\/voies-navigables-damerique-du-nord-carte-et-repertoire-copy\/\"]}]},{\"@type\":\"BreadcrumbList\",\"@id\":\"https:\/\/www.edwardsmay.eu\/fr\/produit\/voies-navigables-damerique-du-nord-carte-et-repertoire-copy\/#breadcrumb\",\"itemListElement\":[{\"@type\":\"ListItem\",\"position\":1,\"name\":\"Home\",\"item\":\"https:\/\/www.edwardsmay.eu\/fr\/\"},{\"@type\":\"ListItem\",\"position\":2,\"name\":\"Shop\",\"item\":\"https:\/\/www.edwardsmay.eu\/fr\/boutique\/\"},{\"@type\":\"ListItem\",\"position\":3,\"name\":\"Voies Navigables d&#8217;Irlande &#8211; carte et notice descriptive\"}]},{\"@type\":\"WebSite\",\"@id\":\"https:\/\/www.edwardsmay.eu\/fr\/#website\",\"url\":\"https:\/\/www.edwardsmay.eu\/fr\/\",\"name\":\"Edwards-May Publications\",\"description\":\"\",\"potentialAction\":[{\"@type\":\"SearchAction\",\"target\":{\"@type\":\"EntryPoint\",\"urlTemplate\":\"https:\/\/www.edwardsmay.eu\/fr\/?s={search_term_string}\"},\"query-input\":\"required name=search_term_string\"}],\"inLanguage\":\"fr-FR\"}]}<\/script>\n<!-- \/ Yoast SEO plugin. -->","yoast_head_json":{"title":"Voies Navigables d'Irlande - carte et notice descriptive - Edwards-May Publications","robots":{"index":"index","follow":"follow","max-snippet":"max-snippet:-1","max-image-preview":"max-image-preview:large","max-video-preview":"max-video-preview:-1"},"canonical":"https:\/\/www.edwardsmay.eu\/fr\/produit\/voies-navigables-damerique-du-nord-carte-et-repertoire-copy\/","og_locale":"fr_FR","og_type":"article","og_title":"Voies Navigables d'Irlande - carte et notice descriptive - Edwards-May Publications","og_description":"3\u00e8me \u00e9dition de la carte des voies navigables qui traversent l'Irlande du nord au sud et d'est en ouest, accompagn\u00e9 d'un livret d'information par voie d'eau. Plus de 1000 kilom\u00e8tres d'itin\u00e9raires navigables : canaux, rivi\u00e8res, estuaires et lacs, accessibles aux bateaux de plaisance (particuliers ou houseboats en location). Edit\u00e9 en collaboration avec le gestionnaire du r\u00e9seau Waterways Ireland.\u00a0","og_url":"https:\/\/www.edwardsmay.eu\/fr\/produit\/voies-navigables-damerique-du-nord-carte-et-repertoire-copy\/","og_site_name":"Edwards-May Publications","article_modified_time":"2016-03-03T15:59:26+00:00","og_image":[{"width":345,"height":564,"url":"https:\/\/www.edwardsmay.eu\/app\/uploads\/2015\/12\/Ireland_Cover.jpg","type":"image\/jpeg"}],"twitter_card":"summary_large_image","twitter_misc":{"Dur\u00e9e de lecture estim\u00e9e":"1 minute"},"schema":{"@context":"https:\/\/schema.org","@graph":[{"@type":"WebPage","@id":"https:\/\/www.edwardsmay.eu\/fr\/produit\/voies-navigables-damerique-du-nord-carte-et-repertoire-copy\/","url":"https:\/\/www.edwardsmay.eu\/fr\/produit\/voies-navigables-damerique-du-nord-carte-et-repertoire-copy\/","name":"Voies Navigables d'Irlande - carte et notice descriptive - Edwards-May Publications","isPartOf":{"@id":"https:\/\/www.edwardsmay.eu\/fr\/#website"},"datePublished":"2015-12-10T09:40:23+00:00","dateModified":"2016-03-03T15:59:26+00:00","breadcrumb":{"@id":"https:\/\/www.edwardsmay.eu\/fr\/produit\/voies-navigables-damerique-du-nord-carte-et-repertoire-copy\/#breadcrumb"},"inLanguage":"fr-FR","potentialAction":[{"@type":"ReadAction","target":["https:\/\/www.edwardsmay.eu\/fr\/produit\/voies-navigables-damerique-du-nord-carte-et-repertoire-copy\/"]}]},{"@type":"BreadcrumbList","@id":"https:\/\/www.edwardsmay.eu\/fr\/produit\/voies-navigables-damerique-du-nord-carte-et-repertoire-copy\/#breadcrumb","itemListElement":[{"@type":"ListItem","position":1,"name":"Home","item":"https:\/\/www.edwardsmay.eu\/fr\/"},{"@type":"ListItem","position":2,"name":"Shop","item":"https:\/\/www.edwardsmay.eu\/fr\/boutique\/"},{"@type":"ListItem","position":3,"name":"Voies Navigables d&#8217;Irlande &#8211; carte et notice descriptive"}]},{"@type":"WebSite","@id":"https:\/\/www.edwardsmay.eu\/fr\/#website","url":"https:\/\/www.edwardsmay.eu\/fr\/","name":"Edwards-May Publications","description":"","potentialAction":[{"@type":"SearchAction","target":{"@type":"EntryPoint","urlTemplate":"https:\/\/www.edwardsmay.eu\/fr\/?s={search_term_string}"},"query-input":"required name=search_term_string"}],"inLanguage":"fr-FR"}]}},"_links":{"self":[{"href":"https:\/\/www.edwardsmay.eu\/fr\/wp-json\/wp\/v2\/product\/329"}],"collection":[{"href":"https:\/\/www.edwardsmay.eu\/fr\/wp-json\/wp\/v2\/product"}],"about":[{"href":"https:\/\/www.edwardsmay.eu\/fr\/wp-json\/wp\/v2\/types\/product"}],"replies":[{"embeddable":true,"href":"https:\/\/www.edwardsmay.eu\/fr\/wp-json\/wp\/v2\/comments?post=329"}],"wp:featuredmedia":[{"embeddable":true,"href":"https:\/\/www.edwardsmay.eu\/fr\/wp-json\/wp\/v2\/media\/416"}],"wp:attachment":[{"href":"https:\/\/www.edwardsmay.eu\/fr\/wp-json\/wp\/v2\/media?parent=329"}],"wp:term":[{"taxonomy":"product_cat","embeddable":true,"href":"https:\/\/www.edwardsmay.eu\/fr\/wp-json\/wp\/v2\/product_cat?post=329"},{"taxonomy":"product_tag","embeddable":true,"href":"https:\/\/www.edwardsmay.eu\/fr\/wp-json\/wp\/v2\/product_tag?post=329"}],"curies":[{"name":"wp","href":"https:\/\/api.w.org\/{rel}","templated":true}]}}