{"id":333,"date":"2015-12-10T09:48:29","date_gmt":"2015-12-10T09:48:29","guid":{"rendered":""},"modified":"2016-05-10T13:21:55","modified_gmt":"2016-05-10T13:21:55","slug":"carte-onu-des-voies-navigables-europeennes-copy","status":"publish","type":"product","link":"https:\/\/www.edwardsmay.eu\/fr\/produit\/carte-onu-des-voies-navigables-europeennes-copy\/","title":{"rendered":"Voies Navigables d&rsquo;Europe &#8211; carte et notice descriptive,  \u00e9dition fran\u00e7aise"},"content":{"rendered":"<p>Dimensions 1210 x 870 mm<br \/>Au recto, toute l\u2019Europe, de l\u2019Irlande et du Portugal jusqu\u2019\u00e0 la mer Caspienne<br \/>\u00c9chelle 1:4 000 000.<br \/>Au verso, agrandissement de Dublin \u00e0 Bratislava, toutes les \u00e9cluses et beaucoup d\u2019autres d\u00e9tails<br \/>\u00c9chelle 1:1 500 000.<br \/>Carte pli\u00e9e sous couverture de 290 x 156mm avec livret de 64 pages, d\u00e9crivant succinctement les voies navigables de chaque pays, avec les coordonn\u00e9es des principales autorit\u00e9s et associations.<br \/>La carte comporte une l\u00e9gende en anglais, fran\u00e7ais, allemand et n\u00e9erlandais.<br \/>Livret en versions fran\u00e7aise, anglaise, allemande.<br \/>Une r\u00e9f\u00e9rence indispensable pour les usagers et acteurs de la voie d\u2019eau en Europe.<\/p>\n","protected":false},"excerpt":{"rendered":"<p>\u00a0<\/p>\n<p>La 5e \u00e9dition de la seule carte compl\u00e8te des voies navigables d\u2019Europe, qui est soutenue \u00e9galement par les gestionnaires et les professionnels du transport et du tourisme fluvial. Un outil de r\u00e9f\u00e9rence indispensable.<\/p>\n<p>Ceci est aussi disponible en anglais et allemand, veuillez regarder dans \u00ab\u00a0autres produits\u00a0\u00bb en dessous.<\/p>\n","protected":false},"featured_media":312,"comment_status":"closed","ping_status":"closed","template":"","meta":{"_et_pb_use_builder":"","_et_pb_old_content":"","_et_gb_content_width":""},"product_cat":[50],"product_tag":[16,17,18],"yoast_head":"<!-- This site is optimized with the Yoast SEO plugin v21.2 - https:\/\/yoast.com\/wordpress\/plugins\/seo\/ -->\n<title>Voies Navigables d&#039;Europe - carte et notice descriptive, \u00e9dition fran\u00e7aise - Edwards-May Publications<\/title>\n<meta name=\"robots\" content=\"index, follow, max-snippet:-1, max-image-preview:large, max-video-preview:-1\" \/>\n<link rel=\"canonical\" href=\"https:\/\/www.edwardsmay.eu\/fr\/produit\/carte-onu-des-voies-navigables-europeennes-copy\/\" \/>\n<meta property=\"og:locale\" content=\"fr_FR\" \/>\n<meta property=\"og:type\" content=\"article\" \/>\n<meta property=\"og:title\" content=\"Voies Navigables d&#039;Europe - carte et notice descriptive, \u00e9dition fran\u00e7aise - Edwards-May Publications\" \/>\n<meta property=\"og:description\" content=\"\u00a0La 5e \u00e9dition de la seule carte compl\u00e8te des voies navigables d\u2019Europe, qui est soutenue \u00e9galement par les gestionnaires et les professionnels du transport et du tourisme fluvial. Un outil de r\u00e9f\u00e9rence indispensable.Ceci est aussi disponible en anglais et allemand, veuillez regarder dans &quot;autres produits&quot; en dessous.\" \/>\n<meta property=\"og:url\" content=\"https:\/\/www.edwardsmay.eu\/fr\/produit\/carte-onu-des-voies-navigables-europeennes-copy\/\" \/>\n<meta property=\"og:site_name\" content=\"Edwards-May Publications\" \/>\n<meta property=\"article:modified_time\" content=\"2016-05-10T13:21:55+00:00\" \/>\n<meta property=\"og:image\" content=\"https:\/\/www.edwardsmay.eu\/app\/uploads\/2015\/12\/EuropeCover-FR-346.jpg\" \/>\n\t<meta property=\"og:image:width\" content=\"345\" \/>\n\t<meta property=\"og:image:height\" content=\"564\" \/>\n\t<meta property=\"og:image:type\" content=\"image\/jpeg\" \/>\n<meta name=\"twitter:card\" content=\"summary_large_image\" \/>\n<meta name=\"twitter:label1\" content=\"Dur\u00e9e de lecture estim\u00e9e\" \/>\n\t<meta name=\"twitter:data1\" content=\"1 minute\" \/>\n<script type=\"application\/ld+json\" class=\"yoast-schema-graph\">{\"@context\":\"https:\/\/schema.org\",\"@graph\":[{\"@type\":\"WebPage\",\"@id\":\"https:\/\/www.edwardsmay.eu\/fr\/produit\/carte-onu-des-voies-navigables-europeennes-copy\/\",\"url\":\"https:\/\/www.edwardsmay.eu\/fr\/produit\/carte-onu-des-voies-navigables-europeennes-copy\/\",\"name\":\"Voies Navigables d'Europe - carte et notice descriptive, \u00e9dition fran\u00e7aise - Edwards-May Publications\",\"isPartOf\":{\"@id\":\"https:\/\/www.edwardsmay.eu\/fr\/#website\"},\"datePublished\":\"2015-12-10T09:48:29+00:00\",\"dateModified\":\"2016-05-10T13:21:55+00:00\",\"breadcrumb\":{\"@id\":\"https:\/\/www.edwardsmay.eu\/fr\/produit\/carte-onu-des-voies-navigables-europeennes-copy\/#breadcrumb\"},\"inLanguage\":\"fr-FR\",\"potentialAction\":[{\"@type\":\"ReadAction\",\"target\":[\"https:\/\/www.edwardsmay.eu\/fr\/produit\/carte-onu-des-voies-navigables-europeennes-copy\/\"]}]},{\"@type\":\"BreadcrumbList\",\"@id\":\"https:\/\/www.edwardsmay.eu\/fr\/produit\/carte-onu-des-voies-navigables-europeennes-copy\/#breadcrumb\",\"itemListElement\":[{\"@type\":\"ListItem\",\"position\":1,\"name\":\"Home\",\"item\":\"https:\/\/www.edwardsmay.eu\/fr\/\"},{\"@type\":\"ListItem\",\"position\":2,\"name\":\"Shop\",\"item\":\"https:\/\/www.edwardsmay.eu\/fr\/boutique\/\"},{\"@type\":\"ListItem\",\"position\":3,\"name\":\"Voies Navigables d&#8217;Europe &#8211; carte et notice descriptive, \u00e9dition fran\u00e7aise\"}]},{\"@type\":\"WebSite\",\"@id\":\"https:\/\/www.edwardsmay.eu\/fr\/#website\",\"url\":\"https:\/\/www.edwardsmay.eu\/fr\/\",\"name\":\"Edwards-May Publications\",\"description\":\"\",\"potentialAction\":[{\"@type\":\"SearchAction\",\"target\":{\"@type\":\"EntryPoint\",\"urlTemplate\":\"https:\/\/www.edwardsmay.eu\/fr\/?s={search_term_string}\"},\"query-input\":\"required name=search_term_string\"}],\"inLanguage\":\"fr-FR\"}]}<\/script>\n<!-- \/ Yoast SEO plugin. -->","yoast_head_json":{"title":"Voies Navigables d'Europe - carte et notice descriptive, \u00e9dition fran\u00e7aise - Edwards-May Publications","robots":{"index":"index","follow":"follow","max-snippet":"max-snippet:-1","max-image-preview":"max-image-preview:large","max-video-preview":"max-video-preview:-1"},"canonical":"https:\/\/www.edwardsmay.eu\/fr\/produit\/carte-onu-des-voies-navigables-europeennes-copy\/","og_locale":"fr_FR","og_type":"article","og_title":"Voies Navigables d'Europe - carte et notice descriptive, \u00e9dition fran\u00e7aise - Edwards-May Publications","og_description":"\u00a0La 5e \u00e9dition de la seule carte compl\u00e8te des voies navigables d\u2019Europe, qui est soutenue \u00e9galement par les gestionnaires et les professionnels du transport et du tourisme fluvial. Un outil de r\u00e9f\u00e9rence indispensable.Ceci est aussi disponible en anglais et allemand, veuillez regarder dans \"autres produits\" en dessous.","og_url":"https:\/\/www.edwardsmay.eu\/fr\/produit\/carte-onu-des-voies-navigables-europeennes-copy\/","og_site_name":"Edwards-May Publications","article_modified_time":"2016-05-10T13:21:55+00:00","og_image":[{"width":345,"height":564,"url":"https:\/\/www.edwardsmay.eu\/app\/uploads\/2015\/12\/EuropeCover-FR-346.jpg","type":"image\/jpeg"}],"twitter_card":"summary_large_image","twitter_misc":{"Dur\u00e9e de lecture estim\u00e9e":"1 minute"},"schema":{"@context":"https:\/\/schema.org","@graph":[{"@type":"WebPage","@id":"https:\/\/www.edwardsmay.eu\/fr\/produit\/carte-onu-des-voies-navigables-europeennes-copy\/","url":"https:\/\/www.edwardsmay.eu\/fr\/produit\/carte-onu-des-voies-navigables-europeennes-copy\/","name":"Voies Navigables d'Europe - carte et notice descriptive, \u00e9dition fran\u00e7aise - Edwards-May Publications","isPartOf":{"@id":"https:\/\/www.edwardsmay.eu\/fr\/#website"},"datePublished":"2015-12-10T09:48:29+00:00","dateModified":"2016-05-10T13:21:55+00:00","breadcrumb":{"@id":"https:\/\/www.edwardsmay.eu\/fr\/produit\/carte-onu-des-voies-navigables-europeennes-copy\/#breadcrumb"},"inLanguage":"fr-FR","potentialAction":[{"@type":"ReadAction","target":["https:\/\/www.edwardsmay.eu\/fr\/produit\/carte-onu-des-voies-navigables-europeennes-copy\/"]}]},{"@type":"BreadcrumbList","@id":"https:\/\/www.edwardsmay.eu\/fr\/produit\/carte-onu-des-voies-navigables-europeennes-copy\/#breadcrumb","itemListElement":[{"@type":"ListItem","position":1,"name":"Home","item":"https:\/\/www.edwardsmay.eu\/fr\/"},{"@type":"ListItem","position":2,"name":"Shop","item":"https:\/\/www.edwardsmay.eu\/fr\/boutique\/"},{"@type":"ListItem","position":3,"name":"Voies Navigables d&#8217;Europe &#8211; carte et notice descriptive, \u00e9dition fran\u00e7aise"}]},{"@type":"WebSite","@id":"https:\/\/www.edwardsmay.eu\/fr\/#website","url":"https:\/\/www.edwardsmay.eu\/fr\/","name":"Edwards-May Publications","description":"","potentialAction":[{"@type":"SearchAction","target":{"@type":"EntryPoint","urlTemplate":"https:\/\/www.edwardsmay.eu\/fr\/?s={search_term_string}"},"query-input":"required name=search_term_string"}],"inLanguage":"fr-FR"}]}},"_links":{"self":[{"href":"https:\/\/www.edwardsmay.eu\/fr\/wp-json\/wp\/v2\/product\/333"}],"collection":[{"href":"https:\/\/www.edwardsmay.eu\/fr\/wp-json\/wp\/v2\/product"}],"about":[{"href":"https:\/\/www.edwardsmay.eu\/fr\/wp-json\/wp\/v2\/types\/product"}],"replies":[{"embeddable":true,"href":"https:\/\/www.edwardsmay.eu\/fr\/wp-json\/wp\/v2\/comments?post=333"}],"wp:featuredmedia":[{"embeddable":true,"href":"https:\/\/www.edwardsmay.eu\/fr\/wp-json\/wp\/v2\/media\/312"}],"wp:attachment":[{"href":"https:\/\/www.edwardsmay.eu\/fr\/wp-json\/wp\/v2\/media?parent=333"}],"wp:term":[{"taxonomy":"product_cat","embeddable":true,"href":"https:\/\/www.edwardsmay.eu\/fr\/wp-json\/wp\/v2\/product_cat?post=333"},{"taxonomy":"product_tag","embeddable":true,"href":"https:\/\/www.edwardsmay.eu\/fr\/wp-json\/wp\/v2\/product_tag?post=333"}],"curies":[{"name":"wp","href":"https:\/\/api.w.org\/{rel}","templated":true}]}}