{"id":343,"date":"2015-12-10T10:04:20","date_gmt":"2015-12-10T10:04:20","guid":{"rendered":""},"modified":"2016-03-04T09:02:44","modified_gmt":"2016-03-04T09:02:44","slug":"voies-navigables-deurope-carte-detaillee-copy","status":"publish","type":"product","link":"https:\/\/www.edwardsmay.eu\/fr\/produit\/voies-navigables-deurope-carte-detaillee-copy\/","title":{"rendered":"Voies navigables tch\u00e8ques"},"content":{"rendered":"<p><a href=\"http:\/\/www.edwardsmay.eu\/app\/uploads\/2015\/12\/Czech_Extrait.jpg\" rel=\"attachment wp-att-419\"><img decoding=\"async\" loading=\"lazy\" class=\"alignleft size-medium wp-image-419\" src=\"http:\/\/www.edwardsmay.eu\/app\/uploads\/2015\/12\/Czech_Extrait-300x246.jpg\" alt=\"Czech_Extrait\" width=\"300\" height=\"246\" srcset=\"https:\/\/www.edwardsmay.eu\/app\/uploads\/2015\/12\/Czech_Extrait-300x246.jpg 300w, https:\/\/www.edwardsmay.eu\/app\/uploads\/2015\/12\/Czech_Extrait-480x393.jpg 480w, https:\/\/www.edwardsmay.eu\/app\/uploads\/2015\/12\/Czech_Extrait-400x327.jpg 400w, https:\/\/www.edwardsmay.eu\/app\/uploads\/2015\/12\/Czech_Extrait-510x418.jpg 510w, https:\/\/www.edwardsmay.eu\/app\/uploads\/2015\/12\/Czech_Extrait-245x201.jpg 245w, https:\/\/www.edwardsmay.eu\/app\/uploads\/2015\/12\/Czech_Extrait.jpg 590w\" sizes=\"(max-width: 300px) 100vw, 300px\" \/><\/a>T\u00e9l\u00e9chargez sur votre PC, portable, iPhone, iPad? cette carte vecteur pour un affichage de grande qualit\u00e9 de tous les d\u00e9tails de ce r\u00e9seau de voies navigables : Elbe\/Labe, Moldau\/Vltava et Canal Bata dans la vall\u00e9e de la Morava, et projet de \u00ab\u00a0corridors fluviaux\u00a0\u00bb (voies d&rsquo;eau \u00e0 buts multiples) Danube-Oder-Elbe. Ces liaisons strat\u00e9giques pour l&rsquo;Europe centrale et le Danube serviraient \u00e0 la navigation, \u00e0 la gestion des ressources en eau et \u00e0 la protection contre les inondations. L\u00e9gende en anglais et tch\u00e8que. Voir toutes les \u00e9cluses du r\u00e9seau, les plans inclin\u00e9s, les distances, les principales dimensions navigables. D\u00e9tails du Canal Bata et des trois branches du corridor Danube-Oder-Elbe.<\/p>\n<p>\u00a0<\/p>\n","protected":false},"excerpt":{"rendered":"<p>Carte vecteur pour un affichage haute d\u00e9finition \u00e0 toute \u00e9chelle; informations essentielles sur le r\u00e9seau : Elbe\/Labe, Moldau\/Vltava et Canal Bata dans la vall\u00e9e de la Morava, et projet de \u00ab\u00a0corridors fluviaux\u00a0\u00bb (voies d&rsquo;eau \u00e0 buts multiples) Danube-Oder-Elbe. Navigation, gestion des ressources en eau et protection contre les inondations.<\/p>\n","protected":false},"featured_media":436,"comment_status":"closed","ping_status":"closed","template":"","meta":{"_et_pb_use_builder":"","_et_pb_old_content":"","_et_gb_content_width":""},"product_cat":[32],"product_tag":[17,40,35,18],"yoast_head":"<!-- This site is optimized with the Yoast SEO plugin v21.2 - https:\/\/yoast.com\/wordpress\/plugins\/seo\/ -->\n<title>Voies navigables tch\u00e8ques - Edwards-May Publications<\/title>\n<meta name=\"robots\" content=\"index, follow, max-snippet:-1, max-image-preview:large, max-video-preview:-1\" \/>\n<link rel=\"canonical\" href=\"https:\/\/www.edwardsmay.eu\/fr\/produit\/voies-navigables-deurope-carte-detaillee-copy\/\" \/>\n<meta property=\"og:locale\" content=\"fr_FR\" \/>\n<meta property=\"og:type\" content=\"article\" \/>\n<meta property=\"og:title\" content=\"Voies navigables tch\u00e8ques - Edwards-May Publications\" \/>\n<meta property=\"og:description\" content=\"Carte vecteur pour un affichage haute d\u00e9finition \u00e0 toute \u00e9chelle; informations essentielles sur le r\u00e9seau : Elbe\/Labe, Moldau\/Vltava et Canal Bata dans la vall\u00e9e de la Morava, et projet de &quot;corridors fluviaux&quot; (voies d&#039;eau \u00e0 buts multiples) Danube-Oder-Elbe. Navigation, gestion des ressources en eau et protection contre les inondations.\" \/>\n<meta property=\"og:url\" content=\"https:\/\/www.edwardsmay.eu\/fr\/produit\/voies-navigables-deurope-carte-detaillee-copy\/\" \/>\n<meta property=\"og:site_name\" content=\"Edwards-May Publications\" \/>\n<meta property=\"article:modified_time\" content=\"2016-03-04T09:02:44+00:00\" \/>\n<meta property=\"og:image\" content=\"https:\/\/www.edwardsmay.eu\/app\/uploads\/2015\/12\/Czech-Waterways_Cover.jpg\" \/>\n\t<meta property=\"og:image:width\" content=\"345\" \/>\n\t<meta property=\"og:image:height\" content=\"564\" \/>\n\t<meta property=\"og:image:type\" content=\"image\/jpeg\" \/>\n<meta name=\"twitter:card\" content=\"summary_large_image\" \/>\n<meta name=\"twitter:label1\" content=\"Dur\u00e9e de lecture estim\u00e9e\" \/>\n\t<meta name=\"twitter:data1\" content=\"1 minute\" \/>\n<script type=\"application\/ld+json\" class=\"yoast-schema-graph\">{\"@context\":\"https:\/\/schema.org\",\"@graph\":[{\"@type\":\"WebPage\",\"@id\":\"https:\/\/www.edwardsmay.eu\/fr\/produit\/voies-navigables-deurope-carte-detaillee-copy\/\",\"url\":\"https:\/\/www.edwardsmay.eu\/fr\/produit\/voies-navigables-deurope-carte-detaillee-copy\/\",\"name\":\"Voies navigables tch\u00e8ques - Edwards-May Publications\",\"isPartOf\":{\"@id\":\"https:\/\/www.edwardsmay.eu\/fr\/#website\"},\"datePublished\":\"2015-12-10T10:04:20+00:00\",\"dateModified\":\"2016-03-04T09:02:44+00:00\",\"breadcrumb\":{\"@id\":\"https:\/\/www.edwardsmay.eu\/fr\/produit\/voies-navigables-deurope-carte-detaillee-copy\/#breadcrumb\"},\"inLanguage\":\"fr-FR\",\"potentialAction\":[{\"@type\":\"ReadAction\",\"target\":[\"https:\/\/www.edwardsmay.eu\/fr\/produit\/voies-navigables-deurope-carte-detaillee-copy\/\"]}]},{\"@type\":\"BreadcrumbList\",\"@id\":\"https:\/\/www.edwardsmay.eu\/fr\/produit\/voies-navigables-deurope-carte-detaillee-copy\/#breadcrumb\",\"itemListElement\":[{\"@type\":\"ListItem\",\"position\":1,\"name\":\"Home\",\"item\":\"https:\/\/www.edwardsmay.eu\/fr\/\"},{\"@type\":\"ListItem\",\"position\":2,\"name\":\"Shop\",\"item\":\"https:\/\/www.edwardsmay.eu\/fr\/boutique\/\"},{\"@type\":\"ListItem\",\"position\":3,\"name\":\"Voies navigables tch\u00e8ques\"}]},{\"@type\":\"WebSite\",\"@id\":\"https:\/\/www.edwardsmay.eu\/fr\/#website\",\"url\":\"https:\/\/www.edwardsmay.eu\/fr\/\",\"name\":\"Edwards-May Publications\",\"description\":\"\",\"potentialAction\":[{\"@type\":\"SearchAction\",\"target\":{\"@type\":\"EntryPoint\",\"urlTemplate\":\"https:\/\/www.edwardsmay.eu\/fr\/?s={search_term_string}\"},\"query-input\":\"required name=search_term_string\"}],\"inLanguage\":\"fr-FR\"}]}<\/script>\n<!-- \/ Yoast SEO plugin. -->","yoast_head_json":{"title":"Voies navigables tch\u00e8ques - Edwards-May Publications","robots":{"index":"index","follow":"follow","max-snippet":"max-snippet:-1","max-image-preview":"max-image-preview:large","max-video-preview":"max-video-preview:-1"},"canonical":"https:\/\/www.edwardsmay.eu\/fr\/produit\/voies-navigables-deurope-carte-detaillee-copy\/","og_locale":"fr_FR","og_type":"article","og_title":"Voies navigables tch\u00e8ques - Edwards-May Publications","og_description":"Carte vecteur pour un affichage haute d\u00e9finition \u00e0 toute \u00e9chelle; informations essentielles sur le r\u00e9seau : Elbe\/Labe, Moldau\/Vltava et Canal Bata dans la vall\u00e9e de la Morava, et projet de \"corridors fluviaux\" (voies d'eau \u00e0 buts multiples) Danube-Oder-Elbe. Navigation, gestion des ressources en eau et protection contre les inondations.","og_url":"https:\/\/www.edwardsmay.eu\/fr\/produit\/voies-navigables-deurope-carte-detaillee-copy\/","og_site_name":"Edwards-May Publications","article_modified_time":"2016-03-04T09:02:44+00:00","og_image":[{"width":345,"height":564,"url":"https:\/\/www.edwardsmay.eu\/app\/uploads\/2015\/12\/Czech-Waterways_Cover.jpg","type":"image\/jpeg"}],"twitter_card":"summary_large_image","twitter_misc":{"Dur\u00e9e de lecture estim\u00e9e":"1 minute"},"schema":{"@context":"https:\/\/schema.org","@graph":[{"@type":"WebPage","@id":"https:\/\/www.edwardsmay.eu\/fr\/produit\/voies-navigables-deurope-carte-detaillee-copy\/","url":"https:\/\/www.edwardsmay.eu\/fr\/produit\/voies-navigables-deurope-carte-detaillee-copy\/","name":"Voies navigables tch\u00e8ques - Edwards-May Publications","isPartOf":{"@id":"https:\/\/www.edwardsmay.eu\/fr\/#website"},"datePublished":"2015-12-10T10:04:20+00:00","dateModified":"2016-03-04T09:02:44+00:00","breadcrumb":{"@id":"https:\/\/www.edwardsmay.eu\/fr\/produit\/voies-navigables-deurope-carte-detaillee-copy\/#breadcrumb"},"inLanguage":"fr-FR","potentialAction":[{"@type":"ReadAction","target":["https:\/\/www.edwardsmay.eu\/fr\/produit\/voies-navigables-deurope-carte-detaillee-copy\/"]}]},{"@type":"BreadcrumbList","@id":"https:\/\/www.edwardsmay.eu\/fr\/produit\/voies-navigables-deurope-carte-detaillee-copy\/#breadcrumb","itemListElement":[{"@type":"ListItem","position":1,"name":"Home","item":"https:\/\/www.edwardsmay.eu\/fr\/"},{"@type":"ListItem","position":2,"name":"Shop","item":"https:\/\/www.edwardsmay.eu\/fr\/boutique\/"},{"@type":"ListItem","position":3,"name":"Voies navigables tch\u00e8ques"}]},{"@type":"WebSite","@id":"https:\/\/www.edwardsmay.eu\/fr\/#website","url":"https:\/\/www.edwardsmay.eu\/fr\/","name":"Edwards-May Publications","description":"","potentialAction":[{"@type":"SearchAction","target":{"@type":"EntryPoint","urlTemplate":"https:\/\/www.edwardsmay.eu\/fr\/?s={search_term_string}"},"query-input":"required name=search_term_string"}],"inLanguage":"fr-FR"}]}},"_links":{"self":[{"href":"https:\/\/www.edwardsmay.eu\/fr\/wp-json\/wp\/v2\/product\/343"}],"collection":[{"href":"https:\/\/www.edwardsmay.eu\/fr\/wp-json\/wp\/v2\/product"}],"about":[{"href":"https:\/\/www.edwardsmay.eu\/fr\/wp-json\/wp\/v2\/types\/product"}],"replies":[{"embeddable":true,"href":"https:\/\/www.edwardsmay.eu\/fr\/wp-json\/wp\/v2\/comments?post=343"}],"wp:featuredmedia":[{"embeddable":true,"href":"https:\/\/www.edwardsmay.eu\/fr\/wp-json\/wp\/v2\/media\/436"}],"wp:attachment":[{"href":"https:\/\/www.edwardsmay.eu\/fr\/wp-json\/wp\/v2\/media?parent=343"}],"wp:term":[{"taxonomy":"product_cat","embeddable":true,"href":"https:\/\/www.edwardsmay.eu\/fr\/wp-json\/wp\/v2\/product_cat?post=343"},{"taxonomy":"product_tag","embeddable":true,"href":"https:\/\/www.edwardsmay.eu\/fr\/wp-json\/wp\/v2\/product_tag?post=343"}],"curies":[{"name":"wp","href":"https:\/\/api.w.org\/{rel}","templated":true}]}}