{"id":347,"date":"2015-12-10T10:09:50","date_gmt":"2015-12-10T10:09:50","guid":{"rendered":""},"modified":"2022-02-11T04:24:56","modified_gmt":"2022-02-11T04:24:56","slug":"carte-des-canaux-de-grande-bretagne-pdf-copy","status":"publish","type":"product","link":"https:\/\/www.edwardsmay.eu\/fr\/produit\/carte-des-canaux-de-grande-bretagne-pdf-copy\/","title":{"rendered":"Voies navigables d&rsquo;Am\u00e9rique du Nord"},"content":{"rendered":"<p><a href=\"http:\/\/www.edwardsmay.eu\/app\/uploads\/2015\/12\/North-America_Extrait-1.jpg\" rel=\"attachment wp-att-433\"><img decoding=\"async\" loading=\"lazy\" class=\"alignleft size-medium wp-image-433\" src=\"https:\/\/www.edwardsmay.eu\/app\/uploads\/2015\/12\/North-America_Extrait-1-300x246.jpg\" alt=\"North-America_Extrait\" width=\"300\" height=\"246\" \/><\/a>Vue d&rsquo;ensemble du r\u00e9seau de voies navigables des \u00c9tats-Unis et du Canada; outil pr\u00e9cieux pour chercheurs, usagers du transport fluvial, plaisanciers, historiens et d\u00e9fenseurs du patrimoine des canaux historiques.<\/p>\n<p>Le r\u00e9seau nord-am\u00e9ricain est fait de contrastes, entre les canaux de l&rsquo;\u00e2ge d&rsquo;or, r\u00e9alis\u00e9s pour la plupart entre 1820 et 1840 environ, mais dont il ne reste que quelques vestiges, et le puissant r\u00e9seau de rivi\u00e8res canalis\u00e9es du bassin du Mississippi, qui est fr\u00e9quent\u00e9 les convois pouss\u00e9s de plus de 20.000 tonnes, et un trafic toujours tr\u00e8s intense, malgr\u00e9 d&rsquo;\u00e9normes difficult\u00e9s de financement de travaux d&rsquo;entretien et de r\u00e9paration. Les canaux patrimoniaux maintenus en exploitation, comme le Canal de l&rsquo;Eri\u00e9 dans l&rsquo;\u00c9tat de New York, le Rideau et le Canal Trent-Severn au Canada, font figure d&rsquo;exceptions, mais constituent n\u00e9anmoins un r\u00e9seau de grand int\u00e9r\u00eat touristique et patrimonial, qui m\u00e9rite d&rsquo;\u00eatre mieux connu. Les plaisanciers sont d&rsquo;ailleurs de plus en plus nombreux \u00e0 r\u00e9aliser la \u00ab\u00a0grande boucle\u00a0\u00bb, par l&rsquo;Eri\u00e9, les grands lacs, le canal d&rsquo;Illinois, le Mississippi et les canaux qui longent le littoral du Golfe de Mexique, puis celui de l&rsquo;Atlantique. D&rsquo;o\u00f9 le besoin de cette vue d&rsquo;ensemble, aussi attrayante qu&rsquo;\u00e9difiante, qui n&rsquo;avait pas encore \u00e9t\u00e9 r\u00e9alis\u00e9e outre-Atlantique.<\/p>\n<p>\u00ab\u00a0<em>Cette carte, par son \u00e9tendue et sa pr\u00e9cision, sera un outil pr\u00e9cieux pour tous : usagers de la voie d&rsquo;eau, enseignants, chercheurs, passionn\u00e9s ou simples observateurs.<\/em>\u00ab\u00a0(Thomas X. Grasso, pr\u00e9sident de l&rsquo;association Inland Waterways International et de Canal Society of New York State).<\/p>\n<p>L\u00e9gende bilingue anglais-fran\u00e7ais. Cette carte existe en version papier avec un index de 64 pages.<\/p>\n","protected":false},"excerpt":{"rendered":"<p>Utile pour chercheurs, transporteurs, historiens, plaisanciers. Tout le r\u00e9seau interconnect\u00e9 des \u00c9tats-Unis et du Canada, encarts pour la c\u00f4te ouest. Fichier vecteur (vue optimale \u00e0 l&rsquo;\u00e9cran). T\u00e9l\u00e9chargement imm\u00e9diat (ou envoi par e-mail). Permet l&rsquo;affichage optimal sur votre \u00e9cran de la partie du r\u00e9seau qui vous int\u00e9resse, pour tout usage personnel (excluant toute \u00e9dition ou affichage en tout lieu sauf autorisation expresse de l&rsquo;\u00e9diteur).<\/p>\n","protected":false},"featured_media":876,"comment_status":"closed","ping_status":"closed","template":"","meta":{"_et_pb_use_builder":"","_et_pb_old_content":"","_et_gb_content_width":""},"product_cat":[50],"product_tag":[39,17,18],"yoast_head":"<!-- This site is optimized with the Yoast SEO plugin v21.2 - https:\/\/yoast.com\/wordpress\/plugins\/seo\/ -->\n<title>Voies navigables d&#039;Am\u00e9rique du Nord - Edwards-May Publications<\/title>\n<meta name=\"robots\" content=\"index, follow, max-snippet:-1, max-image-preview:large, max-video-preview:-1\" \/>\n<link rel=\"canonical\" href=\"https:\/\/www.edwardsmay.eu\/fr\/produit\/carte-des-canaux-de-grande-bretagne-pdf-copy\/\" \/>\n<meta property=\"og:locale\" content=\"fr_FR\" \/>\n<meta property=\"og:type\" content=\"article\" \/>\n<meta property=\"og:title\" content=\"Voies navigables d&#039;Am\u00e9rique du Nord - Edwards-May Publications\" \/>\n<meta property=\"og:description\" content=\"Utile pour chercheurs, transporteurs, historiens, plaisanciers. Tout le r\u00e9seau interconnect\u00e9 des \u00c9tats-Unis et du Canada, encarts pour la c\u00f4te ouest. Fichier vecteur (vue optimale \u00e0 l&#039;\u00e9cran). T\u00e9l\u00e9chargement imm\u00e9diat (ou envoi par e-mail). Permet l&#039;affichage optimal sur votre \u00e9cran de la partie du r\u00e9seau qui vous int\u00e9resse, pour tout usage personnel (excluant toute \u00e9dition ou affichage en tout lieu sauf autorisation expresse de l&#039;\u00e9diteur).\" \/>\n<meta property=\"og:url\" content=\"https:\/\/www.edwardsmay.eu\/fr\/produit\/carte-des-canaux-de-grande-bretagne-pdf-copy\/\" \/>\n<meta property=\"og:site_name\" content=\"Edwards-May Publications\" \/>\n<meta property=\"article:modified_time\" content=\"2022-02-11T04:24:56+00:00\" \/>\n<meta property=\"og:image\" content=\"https:\/\/www.edwardsmay.eu\/app\/uploads\/2015\/12\/nth-america-cover-2019.jpg\" \/>\n\t<meta property=\"og:image:width\" content=\"1016\" \/>\n\t<meta property=\"og:image:height\" content=\"1719\" \/>\n\t<meta property=\"og:image:type\" content=\"image\/jpeg\" \/>\n<meta name=\"twitter:card\" content=\"summary_large_image\" \/>\n<meta name=\"twitter:label1\" content=\"Dur\u00e9e de lecture estim\u00e9e\" \/>\n\t<meta name=\"twitter:data1\" content=\"1 minute\" \/>\n<script type=\"application\/ld+json\" class=\"yoast-schema-graph\">{\"@context\":\"https:\/\/schema.org\",\"@graph\":[{\"@type\":\"WebPage\",\"@id\":\"https:\/\/www.edwardsmay.eu\/fr\/produit\/carte-des-canaux-de-grande-bretagne-pdf-copy\/\",\"url\":\"https:\/\/www.edwardsmay.eu\/fr\/produit\/carte-des-canaux-de-grande-bretagne-pdf-copy\/\",\"name\":\"Voies navigables d'Am\u00e9rique du Nord - Edwards-May Publications\",\"isPartOf\":{\"@id\":\"https:\/\/www.edwardsmay.eu\/fr\/#website\"},\"datePublished\":\"2015-12-10T10:09:50+00:00\",\"dateModified\":\"2022-02-11T04:24:56+00:00\",\"breadcrumb\":{\"@id\":\"https:\/\/www.edwardsmay.eu\/fr\/produit\/carte-des-canaux-de-grande-bretagne-pdf-copy\/#breadcrumb\"},\"inLanguage\":\"fr-FR\",\"potentialAction\":[{\"@type\":\"ReadAction\",\"target\":[\"https:\/\/www.edwardsmay.eu\/fr\/produit\/carte-des-canaux-de-grande-bretagne-pdf-copy\/\"]}]},{\"@type\":\"BreadcrumbList\",\"@id\":\"https:\/\/www.edwardsmay.eu\/fr\/produit\/carte-des-canaux-de-grande-bretagne-pdf-copy\/#breadcrumb\",\"itemListElement\":[{\"@type\":\"ListItem\",\"position\":1,\"name\":\"Home\",\"item\":\"https:\/\/www.edwardsmay.eu\/fr\/\"},{\"@type\":\"ListItem\",\"position\":2,\"name\":\"Shop\",\"item\":\"https:\/\/www.edwardsmay.eu\/fr\/boutique\/\"},{\"@type\":\"ListItem\",\"position\":3,\"name\":\"Voies navigables d&#8217;Am\u00e9rique du Nord\"}]},{\"@type\":\"WebSite\",\"@id\":\"https:\/\/www.edwardsmay.eu\/fr\/#website\",\"url\":\"https:\/\/www.edwardsmay.eu\/fr\/\",\"name\":\"Edwards-May Publications\",\"description\":\"\",\"potentialAction\":[{\"@type\":\"SearchAction\",\"target\":{\"@type\":\"EntryPoint\",\"urlTemplate\":\"https:\/\/www.edwardsmay.eu\/fr\/?s={search_term_string}\"},\"query-input\":\"required name=search_term_string\"}],\"inLanguage\":\"fr-FR\"}]}<\/script>\n<!-- \/ Yoast SEO plugin. -->","yoast_head_json":{"title":"Voies navigables d'Am\u00e9rique du Nord - Edwards-May Publications","robots":{"index":"index","follow":"follow","max-snippet":"max-snippet:-1","max-image-preview":"max-image-preview:large","max-video-preview":"max-video-preview:-1"},"canonical":"https:\/\/www.edwardsmay.eu\/fr\/produit\/carte-des-canaux-de-grande-bretagne-pdf-copy\/","og_locale":"fr_FR","og_type":"article","og_title":"Voies navigables d'Am\u00e9rique du Nord - Edwards-May Publications","og_description":"Utile pour chercheurs, transporteurs, historiens, plaisanciers. Tout le r\u00e9seau interconnect\u00e9 des \u00c9tats-Unis et du Canada, encarts pour la c\u00f4te ouest. Fichier vecteur (vue optimale \u00e0 l'\u00e9cran). T\u00e9l\u00e9chargement imm\u00e9diat (ou envoi par e-mail). Permet l'affichage optimal sur votre \u00e9cran de la partie du r\u00e9seau qui vous int\u00e9resse, pour tout usage personnel (excluant toute \u00e9dition ou affichage en tout lieu sauf autorisation expresse de l'\u00e9diteur).","og_url":"https:\/\/www.edwardsmay.eu\/fr\/produit\/carte-des-canaux-de-grande-bretagne-pdf-copy\/","og_site_name":"Edwards-May Publications","article_modified_time":"2022-02-11T04:24:56+00:00","og_image":[{"width":1016,"height":1719,"url":"https:\/\/www.edwardsmay.eu\/app\/uploads\/2015\/12\/nth-america-cover-2019.jpg","type":"image\/jpeg"}],"twitter_card":"summary_large_image","twitter_misc":{"Dur\u00e9e de lecture estim\u00e9e":"1 minute"},"schema":{"@context":"https:\/\/schema.org","@graph":[{"@type":"WebPage","@id":"https:\/\/www.edwardsmay.eu\/fr\/produit\/carte-des-canaux-de-grande-bretagne-pdf-copy\/","url":"https:\/\/www.edwardsmay.eu\/fr\/produit\/carte-des-canaux-de-grande-bretagne-pdf-copy\/","name":"Voies navigables d'Am\u00e9rique du Nord - Edwards-May Publications","isPartOf":{"@id":"https:\/\/www.edwardsmay.eu\/fr\/#website"},"datePublished":"2015-12-10T10:09:50+00:00","dateModified":"2022-02-11T04:24:56+00:00","breadcrumb":{"@id":"https:\/\/www.edwardsmay.eu\/fr\/produit\/carte-des-canaux-de-grande-bretagne-pdf-copy\/#breadcrumb"},"inLanguage":"fr-FR","potentialAction":[{"@type":"ReadAction","target":["https:\/\/www.edwardsmay.eu\/fr\/produit\/carte-des-canaux-de-grande-bretagne-pdf-copy\/"]}]},{"@type":"BreadcrumbList","@id":"https:\/\/www.edwardsmay.eu\/fr\/produit\/carte-des-canaux-de-grande-bretagne-pdf-copy\/#breadcrumb","itemListElement":[{"@type":"ListItem","position":1,"name":"Home","item":"https:\/\/www.edwardsmay.eu\/fr\/"},{"@type":"ListItem","position":2,"name":"Shop","item":"https:\/\/www.edwardsmay.eu\/fr\/boutique\/"},{"@type":"ListItem","position":3,"name":"Voies navigables d&#8217;Am\u00e9rique du Nord"}]},{"@type":"WebSite","@id":"https:\/\/www.edwardsmay.eu\/fr\/#website","url":"https:\/\/www.edwardsmay.eu\/fr\/","name":"Edwards-May Publications","description":"","potentialAction":[{"@type":"SearchAction","target":{"@type":"EntryPoint","urlTemplate":"https:\/\/www.edwardsmay.eu\/fr\/?s={search_term_string}"},"query-input":"required name=search_term_string"}],"inLanguage":"fr-FR"}]}},"_links":{"self":[{"href":"https:\/\/www.edwardsmay.eu\/fr\/wp-json\/wp\/v2\/product\/347"}],"collection":[{"href":"https:\/\/www.edwardsmay.eu\/fr\/wp-json\/wp\/v2\/product"}],"about":[{"href":"https:\/\/www.edwardsmay.eu\/fr\/wp-json\/wp\/v2\/types\/product"}],"replies":[{"embeddable":true,"href":"https:\/\/www.edwardsmay.eu\/fr\/wp-json\/wp\/v2\/comments?post=347"}],"wp:featuredmedia":[{"embeddable":true,"href":"https:\/\/www.edwardsmay.eu\/fr\/wp-json\/wp\/v2\/media\/876"}],"wp:attachment":[{"href":"https:\/\/www.edwardsmay.eu\/fr\/wp-json\/wp\/v2\/media?parent=347"}],"wp:term":[{"taxonomy":"product_cat","embeddable":true,"href":"https:\/\/www.edwardsmay.eu\/fr\/wp-json\/wp\/v2\/product_cat?post=347"},{"taxonomy":"product_tag","embeddable":true,"href":"https:\/\/www.edwardsmay.eu\/fr\/wp-json\/wp\/v2\/product_tag?post=347"}],"curies":[{"name":"wp","href":"https:\/\/api.w.org\/{rel}","templated":true}]}}