{"id":354,"date":"2015-12-10T10:17:28","date_gmt":"2015-12-10T10:17:28","guid":{"rendered":""},"modified":"2022-12-27T19:18:35","modified_gmt":"2022-12-27T19:18:35","slug":"voies-navigables-de-chine-pdf-copy","status":"publish","type":"product","link":"https:\/\/www.edwardsmay.eu\/fr\/produit\/voies-navigables-de-chine-pdf-copy\/","title":{"rendered":"Carte des Voies navigables de France"},"content":{"rendered":"<p>Publi\u00e9e pour la premi\u00e8re fois dans les ann\u00e9es 50, confi\u00e9e alors \u00e0 E.E. Benest puis \u00e0 Konrad Nussbaum, la carte Imray des Voies navigables de France a toujours \u00e9t\u00e9 consid\u00e9r\u00e9e comme une r\u00e9f\u00e9rence essentielle pour la planification d&rsquo;un voyage en bateau. Elle est aujourd&rsquo;hui dessin\u00e9e et mise \u00e0 jour par David Edwards-May, dans le style de sa carte des voies navigables d&rsquo;Europe.<\/p>\n<p>La cartographie s&rsquo;est enrichie avec un niveau de d\u00e9tail approfondi et indique \u2013 avec plus de claret\u00e9 que dans les pr\u00e9c\u00e9dentes \u00e9dition \u2013, les informations essentielles concernant les distances et les dimensions des voies d&rsquo;eau. La carte couvre tous les Pays-Bas et une partie de l&rsquo;Allemagne (pour montrer le Rhin navigable jusqu&rsquo;en Suisse). Elle comprend deux encarts : la r\u00e9gion parisienne et le nord-est de la France. L&rsquo;\u00e9chelle est de 1\/1 500 000.<\/p>\n","protected":false},"excerpt":{"rendered":"<p><a href=\"http:\/\/www.edwardsmay.eu\/app\/uploads\/2015\/12\/IWFmapExtract.jpg\"><img decoding=\"async\" loading=\"lazy\" class=\" wp-image-315 alignleft\" src=\"http:\/\/www.edwardsmay.eu\/app\/uploads\/2015\/12\/IWFmapExtract-300x246.jpg\" alt=\"Map\" width=\"194\" height=\"159\" srcset=\"https:\/\/www.edwardsmay.eu\/app\/uploads\/2015\/12\/IWFmapExtract-300x246.jpg 300w, https:\/\/www.edwardsmay.eu\/app\/uploads\/2015\/12\/IWFmapExtract-480x393.jpg 480w, https:\/\/www.edwardsmay.eu\/app\/uploads\/2015\/12\/IWFmapExtract-400x327.jpg 400w, https:\/\/www.edwardsmay.eu\/app\/uploads\/2015\/12\/IWFmapExtract-510x418.jpg 510w, https:\/\/www.edwardsmay.eu\/app\/uploads\/2015\/12\/IWFmapExtract-245x201.jpg 245w, https:\/\/www.edwardsmay.eu\/app\/uploads\/2015\/12\/IWFmapExtract.jpg 590w\" sizes=\"(max-width: 194px) 100vw, 194px\" \/><\/a>Compl\u00e9ment de l&rsquo;ouvrage <strong>Inland Waterways of France<\/strong>, cette carte \u00e0 l&rsquo;\u00e9chelle du 1:1 500 000, a \u00e9t\u00e9 enti\u00e8rement renouvel\u00e9e par David Edwards-May et redessin\u00e9e dans le style de ses autres produits cartographiques, avec un niveau de d\u00e9tail am\u00e9lior\u00e9. Agrandissements pour le nord de la France et une partie du r\u00e9seau belge, et pour la r\u00e9gion parisienne. Inventaire sommaire des principaux ports de plaisance.<\/p>\n","protected":false},"featured_media":1103,"comment_status":"closed","ping_status":"closed","template":"","meta":{"_et_pb_use_builder":"","_et_pb_old_content":"","_et_gb_content_width":""},"product_cat":[50],"product_tag":[36,17,18],"yoast_head":"<!-- This site is optimized with the Yoast SEO plugin v21.2 - https:\/\/yoast.com\/wordpress\/plugins\/seo\/ -->\n<title>Carte des Voies navigables de France - Edwards-May Publications<\/title>\n<meta name=\"robots\" content=\"index, follow, max-snippet:-1, max-image-preview:large, max-video-preview:-1\" \/>\n<link rel=\"canonical\" href=\"https:\/\/www.edwardsmay.eu\/fr\/produit\/voies-navigables-de-chine-pdf-copy\/\" \/>\n<meta property=\"og:locale\" content=\"fr_FR\" \/>\n<meta property=\"og:type\" content=\"article\" \/>\n<meta property=\"og:title\" content=\"Carte des Voies navigables de France - Edwards-May Publications\" \/>\n<meta property=\"og:description\" content=\"Compl\u00e9ment de l&#039;ouvrage Inland Waterways of France, cette carte \u00e0 l&#039;\u00e9chelle du 1:1 500 000, a \u00e9t\u00e9 enti\u00e8rement renouvel\u00e9e par David Edwards-May et redessin\u00e9e dans le style de ses autres produits cartographiques, avec un niveau de d\u00e9tail am\u00e9lior\u00e9. Agrandissements pour le nord de la France et une partie du r\u00e9seau belge, et pour la r\u00e9gion parisienne. Inventaire sommaire des principaux ports de plaisance.\" \/>\n<meta property=\"og:url\" content=\"https:\/\/www.edwardsmay.eu\/fr\/produit\/voies-navigables-de-chine-pdf-copy\/\" \/>\n<meta property=\"og:site_name\" content=\"Edwards-May Publications\" \/>\n<meta property=\"article:modified_time\" content=\"2022-12-27T19:18:35+00:00\" \/>\n<meta property=\"og:image\" content=\"https:\/\/www.edwardsmay.eu\/app\/uploads\/2015\/12\/iwf-map-cover.jpg\" \/>\n\t<meta property=\"og:image:width\" content=\"846\" \/>\n\t<meta property=\"og:image:height\" content=\"1286\" \/>\n\t<meta property=\"og:image:type\" content=\"image\/jpeg\" \/>\n<meta name=\"twitter:card\" content=\"summary_large_image\" \/>\n<meta name=\"twitter:label1\" content=\"Dur\u00e9e de lecture estim\u00e9e\" \/>\n\t<meta name=\"twitter:data1\" content=\"1 minute\" \/>\n<script type=\"application\/ld+json\" class=\"yoast-schema-graph\">{\"@context\":\"https:\/\/schema.org\",\"@graph\":[{\"@type\":\"WebPage\",\"@id\":\"https:\/\/www.edwardsmay.eu\/fr\/produit\/voies-navigables-de-chine-pdf-copy\/\",\"url\":\"https:\/\/www.edwardsmay.eu\/fr\/produit\/voies-navigables-de-chine-pdf-copy\/\",\"name\":\"Carte des Voies navigables de France - Edwards-May Publications\",\"isPartOf\":{\"@id\":\"https:\/\/www.edwardsmay.eu\/fr\/#website\"},\"datePublished\":\"2015-12-10T10:17:28+00:00\",\"dateModified\":\"2022-12-27T19:18:35+00:00\",\"breadcrumb\":{\"@id\":\"https:\/\/www.edwardsmay.eu\/fr\/produit\/voies-navigables-de-chine-pdf-copy\/#breadcrumb\"},\"inLanguage\":\"fr-FR\",\"potentialAction\":[{\"@type\":\"ReadAction\",\"target\":[\"https:\/\/www.edwardsmay.eu\/fr\/produit\/voies-navigables-de-chine-pdf-copy\/\"]}]},{\"@type\":\"BreadcrumbList\",\"@id\":\"https:\/\/www.edwardsmay.eu\/fr\/produit\/voies-navigables-de-chine-pdf-copy\/#breadcrumb\",\"itemListElement\":[{\"@type\":\"ListItem\",\"position\":1,\"name\":\"Home\",\"item\":\"https:\/\/www.edwardsmay.eu\/fr\/\"},{\"@type\":\"ListItem\",\"position\":2,\"name\":\"Shop\",\"item\":\"https:\/\/www.edwardsmay.eu\/fr\/boutique\/\"},{\"@type\":\"ListItem\",\"position\":3,\"name\":\"Carte des Voies navigables de France\"}]},{\"@type\":\"WebSite\",\"@id\":\"https:\/\/www.edwardsmay.eu\/fr\/#website\",\"url\":\"https:\/\/www.edwardsmay.eu\/fr\/\",\"name\":\"Edwards-May Publications\",\"description\":\"\",\"potentialAction\":[{\"@type\":\"SearchAction\",\"target\":{\"@type\":\"EntryPoint\",\"urlTemplate\":\"https:\/\/www.edwardsmay.eu\/fr\/?s={search_term_string}\"},\"query-input\":\"required name=search_term_string\"}],\"inLanguage\":\"fr-FR\"}]}<\/script>\n<!-- \/ Yoast SEO plugin. -->","yoast_head_json":{"title":"Carte des Voies navigables de France - Edwards-May Publications","robots":{"index":"index","follow":"follow","max-snippet":"max-snippet:-1","max-image-preview":"max-image-preview:large","max-video-preview":"max-video-preview:-1"},"canonical":"https:\/\/www.edwardsmay.eu\/fr\/produit\/voies-navigables-de-chine-pdf-copy\/","og_locale":"fr_FR","og_type":"article","og_title":"Carte des Voies navigables de France - Edwards-May Publications","og_description":"Compl\u00e9ment de l'ouvrage Inland Waterways of France, cette carte \u00e0 l'\u00e9chelle du 1:1 500 000, a \u00e9t\u00e9 enti\u00e8rement renouvel\u00e9e par David Edwards-May et redessin\u00e9e dans le style de ses autres produits cartographiques, avec un niveau de d\u00e9tail am\u00e9lior\u00e9. Agrandissements pour le nord de la France et une partie du r\u00e9seau belge, et pour la r\u00e9gion parisienne. Inventaire sommaire des principaux ports de plaisance.","og_url":"https:\/\/www.edwardsmay.eu\/fr\/produit\/voies-navigables-de-chine-pdf-copy\/","og_site_name":"Edwards-May Publications","article_modified_time":"2022-12-27T19:18:35+00:00","og_image":[{"width":846,"height":1286,"url":"https:\/\/www.edwardsmay.eu\/app\/uploads\/2015\/12\/iwf-map-cover.jpg","type":"image\/jpeg"}],"twitter_card":"summary_large_image","twitter_misc":{"Dur\u00e9e de lecture estim\u00e9e":"1 minute"},"schema":{"@context":"https:\/\/schema.org","@graph":[{"@type":"WebPage","@id":"https:\/\/www.edwardsmay.eu\/fr\/produit\/voies-navigables-de-chine-pdf-copy\/","url":"https:\/\/www.edwardsmay.eu\/fr\/produit\/voies-navigables-de-chine-pdf-copy\/","name":"Carte des Voies navigables de France - Edwards-May Publications","isPartOf":{"@id":"https:\/\/www.edwardsmay.eu\/fr\/#website"},"datePublished":"2015-12-10T10:17:28+00:00","dateModified":"2022-12-27T19:18:35+00:00","breadcrumb":{"@id":"https:\/\/www.edwardsmay.eu\/fr\/produit\/voies-navigables-de-chine-pdf-copy\/#breadcrumb"},"inLanguage":"fr-FR","potentialAction":[{"@type":"ReadAction","target":["https:\/\/www.edwardsmay.eu\/fr\/produit\/voies-navigables-de-chine-pdf-copy\/"]}]},{"@type":"BreadcrumbList","@id":"https:\/\/www.edwardsmay.eu\/fr\/produit\/voies-navigables-de-chine-pdf-copy\/#breadcrumb","itemListElement":[{"@type":"ListItem","position":1,"name":"Home","item":"https:\/\/www.edwardsmay.eu\/fr\/"},{"@type":"ListItem","position":2,"name":"Shop","item":"https:\/\/www.edwardsmay.eu\/fr\/boutique\/"},{"@type":"ListItem","position":3,"name":"Carte des Voies navigables de France"}]},{"@type":"WebSite","@id":"https:\/\/www.edwardsmay.eu\/fr\/#website","url":"https:\/\/www.edwardsmay.eu\/fr\/","name":"Edwards-May Publications","description":"","potentialAction":[{"@type":"SearchAction","target":{"@type":"EntryPoint","urlTemplate":"https:\/\/www.edwardsmay.eu\/fr\/?s={search_term_string}"},"query-input":"required name=search_term_string"}],"inLanguage":"fr-FR"}]}},"_links":{"self":[{"href":"https:\/\/www.edwardsmay.eu\/fr\/wp-json\/wp\/v2\/product\/354"}],"collection":[{"href":"https:\/\/www.edwardsmay.eu\/fr\/wp-json\/wp\/v2\/product"}],"about":[{"href":"https:\/\/www.edwardsmay.eu\/fr\/wp-json\/wp\/v2\/types\/product"}],"replies":[{"embeddable":true,"href":"https:\/\/www.edwardsmay.eu\/fr\/wp-json\/wp\/v2\/comments?post=354"}],"wp:featuredmedia":[{"embeddable":true,"href":"https:\/\/www.edwardsmay.eu\/fr\/wp-json\/wp\/v2\/media\/1103"}],"wp:attachment":[{"href":"https:\/\/www.edwardsmay.eu\/fr\/wp-json\/wp\/v2\/media?parent=354"}],"wp:term":[{"taxonomy":"product_cat","embeddable":true,"href":"https:\/\/www.edwardsmay.eu\/fr\/wp-json\/wp\/v2\/product_cat?post=354"},{"taxonomy":"product_tag","embeddable":true,"href":"https:\/\/www.edwardsmay.eu\/fr\/wp-json\/wp\/v2\/product_tag?post=354"}],"curies":[{"name":"wp","href":"https:\/\/api.w.org\/{rel}","templated":true}]}}