{"id":356,"date":"2015-12-10T10:27:02","date_gmt":"2015-12-10T10:27:02","guid":{"rendered":""},"modified":"2016-03-03T15:58:18","modified_gmt":"2016-03-03T15:58:18","slug":"carte-des-voies-navigables-de-france-copy","status":"publish","type":"product","link":"https:\/\/www.edwardsmay.eu\/fr\/produit\/carte-des-voies-navigables-de-france-copy\/","title":{"rendered":"Des Canaux de Navigation"},"content":{"rendered":"<p><a href=\"http:\/\/www.edwardsmay.eu\/app\/uploads\/2015\/12\/Des-Canaux-de-Navigation_Extrait.jpg\" rel=\"attachment wp-att-404\"><img decoding=\"async\" loading=\"lazy\" class=\"alignleft size-medium wp-image-404\" src=\"http:\/\/www.edwardsmay.eu\/app\/uploads\/2015\/12\/Des-Canaux-de-Navigation_Extrait-300x246.jpg\" alt=\"Des-Canaux-de-Navigation_Extrait\" width=\"300\" height=\"246\" srcset=\"https:\/\/www.edwardsmay.eu\/app\/uploads\/2015\/12\/Des-Canaux-de-Navigation_Extrait-300x246.jpg 300w, https:\/\/www.edwardsmay.eu\/app\/uploads\/2015\/12\/Des-Canaux-de-Navigation_Extrait-480x393.jpg 480w, https:\/\/www.edwardsmay.eu\/app\/uploads\/2015\/12\/Des-Canaux-de-Navigation_Extrait-400x327.jpg 400w, https:\/\/www.edwardsmay.eu\/app\/uploads\/2015\/12\/Des-Canaux-de-Navigation_Extrait-510x418.jpg 510w, https:\/\/www.edwardsmay.eu\/app\/uploads\/2015\/12\/Des-Canaux-de-Navigation_Extrait-245x201.jpg 245w, https:\/\/www.edwardsmay.eu\/app\/uploads\/2015\/12\/Des-Canaux-de-Navigation_Extrait.jpg 590w\" sizes=\"(max-width: 300px) 100vw, 300px\" \/><\/a>Cette encyclop\u00e9die des canaux du monde, publi\u00e9e en 1778, a \u00e9t\u00e9 enti\u00e8rement recompos\u00e9e et mise en page par Euromapping. L&rsquo;\u00e9dition 1996 (en co-\u00e9dition avec l&rsquo;APAMP) a \u00e9t\u00e9 rapidement \u00e9puis\u00e9e. N&rsquo;ayant pu financer \u00e0 ce jour un nouveau tirage, nous invitons tous les sp\u00e9cialistes et amateurs de l&rsquo;histoire de nos canaux \u00e0 se procurer la <strong>version pdf de la totalit\u00e9 de l&rsquo;ouvrage<\/strong>, enti\u00e8rement consultable avec Acrobat Reader. Ce sera une mine de renseignements pour de nombreux acteurs des canaux, sur tous les continents, et certains y trouveront m\u00eame de vraies p\u00e9pites ! Utilisation des contenus du pdf sous <strong>licence nominative<\/strong>.<br \/><strong>Euromapping remercie les clients qui ont soutenu cette nouvelle \u00e9dition en faisant l&rsquo;acquisition <\/strong>de notre premier eBook au prix de 69 euros, prix de souscription pour le livre lui-m\u00eame, bel ouvrage fa\u00e7onn\u00e9 \u00e0 l&rsquo;ancienne, sous couverture toile. Nous n&rsquo;avons pu encore financer cette \u00e9dition, mais les clients se verront livrer le produit d\u00e8s qu&rsquo;il sera disponible.<\/p>\n","protected":false},"excerpt":{"rendered":"<p>Une v\u00e9ritable encyclop\u00e9die des canaux du monde, et sp\u00e9cialement du Canal du Midi, \u00e9crite \u00e0 la veille de la R\u00e9volution fran\u00e7aise, avec une pr\u00e9face de Michel Cotte, expert de l&rsquo;histoire des techniques, et une note de l&rsquo;\u00e9diteur David Edwards-May. L&rsquo;ouvrage est t\u00e9l\u00e9chargeable instantan\u00e9ment en pdf de 619 pages. Utilisation des contenus du pdf sous <strong>licence nominative<\/strong>.<strong><br \/><\/strong><\/p>\n","protected":false},"featured_media":403,"comment_status":"closed","ping_status":"closed","template":"","meta":{"_et_pb_use_builder":"","_et_pb_old_content":"","_et_gb_content_width":""},"product_cat":[32],"product_tag":[17,40,18,46],"yoast_head":"<!-- This site is optimized with the Yoast SEO plugin v21.2 - https:\/\/yoast.com\/wordpress\/plugins\/seo\/ -->\n<title>Des Canaux de Navigation - Edwards-May Publications<\/title>\n<meta name=\"robots\" content=\"index, follow, max-snippet:-1, max-image-preview:large, max-video-preview:-1\" \/>\n<link rel=\"canonical\" href=\"https:\/\/www.edwardsmay.eu\/fr\/produit\/carte-des-voies-navigables-de-france-copy\/\" \/>\n<meta property=\"og:locale\" content=\"fr_FR\" \/>\n<meta property=\"og:type\" content=\"article\" \/>\n<meta property=\"og:title\" content=\"Des Canaux de Navigation - Edwards-May Publications\" \/>\n<meta property=\"og:description\" content=\"Une v\u00e9ritable encyclop\u00e9die des canaux du monde, et sp\u00e9cialement du Canal du Midi, \u00e9crite \u00e0 la veille de la R\u00e9volution fran\u00e7aise, avec une pr\u00e9face de Michel Cotte, expert de l&#039;histoire des techniques, et une note de l&#039;\u00e9diteur David Edwards-May. L&#039;ouvrage est t\u00e9l\u00e9chargeable instantan\u00e9ment en pdf de 619 pages. Utilisation des contenus du pdf sous licence nominative.\" \/>\n<meta property=\"og:url\" content=\"https:\/\/www.edwardsmay.eu\/fr\/produit\/carte-des-voies-navigables-de-france-copy\/\" \/>\n<meta property=\"og:site_name\" content=\"Edwards-May Publications\" \/>\n<meta property=\"article:modified_time\" content=\"2016-03-03T15:58:18+00:00\" \/>\n<meta property=\"og:image\" content=\"https:\/\/www.edwardsmay.eu\/app\/uploads\/2015\/12\/Des-Canaux-de-Navigation_Cover-1.jpg\" \/>\n\t<meta property=\"og:image:width\" content=\"345\" \/>\n\t<meta property=\"og:image:height\" content=\"564\" \/>\n\t<meta property=\"og:image:type\" content=\"image\/jpeg\" \/>\n<meta name=\"twitter:card\" content=\"summary_large_image\" \/>\n<meta name=\"twitter:label1\" content=\"Dur\u00e9e de lecture estim\u00e9e\" \/>\n\t<meta name=\"twitter:data1\" content=\"1 minute\" \/>\n<script type=\"application\/ld+json\" class=\"yoast-schema-graph\">{\"@context\":\"https:\/\/schema.org\",\"@graph\":[{\"@type\":\"WebPage\",\"@id\":\"https:\/\/www.edwardsmay.eu\/fr\/produit\/carte-des-voies-navigables-de-france-copy\/\",\"url\":\"https:\/\/www.edwardsmay.eu\/fr\/produit\/carte-des-voies-navigables-de-france-copy\/\",\"name\":\"Des Canaux de Navigation - Edwards-May Publications\",\"isPartOf\":{\"@id\":\"https:\/\/www.edwardsmay.eu\/fr\/#website\"},\"datePublished\":\"2015-12-10T10:27:02+00:00\",\"dateModified\":\"2016-03-03T15:58:18+00:00\",\"breadcrumb\":{\"@id\":\"https:\/\/www.edwardsmay.eu\/fr\/produit\/carte-des-voies-navigables-de-france-copy\/#breadcrumb\"},\"inLanguage\":\"fr-FR\",\"potentialAction\":[{\"@type\":\"ReadAction\",\"target\":[\"https:\/\/www.edwardsmay.eu\/fr\/produit\/carte-des-voies-navigables-de-france-copy\/\"]}]},{\"@type\":\"BreadcrumbList\",\"@id\":\"https:\/\/www.edwardsmay.eu\/fr\/produit\/carte-des-voies-navigables-de-france-copy\/#breadcrumb\",\"itemListElement\":[{\"@type\":\"ListItem\",\"position\":1,\"name\":\"Home\",\"item\":\"https:\/\/www.edwardsmay.eu\/fr\/\"},{\"@type\":\"ListItem\",\"position\":2,\"name\":\"Shop\",\"item\":\"https:\/\/www.edwardsmay.eu\/fr\/boutique\/\"},{\"@type\":\"ListItem\",\"position\":3,\"name\":\"Des Canaux de Navigation\"}]},{\"@type\":\"WebSite\",\"@id\":\"https:\/\/www.edwardsmay.eu\/fr\/#website\",\"url\":\"https:\/\/www.edwardsmay.eu\/fr\/\",\"name\":\"Edwards-May Publications\",\"description\":\"\",\"potentialAction\":[{\"@type\":\"SearchAction\",\"target\":{\"@type\":\"EntryPoint\",\"urlTemplate\":\"https:\/\/www.edwardsmay.eu\/fr\/?s={search_term_string}\"},\"query-input\":\"required name=search_term_string\"}],\"inLanguage\":\"fr-FR\"}]}<\/script>\n<!-- \/ Yoast SEO plugin. -->","yoast_head_json":{"title":"Des Canaux de Navigation - Edwards-May Publications","robots":{"index":"index","follow":"follow","max-snippet":"max-snippet:-1","max-image-preview":"max-image-preview:large","max-video-preview":"max-video-preview:-1"},"canonical":"https:\/\/www.edwardsmay.eu\/fr\/produit\/carte-des-voies-navigables-de-france-copy\/","og_locale":"fr_FR","og_type":"article","og_title":"Des Canaux de Navigation - Edwards-May Publications","og_description":"Une v\u00e9ritable encyclop\u00e9die des canaux du monde, et sp\u00e9cialement du Canal du Midi, \u00e9crite \u00e0 la veille de la R\u00e9volution fran\u00e7aise, avec une pr\u00e9face de Michel Cotte, expert de l'histoire des techniques, et une note de l'\u00e9diteur David Edwards-May. L'ouvrage est t\u00e9l\u00e9chargeable instantan\u00e9ment en pdf de 619 pages. Utilisation des contenus du pdf sous licence nominative.","og_url":"https:\/\/www.edwardsmay.eu\/fr\/produit\/carte-des-voies-navigables-de-france-copy\/","og_site_name":"Edwards-May Publications","article_modified_time":"2016-03-03T15:58:18+00:00","og_image":[{"width":345,"height":564,"url":"https:\/\/www.edwardsmay.eu\/app\/uploads\/2015\/12\/Des-Canaux-de-Navigation_Cover-1.jpg","type":"image\/jpeg"}],"twitter_card":"summary_large_image","twitter_misc":{"Dur\u00e9e de lecture estim\u00e9e":"1 minute"},"schema":{"@context":"https:\/\/schema.org","@graph":[{"@type":"WebPage","@id":"https:\/\/www.edwardsmay.eu\/fr\/produit\/carte-des-voies-navigables-de-france-copy\/","url":"https:\/\/www.edwardsmay.eu\/fr\/produit\/carte-des-voies-navigables-de-france-copy\/","name":"Des Canaux de Navigation - Edwards-May Publications","isPartOf":{"@id":"https:\/\/www.edwardsmay.eu\/fr\/#website"},"datePublished":"2015-12-10T10:27:02+00:00","dateModified":"2016-03-03T15:58:18+00:00","breadcrumb":{"@id":"https:\/\/www.edwardsmay.eu\/fr\/produit\/carte-des-voies-navigables-de-france-copy\/#breadcrumb"},"inLanguage":"fr-FR","potentialAction":[{"@type":"ReadAction","target":["https:\/\/www.edwardsmay.eu\/fr\/produit\/carte-des-voies-navigables-de-france-copy\/"]}]},{"@type":"BreadcrumbList","@id":"https:\/\/www.edwardsmay.eu\/fr\/produit\/carte-des-voies-navigables-de-france-copy\/#breadcrumb","itemListElement":[{"@type":"ListItem","position":1,"name":"Home","item":"https:\/\/www.edwardsmay.eu\/fr\/"},{"@type":"ListItem","position":2,"name":"Shop","item":"https:\/\/www.edwardsmay.eu\/fr\/boutique\/"},{"@type":"ListItem","position":3,"name":"Des Canaux de Navigation"}]},{"@type":"WebSite","@id":"https:\/\/www.edwardsmay.eu\/fr\/#website","url":"https:\/\/www.edwardsmay.eu\/fr\/","name":"Edwards-May Publications","description":"","potentialAction":[{"@type":"SearchAction","target":{"@type":"EntryPoint","urlTemplate":"https:\/\/www.edwardsmay.eu\/fr\/?s={search_term_string}"},"query-input":"required name=search_term_string"}],"inLanguage":"fr-FR"}]}},"_links":{"self":[{"href":"https:\/\/www.edwardsmay.eu\/fr\/wp-json\/wp\/v2\/product\/356"}],"collection":[{"href":"https:\/\/www.edwardsmay.eu\/fr\/wp-json\/wp\/v2\/product"}],"about":[{"href":"https:\/\/www.edwardsmay.eu\/fr\/wp-json\/wp\/v2\/types\/product"}],"replies":[{"embeddable":true,"href":"https:\/\/www.edwardsmay.eu\/fr\/wp-json\/wp\/v2\/comments?post=356"}],"wp:featuredmedia":[{"embeddable":true,"href":"https:\/\/www.edwardsmay.eu\/fr\/wp-json\/wp\/v2\/media\/403"}],"wp:attachment":[{"href":"https:\/\/www.edwardsmay.eu\/fr\/wp-json\/wp\/v2\/media?parent=356"}],"wp:term":[{"taxonomy":"product_cat","embeddable":true,"href":"https:\/\/www.edwardsmay.eu\/fr\/wp-json\/wp\/v2\/product_cat?post=356"},{"taxonomy":"product_tag","embeddable":true,"href":"https:\/\/www.edwardsmay.eu\/fr\/wp-json\/wp\/v2\/product_tag?post=356"}],"curies":[{"name":"wp","href":"https:\/\/api.w.org\/{rel}","templated":true}]}}