{"id":444,"date":"2016-01-08T09:17:14","date_gmt":"2016-01-08T09:17:14","guid":{"rendered":"http:\/\/www.transmanche.net\/fr\/produit\/european-waterways-map-and-directory-5th-edition-3\/"},"modified":"2022-12-16T19:03:10","modified_gmt":"2022-12-16T19:03:10","slug":"european-waterways-map-and-directory-6th-edition","status":"publish","type":"product","link":"https:\/\/www.edwardsmay.eu\/fr\/produit\/european-waterways-map-and-directory-6th-edition\/","title":{"rendered":"European Waterways Map and Directory, 6th edition"},"content":{"rendered":"<p>La 6e \u00e9dition de cette pr\u00e9cieuse carte de r\u00e9f\u00e9rence a \u00e9t\u00e9 \u00e9dit\u00e9e par Imray (R-U) en f\u00e9vrier 2021. Dimensions 1210 x 870 mm<br \/>D&rsquo;un c\u00f4t\u00e9, l&rsquo;Europe depuis l&rsquo;Irlande et le Portugal jusqu&rsquo;\u00e0 la Mer Caspienne &#8211;\u00a0<br \/>\u00c9chelle 1:3 750 000<br \/>L&rsquo;agrandissement au verso, foisonnant de d\u00e9tail, couvre le r\u00e9seau le plus dense depuis Dublin jusqu&rsquo;\u00e0 Bratislava sur le Danube.<br \/>\u00c9chelle 1:1 500 000<br \/>Un encart couvre la partie la plus dense du r\u00e9seau entre les Pays-Bas et le Nord de la France, incluant tout le r\u00e9seau de la Belgique, avec un niveau de d\u00e9tail suffisant pour planifier ses voyages<br \/>\u00c9chelle 1:1 000 000<br \/>La carte est imprim\u00e9e sur un papier de grande qualit\u00e9, r\u00e9sistant au d\u00e9chirage.<br \/>La carte est pli\u00e9e et ins\u00e9r\u00e9e sous une couverture cartonn\u00e9e, format 290 par 156 mm, avec une notice de 64 pages \u00e9crite par David Edwards-May; description succincte du r\u00e9seau fluvial de chaque pays, avec les coordonn\u00e9es des principaux gestionnaires et boating associations, etc.<br \/><strong>Ce produit est exp\u00e9di\u00e9 le plus souvent le jour de la commande !<\/strong><\/p>\n<p><a href=\"https:\/\/www.edwardsmay.eu\/app\/uploads\/2016\/01\/europe-extract-901x1024.jpg\"><img decoding=\"async\" loading=\"lazy\" class=\"alignnone size-large wp-image-1079\" src=\"https:\/\/www.edwardsmay.eu\/app\/uploads\/2016\/01\/europe-extract-901x1024.jpg\" alt=\"\" width=\"901\" height=\"1024\" \/><\/a><\/p>\n","protected":false},"excerpt":{"rendered":"<div align=\"left\">La 6e \u00e9dition de la seule carte compl\u00e8te des voies navigables d\u2019Europe s&rsquo;adresse aux plaisanciers et aux autres usagers de la voie d&rsquo;eau, ainsi qu&rsquo;aux gestionnaires et aux professionnels du transport et du tourisme fluvial. C&rsquo;est un outil de r\u00e9f\u00e9rence indispensable. L&rsquo;\u00e9dition fran\u00e7aise \u00e9tant actuellement \u00e9puis\u00e9e, l&rsquo;\u00e9dition anglaise sera fournie, accompagn\u00e9e du pdf de la notice descriptive en fran\u00e7ais (\u00e9dition 2015).<\/div>\n","protected":false},"featured_media":1078,"comment_status":"closed","ping_status":"closed","template":"","meta":{"_et_pb_use_builder":"","_et_pb_old_content":"<p>n [et_pb_section fb_built=\"1\" _builder_version=\"4.16\" custom_padding=\"0px||||false|false\" global_colors_info=\"{}\"][et_pb_row _builder_version=\"4.16\" background_size=\"initial\" background_position=\"top_left\" background_repeat=\"repeat\" width=\"100%\" custom_padding=\"0px||0px||false|false\" global_colors_info=\"{}\"][et_pb_column type=\"4_4\" _builder_version=\"4.16\" custom_padding=\"|||\" global_colors_info=\"{}\" custom_padding__hover=\"|||\"][et_pb_wc_breadcrumb _builder_version=\"4.16\" global_colors_info=\"{}\"][\/et_pb_wc_breadcrumb][et_pb_wc_cart_notice _builder_version=\"4.16\" global_colors_info=\"{}\"][\/et_pb_wc_cart_notice][\/et_pb_column][\/et_pb_row][et_pb_row _builder_version=\"4.16\" background_size=\"initial\" background_position=\"top_left\" background_repeat=\"repeat\" width=\"100%\" custom_padding=\"0px||||false|false\" global_colors_info=\"{}\" column_structure=\"1_2,1_2\"][et_pb_column type=\"1_2\" _builder_version=\"4.16\" custom_padding=\"|||\" global_colors_info=\"{}\" custom_padding__hover=\"|||\"][et_pb_wc_images _builder_version=\"4.16\" global_colors_info=\"{}\"][\/et_pb_wc_images][\/et_pb_column][et_pb_column type=\"1_2\" _builder_version=\"4.16\" custom_padding=\"|||\" global_colors_info=\"{}\" custom_padding__hover=\"|||\"][et_pb_wc_title _builder_version=\"4.16\" global_colors_info=\"{}\"][\/et_pb_wc_title][et_pb_wc_rating _builder_version=\"4.16\" global_colors_info=\"{}\"][\/et_pb_wc_rating][et_pb_wc_price _builder_version=\"4.16\" global_colors_info=\"{}\"][\/et_pb_wc_price][et_pb_wc_description _builder_version=\"4.17.3\" global_colors_info=\"{}\"][\/et_pb_wc_description][et_pb_wc_add_to_cart _builder_version=\"4.16\" global_colors_info=\"{}\"][\/et_pb_wc_add_to_cart][et_pb_wc_meta _builder_version=\"4.16\" global_colors_info=\"{}\"][\/et_pb_wc_meta][\/et_pb_column][\/et_pb_row][et_pb_row _builder_version=\"4.16\" background_size=\"initial\" background_position=\"top_left\" background_repeat=\"repeat\" width=\"100%\" global_colors_info=\"{}\"][et_pb_column type=\"4_4\" _builder_version=\"4.16\" custom_padding=\"|||\" global_colors_info=\"{}\" custom_padding__hover=\"|||\"][et_pb_wc_tabs _builder_version=\"4.16\" global_colors_info=\"{}\"] [\/et_pb_wc_tabs][et_pb_wc_upsells _builder_version=\"4.16\" global_colors_info=\"{}\"][\/et_pb_wc_upsells][et_pb_wc_related_products _builder_version=\"4.16\" global_colors_info=\"{}\"][\/et_pb_wc_related_products][\/et_pb_column][\/et_pb_row][\/et_pb_section]<\/p>","_et_gb_content_width":""},"product_cat":[50],"product_tag":[16,17,18],"yoast_head":"<!-- This site is optimized with the Yoast SEO plugin v21.2 - https:\/\/yoast.com\/wordpress\/plugins\/seo\/ -->\n<title>European Waterways Map and Directory, 6th edition - Edwards-May Publications<\/title>\n<meta name=\"description\" content=\"6e \u00e9dition de la carte d\u00e9taill\u00e9e des voies navigables dans toute l&#039;Europe, avec un \u00e9tat descriptif du r\u00e9seau fluvial dans chaque pays\" \/>\n<meta name=\"robots\" content=\"index, follow, max-snippet:-1, max-image-preview:large, max-video-preview:-1\" \/>\n<link rel=\"canonical\" href=\"https:\/\/www.edwardsmay.eu\/fr\/produit\/european-waterways-map-and-directory-6th-edition\/\" \/>\n<meta property=\"og:locale\" content=\"fr_FR\" \/>\n<meta property=\"og:type\" content=\"article\" \/>\n<meta property=\"og:title\" content=\"European Waterways Map and Directory, 6th edition - Edwards-May Publications\" \/>\n<meta property=\"og:description\" content=\"6e \u00e9dition de la carte d\u00e9taill\u00e9e des voies navigables dans toute l&#039;Europe, avec un \u00e9tat descriptif du r\u00e9seau fluvial dans chaque pays\" \/>\n<meta property=\"og:url\" content=\"https:\/\/www.edwardsmay.eu\/fr\/produit\/european-waterways-map-and-directory-6th-edition\/\" \/>\n<meta property=\"og:site_name\" content=\"Edwards-May Publications\" \/>\n<meta property=\"article:modified_time\" content=\"2022-12-16T19:03:10+00:00\" \/>\n<meta property=\"og:image\" content=\"https:\/\/www.edwardsmay.eu\/app\/uploads\/2016\/01\/cover-europe-6th.jpg\" \/>\n\t<meta property=\"og:image:width\" content=\"1000\" \/>\n\t<meta property=\"og:image:height\" content=\"1611\" \/>\n\t<meta property=\"og:image:type\" content=\"image\/jpeg\" \/>\n<meta name=\"twitter:card\" content=\"summary_large_image\" \/>\n<meta name=\"twitter:label1\" content=\"Dur\u00e9e de lecture estim\u00e9e\" \/>\n\t<meta name=\"twitter:data1\" content=\"1 minute\" \/>\n<script type=\"application\/ld+json\" class=\"yoast-schema-graph\">{\"@context\":\"https:\/\/schema.org\",\"@graph\":[{\"@type\":\"WebPage\",\"@id\":\"https:\/\/www.edwardsmay.eu\/fr\/produit\/european-waterways-map-and-directory-6th-edition\/\",\"url\":\"https:\/\/www.edwardsmay.eu\/fr\/produit\/european-waterways-map-and-directory-6th-edition\/\",\"name\":\"European Waterways Map and Directory, 6th edition - Edwards-May Publications\",\"isPartOf\":{\"@id\":\"https:\/\/www.edwardsmay.eu\/fr\/#website\"},\"datePublished\":\"2016-01-08T09:17:14+00:00\",\"dateModified\":\"2022-12-16T19:03:10+00:00\",\"description\":\"6e \u00e9dition de la carte d\u00e9taill\u00e9e des voies navigables dans toute l'Europe, avec un \u00e9tat descriptif du r\u00e9seau fluvial dans chaque pays\",\"breadcrumb\":{\"@id\":\"https:\/\/www.edwardsmay.eu\/fr\/produit\/european-waterways-map-and-directory-6th-edition\/#breadcrumb\"},\"inLanguage\":\"fr-FR\",\"potentialAction\":[{\"@type\":\"ReadAction\",\"target\":[\"https:\/\/www.edwardsmay.eu\/fr\/produit\/european-waterways-map-and-directory-6th-edition\/\"]}]},{\"@type\":\"BreadcrumbList\",\"@id\":\"https:\/\/www.edwardsmay.eu\/fr\/produit\/european-waterways-map-and-directory-6th-edition\/#breadcrumb\",\"itemListElement\":[{\"@type\":\"ListItem\",\"position\":1,\"name\":\"Home\",\"item\":\"https:\/\/www.edwardsmay.eu\/fr\/\"},{\"@type\":\"ListItem\",\"position\":2,\"name\":\"Shop\",\"item\":\"https:\/\/www.edwardsmay.eu\/fr\/boutique\/\"},{\"@type\":\"ListItem\",\"position\":3,\"name\":\"European Waterways Map and Directory, 6th edition\"}]},{\"@type\":\"WebSite\",\"@id\":\"https:\/\/www.edwardsmay.eu\/fr\/#website\",\"url\":\"https:\/\/www.edwardsmay.eu\/fr\/\",\"name\":\"Edwards-May Publications\",\"description\":\"\",\"potentialAction\":[{\"@type\":\"SearchAction\",\"target\":{\"@type\":\"EntryPoint\",\"urlTemplate\":\"https:\/\/www.edwardsmay.eu\/fr\/?s={search_term_string}\"},\"query-input\":\"required name=search_term_string\"}],\"inLanguage\":\"fr-FR\"}]}<\/script>\n<!-- \/ Yoast SEO plugin. -->","yoast_head_json":{"title":"European Waterways Map and Directory, 6th edition - Edwards-May Publications","description":"6e \u00e9dition de la carte d\u00e9taill\u00e9e des voies navigables dans toute l'Europe, avec un \u00e9tat descriptif du r\u00e9seau fluvial dans chaque pays","robots":{"index":"index","follow":"follow","max-snippet":"max-snippet:-1","max-image-preview":"max-image-preview:large","max-video-preview":"max-video-preview:-1"},"canonical":"https:\/\/www.edwardsmay.eu\/fr\/produit\/european-waterways-map-and-directory-6th-edition\/","og_locale":"fr_FR","og_type":"article","og_title":"European Waterways Map and Directory, 6th edition - Edwards-May Publications","og_description":"6e \u00e9dition de la carte d\u00e9taill\u00e9e des voies navigables dans toute l'Europe, avec un \u00e9tat descriptif du r\u00e9seau fluvial dans chaque pays","og_url":"https:\/\/www.edwardsmay.eu\/fr\/produit\/european-waterways-map-and-directory-6th-edition\/","og_site_name":"Edwards-May Publications","article_modified_time":"2022-12-16T19:03:10+00:00","og_image":[{"width":1000,"height":1611,"url":"https:\/\/www.edwardsmay.eu\/app\/uploads\/2016\/01\/cover-europe-6th.jpg","type":"image\/jpeg"}],"twitter_card":"summary_large_image","twitter_misc":{"Dur\u00e9e de lecture estim\u00e9e":"1 minute"},"schema":{"@context":"https:\/\/schema.org","@graph":[{"@type":"WebPage","@id":"https:\/\/www.edwardsmay.eu\/fr\/produit\/european-waterways-map-and-directory-6th-edition\/","url":"https:\/\/www.edwardsmay.eu\/fr\/produit\/european-waterways-map-and-directory-6th-edition\/","name":"European Waterways Map and Directory, 6th edition - Edwards-May Publications","isPartOf":{"@id":"https:\/\/www.edwardsmay.eu\/fr\/#website"},"datePublished":"2016-01-08T09:17:14+00:00","dateModified":"2022-12-16T19:03:10+00:00","description":"6e \u00e9dition de la carte d\u00e9taill\u00e9e des voies navigables dans toute l'Europe, avec un \u00e9tat descriptif du r\u00e9seau fluvial dans chaque pays","breadcrumb":{"@id":"https:\/\/www.edwardsmay.eu\/fr\/produit\/european-waterways-map-and-directory-6th-edition\/#breadcrumb"},"inLanguage":"fr-FR","potentialAction":[{"@type":"ReadAction","target":["https:\/\/www.edwardsmay.eu\/fr\/produit\/european-waterways-map-and-directory-6th-edition\/"]}]},{"@type":"BreadcrumbList","@id":"https:\/\/www.edwardsmay.eu\/fr\/produit\/european-waterways-map-and-directory-6th-edition\/#breadcrumb","itemListElement":[{"@type":"ListItem","position":1,"name":"Home","item":"https:\/\/www.edwardsmay.eu\/fr\/"},{"@type":"ListItem","position":2,"name":"Shop","item":"https:\/\/www.edwardsmay.eu\/fr\/boutique\/"},{"@type":"ListItem","position":3,"name":"European Waterways Map and Directory, 6th edition"}]},{"@type":"WebSite","@id":"https:\/\/www.edwardsmay.eu\/fr\/#website","url":"https:\/\/www.edwardsmay.eu\/fr\/","name":"Edwards-May Publications","description":"","potentialAction":[{"@type":"SearchAction","target":{"@type":"EntryPoint","urlTemplate":"https:\/\/www.edwardsmay.eu\/fr\/?s={search_term_string}"},"query-input":"required name=search_term_string"}],"inLanguage":"fr-FR"}]}},"_links":{"self":[{"href":"https:\/\/www.edwardsmay.eu\/fr\/wp-json\/wp\/v2\/product\/444"}],"collection":[{"href":"https:\/\/www.edwardsmay.eu\/fr\/wp-json\/wp\/v2\/product"}],"about":[{"href":"https:\/\/www.edwardsmay.eu\/fr\/wp-json\/wp\/v2\/types\/product"}],"replies":[{"embeddable":true,"href":"https:\/\/www.edwardsmay.eu\/fr\/wp-json\/wp\/v2\/comments?post=444"}],"wp:featuredmedia":[{"embeddable":true,"href":"https:\/\/www.edwardsmay.eu\/fr\/wp-json\/wp\/v2\/media\/1078"}],"wp:attachment":[{"href":"https:\/\/www.edwardsmay.eu\/fr\/wp-json\/wp\/v2\/media?parent=444"}],"wp:term":[{"taxonomy":"product_cat","embeddable":true,"href":"https:\/\/www.edwardsmay.eu\/fr\/wp-json\/wp\/v2\/product_cat?post=444"},{"taxonomy":"product_tag","embeddable":true,"href":"https:\/\/www.edwardsmay.eu\/fr\/wp-json\/wp\/v2\/product_tag?post=444"}],"curies":[{"name":"wp","href":"https:\/\/api.w.org\/{rel}","templated":true}]}}