{"id":446,"date":"2016-01-08T09:24:46","date_gmt":"2016-01-08T09:24:46","guid":{"rendered":"http:\/\/www.transmanche.net\/fr\/produit\/map-of-european-waterways\/"},"modified":"2022-12-26T10:39:50","modified_gmt":"2022-12-26T10:39:50","slug":"map-of-european-waterways","status":"publish","type":"product","link":"https:\/\/www.edwardsmay.eu\/fr\/produit\/map-of-european-waterways\/","title":{"rendered":"Carte des Voies Navigables d&rsquo;Europe, Poster"},"content":{"rendered":"<div align=\"left\"><a href=\"http:\/\/www.edwardsmay.eu\/app\/uploads\/2016\/01\/europe-2015-poster-extrait.jpg\" rel=\"attachment wp-att-663\"><img decoding=\"async\" loading=\"lazy\" class=\"alignright size-medium wp-image-663\" src=\"http:\/\/www.edwardsmay.eu\/app\/uploads\/2016\/01\/europe-2015-poster-extrait-184x300.jpg\" alt=\"europe-2015-poster-extrait\" width=\"184\" height=\"300\" srcset=\"https:\/\/www.edwardsmay.eu\/app\/uploads\/2016\/01\/europe-2015-poster-extrait-184x300.jpg 184w, https:\/\/www.edwardsmay.eu\/app\/uploads\/2016\/01\/europe-2015-poster-extrait-245x400.jpg 245w, https:\/\/www.edwardsmay.eu\/app\/uploads\/2016\/01\/europe-2015-poster-extrait-246x400.jpg 246w, https:\/\/www.edwardsmay.eu\/app\/uploads\/2016\/01\/europe-2015-poster-extrait.jpg 338w\" sizes=\"(max-width: 184px) 100vw, 184px\" \/><\/a>Cette carte est la m\u00eame que celle qui est pli\u00e9e et ins\u00e9r\u00e9e dans le livret descriptif du r\u00e9seau fluvial europ\u00e9en (6e \u00e9dition, 2021).<\/div>\n<div align=\"left\">Dimensions 1210 x 870 mm<\/div>\n<div align=\"left\">Face : l&rsquo;Europe de l&rsquo;Irlande et du Portugal jusqu&rsquo;\u00e0 la Mer Caspienne, \u00e9chelle 1\/3 7500 000.<\/div>\n<div align=\"left\">Agrandissement au verso, couvrant l&rsquo;Europe de Dublin jusqu&rsquo;\u00e0 Bratislava sur le Danube.<br \/>\u00c9chelle de 1:1 750 000.<\/div>\n<div align=\"left\">Un encart donne le d\u00e9tail du r\u00e9seau fluvial des Pays-Bas, de la Belgique et du Nord de la France \u00e0 l&rsquo;\u00e9chelle de 1:1 000 000. Le d\u00e9tail est suffisant pour planifier des croisi\u00e8res.<\/div>\n<div align=\"left\">Carte imprim\u00e9e sur un papier de grande qualit\u00e9, r\u00e9sistant au d\u00e9chirage.<\/div>\n","protected":false},"excerpt":{"rendered":"<p>6e \u00e9dition de la seule carte qui permet de visualiser la totalit\u00e9 du r\u00e9seau fluvial europ\u00e9en, \u00e0 deux \u00e9chelles (imprim\u00e9e recto et verso). La carte est soutenue (et exploit\u00e9e) par les principaux gestionnaires de la voie d&rsquo;eau, et par l&rsquo;industrie du\u00a0transport fluvial. Fournie sous rouleau.<\/p>\n","protected":false},"featured_media":1296,"comment_status":"closed","ping_status":"closed","template":"","meta":{"_et_pb_use_builder":"","_et_pb_old_content":"","_et_gb_content_width":""},"product_cat":[50,33],"product_tag":[16,17,54,18],"yoast_head":"<!-- This site is optimized with the Yoast SEO plugin v21.2 - https:\/\/yoast.com\/wordpress\/plugins\/seo\/ -->\n<title>Carte des Voies Navigables d&#039;Europe, Poster - Edwards-May Publications<\/title>\n<meta name=\"robots\" content=\"index, follow, max-snippet:-1, max-image-preview:large, max-video-preview:-1\" \/>\n<link rel=\"canonical\" href=\"https:\/\/www.edwardsmay.eu\/fr\/produit\/map-of-european-waterways\/\" \/>\n<meta property=\"og:locale\" content=\"fr_FR\" \/>\n<meta property=\"og:type\" content=\"article\" \/>\n<meta property=\"og:title\" content=\"Carte des Voies Navigables d&#039;Europe, Poster - Edwards-May Publications\" \/>\n<meta property=\"og:description\" content=\"6e \u00e9dition de la seule carte qui permet de visualiser la totalit\u00e9 du r\u00e9seau fluvial europ\u00e9en, \u00e0 deux \u00e9chelles (imprim\u00e9e recto et verso). La carte est soutenue (et exploit\u00e9e) par les principaux gestionnaires de la voie d&#039;eau, et par l&#039;industrie du\u00a0transport fluvial. Fournie sous rouleau.\" \/>\n<meta property=\"og:url\" content=\"https:\/\/www.edwardsmay.eu\/fr\/produit\/map-of-european-waterways\/\" \/>\n<meta property=\"og:site_name\" content=\"Edwards-May Publications\" \/>\n<meta property=\"article:modified_time\" content=\"2022-12-26T10:39:50+00:00\" \/>\n<meta property=\"og:image\" content=\"https:\/\/www.edwardsmay.eu\/app\/uploads\/2016\/01\/europe-extract-side-A.png\" \/>\n\t<meta property=\"og:image:width\" content=\"1560\" \/>\n\t<meta property=\"og:image:height\" content=\"1496\" \/>\n\t<meta property=\"og:image:type\" content=\"image\/png\" \/>\n<meta name=\"twitter:card\" content=\"summary_large_image\" \/>\n<meta name=\"twitter:label1\" content=\"Dur\u00e9e de lecture estim\u00e9e\" \/>\n\t<meta name=\"twitter:data1\" content=\"1 minute\" \/>\n<script type=\"application\/ld+json\" class=\"yoast-schema-graph\">{\"@context\":\"https:\/\/schema.org\",\"@graph\":[{\"@type\":\"WebPage\",\"@id\":\"https:\/\/www.edwardsmay.eu\/fr\/produit\/map-of-european-waterways\/\",\"url\":\"https:\/\/www.edwardsmay.eu\/fr\/produit\/map-of-european-waterways\/\",\"name\":\"Carte des Voies Navigables d'Europe, Poster - Edwards-May Publications\",\"isPartOf\":{\"@id\":\"https:\/\/www.edwardsmay.eu\/fr\/#website\"},\"datePublished\":\"2016-01-08T09:24:46+00:00\",\"dateModified\":\"2022-12-26T10:39:50+00:00\",\"breadcrumb\":{\"@id\":\"https:\/\/www.edwardsmay.eu\/fr\/produit\/map-of-european-waterways\/#breadcrumb\"},\"inLanguage\":\"fr-FR\",\"potentialAction\":[{\"@type\":\"ReadAction\",\"target\":[\"https:\/\/www.edwardsmay.eu\/fr\/produit\/map-of-european-waterways\/\"]}]},{\"@type\":\"BreadcrumbList\",\"@id\":\"https:\/\/www.edwardsmay.eu\/fr\/produit\/map-of-european-waterways\/#breadcrumb\",\"itemListElement\":[{\"@type\":\"ListItem\",\"position\":1,\"name\":\"Home\",\"item\":\"https:\/\/www.edwardsmay.eu\/fr\/\"},{\"@type\":\"ListItem\",\"position\":2,\"name\":\"Shop\",\"item\":\"https:\/\/www.edwardsmay.eu\/fr\/boutique\/\"},{\"@type\":\"ListItem\",\"position\":3,\"name\":\"Carte des Voies Navigables d&rsquo;Europe, Poster\"}]},{\"@type\":\"WebSite\",\"@id\":\"https:\/\/www.edwardsmay.eu\/fr\/#website\",\"url\":\"https:\/\/www.edwardsmay.eu\/fr\/\",\"name\":\"Edwards-May Publications\",\"description\":\"\",\"potentialAction\":[{\"@type\":\"SearchAction\",\"target\":{\"@type\":\"EntryPoint\",\"urlTemplate\":\"https:\/\/www.edwardsmay.eu\/fr\/?s={search_term_string}\"},\"query-input\":\"required name=search_term_string\"}],\"inLanguage\":\"fr-FR\"}]}<\/script>\n<!-- \/ Yoast SEO plugin. -->","yoast_head_json":{"title":"Carte des Voies Navigables d'Europe, Poster - Edwards-May Publications","robots":{"index":"index","follow":"follow","max-snippet":"max-snippet:-1","max-image-preview":"max-image-preview:large","max-video-preview":"max-video-preview:-1"},"canonical":"https:\/\/www.edwardsmay.eu\/fr\/produit\/map-of-european-waterways\/","og_locale":"fr_FR","og_type":"article","og_title":"Carte des Voies Navigables d'Europe, Poster - Edwards-May Publications","og_description":"6e \u00e9dition de la seule carte qui permet de visualiser la totalit\u00e9 du r\u00e9seau fluvial europ\u00e9en, \u00e0 deux \u00e9chelles (imprim\u00e9e recto et verso). La carte est soutenue (et exploit\u00e9e) par les principaux gestionnaires de la voie d'eau, et par l'industrie du\u00a0transport fluvial. Fournie sous rouleau.","og_url":"https:\/\/www.edwardsmay.eu\/fr\/produit\/map-of-european-waterways\/","og_site_name":"Edwards-May Publications","article_modified_time":"2022-12-26T10:39:50+00:00","og_image":[{"width":1560,"height":1496,"url":"https:\/\/www.edwardsmay.eu\/app\/uploads\/2016\/01\/europe-extract-side-A.png","type":"image\/png"}],"twitter_card":"summary_large_image","twitter_misc":{"Dur\u00e9e de lecture estim\u00e9e":"1 minute"},"schema":{"@context":"https:\/\/schema.org","@graph":[{"@type":"WebPage","@id":"https:\/\/www.edwardsmay.eu\/fr\/produit\/map-of-european-waterways\/","url":"https:\/\/www.edwardsmay.eu\/fr\/produit\/map-of-european-waterways\/","name":"Carte des Voies Navigables d'Europe, Poster - Edwards-May Publications","isPartOf":{"@id":"https:\/\/www.edwardsmay.eu\/fr\/#website"},"datePublished":"2016-01-08T09:24:46+00:00","dateModified":"2022-12-26T10:39:50+00:00","breadcrumb":{"@id":"https:\/\/www.edwardsmay.eu\/fr\/produit\/map-of-european-waterways\/#breadcrumb"},"inLanguage":"fr-FR","potentialAction":[{"@type":"ReadAction","target":["https:\/\/www.edwardsmay.eu\/fr\/produit\/map-of-european-waterways\/"]}]},{"@type":"BreadcrumbList","@id":"https:\/\/www.edwardsmay.eu\/fr\/produit\/map-of-european-waterways\/#breadcrumb","itemListElement":[{"@type":"ListItem","position":1,"name":"Home","item":"https:\/\/www.edwardsmay.eu\/fr\/"},{"@type":"ListItem","position":2,"name":"Shop","item":"https:\/\/www.edwardsmay.eu\/fr\/boutique\/"},{"@type":"ListItem","position":3,"name":"Carte des Voies Navigables d&rsquo;Europe, Poster"}]},{"@type":"WebSite","@id":"https:\/\/www.edwardsmay.eu\/fr\/#website","url":"https:\/\/www.edwardsmay.eu\/fr\/","name":"Edwards-May Publications","description":"","potentialAction":[{"@type":"SearchAction","target":{"@type":"EntryPoint","urlTemplate":"https:\/\/www.edwardsmay.eu\/fr\/?s={search_term_string}"},"query-input":"required name=search_term_string"}],"inLanguage":"fr-FR"}]}},"_links":{"self":[{"href":"https:\/\/www.edwardsmay.eu\/fr\/wp-json\/wp\/v2\/product\/446"}],"collection":[{"href":"https:\/\/www.edwardsmay.eu\/fr\/wp-json\/wp\/v2\/product"}],"about":[{"href":"https:\/\/www.edwardsmay.eu\/fr\/wp-json\/wp\/v2\/types\/product"}],"replies":[{"embeddable":true,"href":"https:\/\/www.edwardsmay.eu\/fr\/wp-json\/wp\/v2\/comments?post=446"}],"wp:featuredmedia":[{"embeddable":true,"href":"https:\/\/www.edwardsmay.eu\/fr\/wp-json\/wp\/v2\/media\/1296"}],"wp:attachment":[{"href":"https:\/\/www.edwardsmay.eu\/fr\/wp-json\/wp\/v2\/media?parent=446"}],"wp:term":[{"taxonomy":"product_cat","embeddable":true,"href":"https:\/\/www.edwardsmay.eu\/fr\/wp-json\/wp\/v2\/product_cat?post=446"},{"taxonomy":"product_tag","embeddable":true,"href":"https:\/\/www.edwardsmay.eu\/fr\/wp-json\/wp\/v2\/product_tag?post=446"}],"curies":[{"name":"wp","href":"https:\/\/api.w.org\/{rel}","templated":true}]}}