{"id":481,"date":"2016-01-08T13:14:49","date_gmt":"2016-01-08T13:14:49","guid":{"rendered":"http:\/\/www.transmanche.net\/fr\/produit\/canals-and-navigable-rivers-of-southern-france\/"},"modified":"2016-03-03T15:57:04","modified_gmt":"2016-03-03T15:57:04","slug":"canals-and-navigable-rivers-of-southern-france","status":"publish","type":"product","link":"https:\/\/www.edwardsmay.eu\/fr\/produit\/canals-and-navigable-rivers-of-southern-france\/","title":{"rendered":"Canaux et Rivi\u00e8res du Sud de la France"},"content":{"rendered":"<div align=\"left\">\n<p><strong>Guide par Tom Grasso et David Edwards-May<\/strong><\/p>\n<p><strong>Guide en anglais &#8211; pdf \u00e0 t\u00e9l\u00e9charger &#8211; 54 pages<\/strong><\/p>\n<p>The World Canals Conference in Toulouse, September 16-19, provided the opportunity to return to the Canal du Midi, Canal de Garonne and the canalized rivers of South-West France, first visited in 2002. The tour is designed to allow the most remarkable waterway structures to be visited during a relatively short stay in France.<\/p>\n<p>This illustrated tour guide, researched in a wide range of disciplines, from geology to mechanical engineering, from the history of urban settlement to the issues facing Europe&rsquo;s waterways in the 21st century, will be an invaluable companion for anybody wishing to make this land tour, including boat excursions at many sites.<\/p>\n<p>(Paper copy available on demand, cost \u20ac50 for one-off digital printing)<\/p>\n<\/div>\n","protected":false},"excerpt":{"rendered":"<p>\u00a0<\/p>\n<p>Guide illustr\u00e9 des canaux et rivi\u00e8res navigables. G\u00e9ologie, histoire, principaux sites \u00e0 visiter, description des ouvrages, analyses. Le Sud de la France \u00abfluvial\u00bb par Tom Grasso et David Edwards-May.<\/p>\n","protected":false},"featured_media":505,"comment_status":"closed","ping_status":"closed","template":"","meta":{"_et_pb_use_builder":"","_et_pb_old_content":"","_et_gb_content_width":""},"product_cat":[50],"product_tag":[36,53,18],"yoast_head":"<!-- This site is optimized with the Yoast SEO plugin v21.2 - https:\/\/yoast.com\/wordpress\/plugins\/seo\/ -->\n<title>Canaux et Rivi\u00e8res du Sud de la France - Edwards-May Publications<\/title>\n<meta name=\"description\" content=\"Comprehensive guide to a road tour to major sites on the Canal du Midi and navigable rivers of Southern France, by Thomas X. Grasso and David Edwards-May\" \/>\n<meta name=\"robots\" content=\"index, follow, max-snippet:-1, max-image-preview:large, max-video-preview:-1\" \/>\n<link rel=\"canonical\" href=\"https:\/\/www.edwardsmay.eu\/fr\/produit\/canals-and-navigable-rivers-of-southern-france\/\" \/>\n<meta property=\"og:locale\" content=\"fr_FR\" \/>\n<meta property=\"og:type\" content=\"article\" \/>\n<meta property=\"og:title\" content=\"Canaux et Rivi\u00e8res du Sud de la France - Edwards-May Publications\" \/>\n<meta property=\"og:description\" content=\"Comprehensive guide to a road tour to major sites on the Canal du Midi and navigable rivers of Southern France, by Thomas X. Grasso and David Edwards-May\" \/>\n<meta property=\"og:url\" content=\"https:\/\/www.edwardsmay.eu\/fr\/produit\/canals-and-navigable-rivers-of-southern-france\/\" \/>\n<meta property=\"og:site_name\" content=\"Edwards-May Publications\" \/>\n<meta property=\"article:modified_time\" content=\"2016-03-03T15:57:04+00:00\" \/>\n<meta property=\"og:image\" content=\"https:\/\/www.edwardsmay.eu\/app\/uploads\/2016\/01\/South_France-Cover.jpg\" \/>\n\t<meta property=\"og:image:width\" content=\"345\" \/>\n\t<meta property=\"og:image:height\" content=\"564\" \/>\n\t<meta property=\"og:image:type\" content=\"image\/jpeg\" \/>\n<meta name=\"twitter:card\" content=\"summary_large_image\" \/>\n<meta name=\"twitter:label1\" content=\"Dur\u00e9e de lecture estim\u00e9e\" \/>\n\t<meta name=\"twitter:data1\" content=\"1 minute\" \/>\n<script type=\"application\/ld+json\" class=\"yoast-schema-graph\">{\"@context\":\"https:\/\/schema.org\",\"@graph\":[{\"@type\":\"WebPage\",\"@id\":\"https:\/\/www.edwardsmay.eu\/fr\/produit\/canals-and-navigable-rivers-of-southern-france\/\",\"url\":\"https:\/\/www.edwardsmay.eu\/fr\/produit\/canals-and-navigable-rivers-of-southern-france\/\",\"name\":\"Canaux et Rivi\u00e8res du Sud de la France - Edwards-May Publications\",\"isPartOf\":{\"@id\":\"https:\/\/www.edwardsmay.eu\/fr\/#website\"},\"datePublished\":\"2016-01-08T13:14:49+00:00\",\"dateModified\":\"2016-03-03T15:57:04+00:00\",\"description\":\"Comprehensive guide to a road tour to major sites on the Canal du Midi and navigable rivers of Southern France, by Thomas X. Grasso and David Edwards-May\",\"breadcrumb\":{\"@id\":\"https:\/\/www.edwardsmay.eu\/fr\/produit\/canals-and-navigable-rivers-of-southern-france\/#breadcrumb\"},\"inLanguage\":\"fr-FR\",\"potentialAction\":[{\"@type\":\"ReadAction\",\"target\":[\"https:\/\/www.edwardsmay.eu\/fr\/produit\/canals-and-navigable-rivers-of-southern-france\/\"]}]},{\"@type\":\"BreadcrumbList\",\"@id\":\"https:\/\/www.edwardsmay.eu\/fr\/produit\/canals-and-navigable-rivers-of-southern-france\/#breadcrumb\",\"itemListElement\":[{\"@type\":\"ListItem\",\"position\":1,\"name\":\"Home\",\"item\":\"https:\/\/www.edwardsmay.eu\/fr\/\"},{\"@type\":\"ListItem\",\"position\":2,\"name\":\"Shop\",\"item\":\"https:\/\/www.edwardsmay.eu\/fr\/boutique\/\"},{\"@type\":\"ListItem\",\"position\":3,\"name\":\"Canaux et Rivi\u00e8res du Sud de la France\"}]},{\"@type\":\"WebSite\",\"@id\":\"https:\/\/www.edwardsmay.eu\/fr\/#website\",\"url\":\"https:\/\/www.edwardsmay.eu\/fr\/\",\"name\":\"Edwards-May Publications\",\"description\":\"\",\"potentialAction\":[{\"@type\":\"SearchAction\",\"target\":{\"@type\":\"EntryPoint\",\"urlTemplate\":\"https:\/\/www.edwardsmay.eu\/fr\/?s={search_term_string}\"},\"query-input\":\"required name=search_term_string\"}],\"inLanguage\":\"fr-FR\"}]}<\/script>\n<!-- \/ Yoast SEO plugin. -->","yoast_head_json":{"title":"Canaux et Rivi\u00e8res du Sud de la France - Edwards-May Publications","description":"Comprehensive guide to a road tour to major sites on the Canal du Midi and navigable rivers of Southern France, by Thomas X. Grasso and David Edwards-May","robots":{"index":"index","follow":"follow","max-snippet":"max-snippet:-1","max-image-preview":"max-image-preview:large","max-video-preview":"max-video-preview:-1"},"canonical":"https:\/\/www.edwardsmay.eu\/fr\/produit\/canals-and-navigable-rivers-of-southern-france\/","og_locale":"fr_FR","og_type":"article","og_title":"Canaux et Rivi\u00e8res du Sud de la France - Edwards-May Publications","og_description":"Comprehensive guide to a road tour to major sites on the Canal du Midi and navigable rivers of Southern France, by Thomas X. Grasso and David Edwards-May","og_url":"https:\/\/www.edwardsmay.eu\/fr\/produit\/canals-and-navigable-rivers-of-southern-france\/","og_site_name":"Edwards-May Publications","article_modified_time":"2016-03-03T15:57:04+00:00","og_image":[{"width":345,"height":564,"url":"https:\/\/www.edwardsmay.eu\/app\/uploads\/2016\/01\/South_France-Cover.jpg","type":"image\/jpeg"}],"twitter_card":"summary_large_image","twitter_misc":{"Dur\u00e9e de lecture estim\u00e9e":"1 minute"},"schema":{"@context":"https:\/\/schema.org","@graph":[{"@type":"WebPage","@id":"https:\/\/www.edwardsmay.eu\/fr\/produit\/canals-and-navigable-rivers-of-southern-france\/","url":"https:\/\/www.edwardsmay.eu\/fr\/produit\/canals-and-navigable-rivers-of-southern-france\/","name":"Canaux et Rivi\u00e8res du Sud de la France - Edwards-May Publications","isPartOf":{"@id":"https:\/\/www.edwardsmay.eu\/fr\/#website"},"datePublished":"2016-01-08T13:14:49+00:00","dateModified":"2016-03-03T15:57:04+00:00","description":"Comprehensive guide to a road tour to major sites on the Canal du Midi and navigable rivers of Southern France, by Thomas X. Grasso and David Edwards-May","breadcrumb":{"@id":"https:\/\/www.edwardsmay.eu\/fr\/produit\/canals-and-navigable-rivers-of-southern-france\/#breadcrumb"},"inLanguage":"fr-FR","potentialAction":[{"@type":"ReadAction","target":["https:\/\/www.edwardsmay.eu\/fr\/produit\/canals-and-navigable-rivers-of-southern-france\/"]}]},{"@type":"BreadcrumbList","@id":"https:\/\/www.edwardsmay.eu\/fr\/produit\/canals-and-navigable-rivers-of-southern-france\/#breadcrumb","itemListElement":[{"@type":"ListItem","position":1,"name":"Home","item":"https:\/\/www.edwardsmay.eu\/fr\/"},{"@type":"ListItem","position":2,"name":"Shop","item":"https:\/\/www.edwardsmay.eu\/fr\/boutique\/"},{"@type":"ListItem","position":3,"name":"Canaux et Rivi\u00e8res du Sud de la France"}]},{"@type":"WebSite","@id":"https:\/\/www.edwardsmay.eu\/fr\/#website","url":"https:\/\/www.edwardsmay.eu\/fr\/","name":"Edwards-May Publications","description":"","potentialAction":[{"@type":"SearchAction","target":{"@type":"EntryPoint","urlTemplate":"https:\/\/www.edwardsmay.eu\/fr\/?s={search_term_string}"},"query-input":"required name=search_term_string"}],"inLanguage":"fr-FR"}]}},"_links":{"self":[{"href":"https:\/\/www.edwardsmay.eu\/fr\/wp-json\/wp\/v2\/product\/481"}],"collection":[{"href":"https:\/\/www.edwardsmay.eu\/fr\/wp-json\/wp\/v2\/product"}],"about":[{"href":"https:\/\/www.edwardsmay.eu\/fr\/wp-json\/wp\/v2\/types\/product"}],"replies":[{"embeddable":true,"href":"https:\/\/www.edwardsmay.eu\/fr\/wp-json\/wp\/v2\/comments?post=481"}],"wp:featuredmedia":[{"embeddable":true,"href":"https:\/\/www.edwardsmay.eu\/fr\/wp-json\/wp\/v2\/media\/505"}],"wp:attachment":[{"href":"https:\/\/www.edwardsmay.eu\/fr\/wp-json\/wp\/v2\/media?parent=481"}],"wp:term":[{"taxonomy":"product_cat","embeddable":true,"href":"https:\/\/www.edwardsmay.eu\/fr\/wp-json\/wp\/v2\/product_cat?post=481"},{"taxonomy":"product_tag","embeddable":true,"href":"https:\/\/www.edwardsmay.eu\/fr\/wp-json\/wp\/v2\/product_tag?post=481"}],"curies":[{"name":"wp","href":"https:\/\/api.w.org\/{rel}","templated":true}]}}